{"id":673,"date":"2023-11-28T14:24:52","date_gmt":"2023-11-28T13:24:52","guid":{"rendered":"https:\/\/janusdesign.org\/?page_id=673"},"modified":"2024-10-03T14:39:30","modified_gmt":"2024-10-03T12:39:30","slug":"le-jury-des-janus","status":"publish","type":"page","link":"https:\/\/janusdesign.org\/zh\/\u7834\u5929\u8352\u966a\u5ba1\u56e2\/","title":{"rendered":"\u96c5\u52aa\u65af\u966a\u5ba1\u56e2"},"content":{"rendered":"<div data-elementor-type=\"wp-page\" data-elementor-id=\"673\" class=\"elementor elementor-673\" data-elementor-post-type=\"page\">\n\t\t\t\t<div class=\"elementor-element elementor-element-42d5f9c e-con-full e-flex e-con e-parent\" data-id=\"42d5f9c\" data-element_type=\"container\">\n\t\t\t\t<div class=\"elementor-element elementor-element-2c8483a elementor-widget elementor-widget-spacer\" data-id=\"2c8483a\" data-element_type=\"widget\" data-widget_type=\"spacer.default\">\n\t\t\t\t<div class=\"elementor-widget-container\">\n\t\t\t\t\t<div class=\"elementor-spacer\">\n\t\t\t<div class=\"elementor-spacer-inner\"><\/div>\n\t\t<\/div>\n\t\t\t\t<\/div>\n\t\t\t\t<\/div>\n\t\t\t\t<div class=\"elementor-element elementor-element-317ae7f1 elementor-widget__width-initial elementor-widget-mobile__width-inherit premium-title-icon-row premium-title-color elementor-widget elementor-widget-premium-addon-title\" data-id=\"317ae7f1\" data-element_type=\"widget\" data-widget_type=\"premium-addon-title.default\">\n\t\t\t\t<div class=\"elementor-widget-container\">\n\t\t\t\n\t\t<div class=\"premium-title-container style7\">\n\t\t\t<h4 class=\"premium-title-header premium-title-style7\">\n\t\t\t\t\t\t\t\t\t\t\t\t\t\t\t<span class=\"premium-title-style7-stripe-wrap\">\n\t\t\t\t\t\t\t<span class=\"premium-title-style7-stripe\"><\/span>\n\t\t\t\t\t\t<\/span>\n\t\t\t\t\t\t\t\t\t\t<div class=\"premium-title-style7-inner\">\n\t\t\t\t\n\t\t\t\t\t\t\t\t\t\t\t\t\t\t\t\t\t\t\t\t\t\t<img decoding=\"async\" class=\"premium-title-icon\" src=\"https:\/\/janusdesign.org\/wp-content\/uploads\/2024\/09\/noun-telescope-7185524.png\" alt=\"noun-telescope-7185524\"><\/span>\n\t\t\t\t\t\t\t\t\t\t\t\t\t\t\t\n\t\t\t\t\t\t\t\t\t\t\t\t\t\t\t\t\t\t\t\t\t<span class=\"premium-title-text\" >\n\t\t\t\t\tJANUS \u8bc4\u5ba1\u59d4\u5458\u4f1a\t\t\t\t<\/span>\n\t\t\t\t\t\n\t\t\t\t\t\t\t\t\t<\/div>\n\t\t\t\t\t\t\t\t\t\t\t<\/h4>\n\t\t<\/div>\n\n\t\t\t\t<\/div>\n\t\t\t\t<\/div>\n\t\t\t\t<\/div>\n\t\t<div class=\"elementor-element elementor-element-fbd76c6 e-con-full elementor-hidden-tablet elementor-hidden-mobile e-flex e-con e-parent\" data-id=\"fbd76c6\" data-element_type=\"container\">\n\t\t\t\t<div class=\"elementor-element elementor-element-58e12317 premium-nav-hor premium-nav-none premium-ham-dropdown elementor-widget elementor-widget-premium-nav-menu\" data-id=\"58e12317\" data-element_type=\"widget\" data-settings=\"{&quot;submenu_icon&quot;:{&quot;value&quot;:&quot;fas fa-angle-down&quot;,&quot;library&quot;:&quot;fa-solid&quot;},&quot;submenu_item_icon&quot;:{&quot;value&quot;:&quot;&quot;,&quot;library&quot;:&quot;&quot;}}\" data-widget_type=\"premium-nav-menu.default\">\n\t\t\t\t<div class=\"elementor-widget-container\">\n\t\t\t\t\t\t<div data-settings=\"{&quot;breakpoint&quot;:1024,&quot;mobileLayout&quot;:&quot;dropdown&quot;,&quot;mainLayout&quot;:&quot;hor&quot;,&quot;stretchDropdown&quot;:false,&quot;hoverEffect&quot;:&quot;&quot;,&quot;submenuEvent&quot;:&quot;hover&quot;,&quot;submenuTrigger&quot;:null,&quot;closeAfterClick&quot;:false}\" class=\"premium-nav-widget-container premium-nav-pointer-none\" style=\"visibility:hidden; opacity:0;\">\r\n\t\t\t\t<div class=\"premium-ver-inner-container\">\r\n\t\t\t\t\t<div class=\"premium-hamburger-toggle premium-mobile-menu-icon\" role=\"button\" aria-label=\"\u5207\u6362\u83dc\u5355\">\r\n\t\t\t\t\t\t<span class=\"premium-toggle-text\">\r\n\t\t\t\t\t\t\t<i aria-hidden=\"true\" class=\"fas fa-bars\"><\/i>\u83dc\u5355\t\t\t\t\t\t<\/span>\r\n\t\t\t\t\t\t<span class=\"premium-toggle-close\">\r\n\t\t\t\t\t\t\t<i aria-hidden=\"true\" class=\"fas fa-times\"><\/i>\u5173\u95ed\t\t\t\t\t\t<\/span>\r\n\t\t\t\t\t<\/div>\r\n\t\t\t\t\t\t\t\t\t\t\t\t<div class=\"premium-nav-menu-container premium-nav-default\">\r\n\t\t\t\t\t\t\t\t<ul id=\"menu-janus\" class=\"premium-nav-menu premium-main-nav-menu\"><li id=\"premium-nav-menu-item-3510\" class=\"menu-item menu-item-type-post_type menu-item-object-page premium-nav-menu-item\"><a href=\"https:\/\/janusdesign.org\/zh\/\u7b80\u7eb3\u65af\u6807\u7b7e\/\" class=\"premium-menu-link premium-menu-link-parent\">\u6807\u7b7e<\/a><\/li>\n<li id=\"premium-nav-menu-item-3509\" class=\"menu-item menu-item-type-post_type menu-item-object-page current-menu-item page_item page-item-673 current_page_item premium-nav-menu-item premium-active-item\"><a href=\"https:\/\/janusdesign.org\/zh\/\u7834\u5929\u8352\u966a\u5ba1\u56e2\/\" aria-current=\"page\" class=\"premium-menu-link premium-menu-link-parent\">\u966a\u5ba1\u56e2<\/a><\/li>\n<li id=\"premium-nav-menu-item-3511\" class=\"menu-item menu-item-type-post_type menu-item-object-page premium-nav-menu-item\"><a href=\"https:\/\/janusdesign.org\/zh\/\u7834\u98ce\u5b87\u5b99\/\" class=\"premium-menu-link premium-menu-link-parent\">\u5927\u5b66<\/a><\/li>\n<li id=\"premium-nav-menu-item-3508\" class=\"menu-item menu-item-type-post_type menu-item-object-page premium-nav-menu-item\"><a href=\"https:\/\/janusdesign.org\/zh\/\u7834\u51b0\u8239\u6307\u5357\/\" class=\"premium-menu-link premium-menu-link-parent\">\u6307\u5357<\/a><\/li>\n<\/ul>\t\t\t\t\t\t\t<\/div>\r\n\t\t\t\t\t\t\t\t\t\t\t\t\t\t<div class=\"premium-mobile-menu-container\">\r\n\t\t\t\t\t\t\t\t<ul id=\"menu-janus-1\" class=\"premium-mobile-menu premium-main-mobile-menu premium-main-nav-menu\"><li id=\"premium-nav-menu-item-35101\" class=\"menu-item menu-item-type-post_type menu-item-object-page premium-nav-menu-item\"><a href=\"https:\/\/janusdesign.org\/zh\/\u7b80\u7eb3\u65af\u6807\u7b7e\/\" class=\"premium-menu-link premium-menu-link-parent\">\u6807\u7b7e<\/a><\/li>\n<li id=\"premium-nav-menu-item-35092\" class=\"menu-item menu-item-type-post_type menu-item-object-page current-menu-item page_item page-item-673 current_page_item premium-nav-menu-item premium-active-item\"><a href=\"https:\/\/janusdesign.org\/zh\/\u7834\u5929\u8352\u966a\u5ba1\u56e2\/\" aria-current=\"page\" class=\"premium-menu-link premium-menu-link-parent\">\u966a\u5ba1\u56e2<\/a><\/li>\n<li id=\"premium-nav-menu-item-35113\" class=\"menu-item menu-item-type-post_type menu-item-object-page premium-nav-menu-item\"><a href=\"https:\/\/janusdesign.org\/zh\/\u7834\u98ce\u5b87\u5b99\/\" class=\"premium-menu-link premium-menu-link-parent\">\u5927\u5b66<\/a><\/li>\n<li id=\"premium-nav-menu-item-35084\" class=\"menu-item menu-item-type-post_type menu-item-object-page premium-nav-menu-item\"><a href=\"https:\/\/janusdesign.org\/zh\/\u7834\u51b0\u8239\u6307\u5357\/\" class=\"premium-menu-link premium-menu-link-parent\">\u6307\u5357<\/a><\/li>\n<\/ul>\t\t\t\t\t\t\t<\/div>\r\n\t\t\t\t\t\t\t\t\t\t\t<\/div>\r\n\t\t\t<\/div>\r\n\t\t\t\t<\/div>\n\t\t\t\t<\/div>\n\t\t\t\t<div class=\"elementor-element elementor-element-7f09dcd6 elementor-widget elementor-widget-spacer\" data-id=\"7f09dcd6\" data-element_type=\"widget\" data-widget_type=\"spacer.default\">\n\t\t\t\t<div class=\"elementor-widget-container\">\n\t\t\t\t\t<div class=\"elementor-spacer\">\n\t\t\t<div class=\"elementor-spacer-inner\"><\/div>\n\t\t<\/div>\n\t\t\t\t<\/div>\n\t\t\t\t<\/div>\n\t\t\t\t<\/div>\n\t\t<div class=\"elementor-element elementor-element-68da8ad e-con-full e-flex e-con e-parent\" data-id=\"68da8ad\" data-element_type=\"container\">\n\t\t\t\t<div class=\"elementor-element elementor-element-85ea02c elementor-widget__width-inherit elementor-invisible elementor-widget elementor-widget-heading\" data-id=\"85ea02c\" data-element_type=\"widget\" data-settings=\"{&quot;_animation&quot;:&quot;fadeInRight&quot;}\" data-widget_type=\"heading.default\">\n\t\t\t\t<div class=\"elementor-widget-container\">\n\t\t\t<h2 class=\"elementor-heading-title elementor-size-default\">\u72ec\u7acb\u6027\u548c\u591a\u5b66\u79d1\u6027<\/h2>\t\t<\/div>\n\t\t\t\t<\/div>\n\t\t<div class=\"elementor-element elementor-element-0a755e2 e-con-full e-flex e-con e-child\" data-id=\"0a755e2\" data-element_type=\"container\" data-settings=\"{&quot;background_background&quot;:&quot;classic&quot;}\">\n\t\t\t\t<div class=\"elementor-element elementor-element-3775a550 elementor-widget__width-initial elementor-widget elementor-widget-image\" data-id=\"3775a550\" data-element_type=\"widget\" data-widget_type=\"image.default\">\n\t\t\t\t<div class=\"elementor-widget-container\">\n\t\t\t\t\t\t\t\t\t\t\t\t\t<img fetchpriority=\"high\" decoding=\"async\" width=\"408\" height=\"187\" src=\"https:\/\/janusdesign.org\/wp-content\/uploads\/2024\/09\/jury.jpg\" class=\"attachment-full size-full wp-image-2715\" alt=\"\" srcset=\"https:\/\/janusdesign.org\/wp-content\/uploads\/2024\/09\/jury.jpg 408w, https:\/\/janusdesign.org\/wp-content\/uploads\/2024\/09\/jury-300x138.jpg 300w, https:\/\/janusdesign.org\/wp-content\/uploads\/2024\/09\/jury-18x8.jpg 18w, https:\/\/janusdesign.org\/wp-content\/uploads\/2024\/09\/jury-60x28.jpg 60w\" sizes=\"(max-width: 408px) 100vw, 408px\" \/>\t\t\t\t\t\t\t\t\t\t\t\t\t<\/div>\n\t\t\t\t<\/div>\n\t\t\t\t<\/div>\n\t\t\t\t<div class=\"elementor-element elementor-element-758e99b4 elementor-widget__width-initial elementor-widget-mobile__width-inherit elementor-widget elementor-widget-text-editor\" data-id=\"758e99b4\" data-element_type=\"widget\" data-widget_type=\"text-editor.default\">\n\t\t\t\t<div class=\"elementor-widget-container\">\n\t\t\t\t\t\t\t<p>\u8bc4\u5ba1\u56e2\u662f\u72ec\u7acb\u7684\uff0c\u6c47\u96c6\u4e86\u6765\u81ea\u4e0d\u540c\u80cc\u666f\u7684\u4e13\u5bb6\u89c2\u70b9\uff1a\u8bbe\u8ba1\u5e08\u3001\u5ba4\u5185\u5efa\u7b51\u5e08\u548c\u5efa\u7b51\u5e08\u3001\u5e73\u9762\u827a\u672f\u5bb6\u3001\u4ef7\u503c\u5206\u6790\u5e08\u3001\u4eba\u4f53\u5de5\u7a0b\u5b66\u4e13\u5bb6\u3001\u8425\u9500\u7ecf\u7406\u3001\u8bb0\u8005\u3001\u5386\u53f2\u5b66\u5bb6\uff0c\u4ee5\u53ca\u5e7f\u544a\u5546\u3001\u987e\u95ee\u548c\u4e13\u4e1a\u673a\u6784\u7684\u4ee3\u8868\u3002<\/p>\t\t\t\t\t\t<\/div>\n\t\t\t\t<\/div>\n\t\t<div class=\"elementor-element elementor-element-0aeac0d e-con-full e-flex e-con e-child\" data-id=\"0aeac0d\" data-element_type=\"container\">\n\t\t\t\t<div class=\"elementor-element elementor-element-533975c elementor-widget__width-inherit elementor-widget elementor-widget-text-editor\" data-id=\"533975c\" data-element_type=\"widget\" data-widget_type=\"text-editor.default\">\n\t\t\t\t<div class=\"elementor-widget-container\">\n\t\t\t\t\t\t\t<p><strong>\u57c3\u8482\u5b89-\u4e9a\u5386\u5c71\u5927<\/strong><br \/>\u6218\u7565\u54a8\u8be2\uff0cEADevelopment<\/p><p><strong>\u5361\u7433-\u5965\u4f2f\u5ef7<\/strong><br \/>\u5b9c\u5bb6\u5e02\u573a\u90e8\u5ba4\u5185\u8bbe\u8ba1\u5e08<\/p><p><strong>\u7f57\u5170-\u8d1d\u5c14<\/strong><br \/>\u8bbe\u8ba1\u5e08\uff0cAppCraft \u4e3b\u5e2d<\/p><p><strong>\u9a6c\u8482\u5384-\u5e03\u74e6\u9a6c\u96f7<\/strong><br \/>\u8bbe\u8ba1\u603b\u76d1\uff0c\u8fea\u5361\u4fac Inesis<\/p><p><strong>MARC BOURGOIS<\/strong><br \/>\u6218\u7565\u4e0e\u4f20\u64ad\u987e\u95ee<\/p><p><strong>Alexandra Bouthelier<\/strong><br \/>F\u00e9d\u00e9ration des Enseignes du Commerce Associ\u00e9 \u603b\u4ee3\u8868<\/p><p><strong>\u5965\u5229\u7ef4\u5c14-\u5e03\u62c9\u52a0\u5fb7<\/strong><br \/>\u9999\u5948\u513f\u56fd\u9645\u8425\u9500\u603b\u76d1<\/p><p><strong>R\u00c9MI BUN<\/strong><br \/>\u5efa\u7b51\u5e08\u548c\u5e03\u666f\u8bbe\u8ba1\u5e08<\/p><p><strong>\u8d39\u5229\u514b\u65af-\u8003\u5fb7\u9686<\/strong><br \/>\u5de5\u4e1a\u8bbe\u8ba1\u5e08<\/p><p><strong>\u5b89\u5fb7\u70c8-\u5361\u7ea6\u5c14<\/strong><br \/>\u8bbe\u8ba1\u5de5\u7a0b\u5e08<\/p><p><strong>\u57c3\u5c14\u97e6-\u514b\u91cc\u65af\u6258\u5f17\u5c14<\/strong><br \/>\u526f\u6559\u6388\uff0cISTIA \u521b\u65b0\u7814\u7a76\u6559\u6388<\/p><p><strong>\u5e15\u65af\u5361\u5c14-\u5eb7\u65af\u5766\u4e01<\/strong><br \/>\u963f\u83b1\u65af\u96c6\u56e2\u91c7\u8d2d\u603b\u76d1<\/p><p><strong>\u8fea\u8fea\u57c3-\u79d1\u677e<\/strong><br \/>\u521b\u610f\u603b\u76d1<\/p><p><strong>\u739b\u4e3d-\u514b\u52b3\u5fb7-\u5fb7\u62c9\u97e6\u5965-\u65b9\u4e39<\/strong><br \/>\u4e1a\u52a1\u5f00\u53d1\uff0cVidelio<\/p><p><strong>\u73cd\u59ae\u5f17-\u8fbe\u6c49-\u7ef4\u5c3c<\/strong><br \/>\u7814\u7a76\u5458\u3001Vernsther \u516c\u53f8\u8463\u4e8b\u957f\u517c\u521b\u59cb\u4eba<\/p><p><strong>\u5f17\u96f7\u5fb7\u91cc\u514b-\u5fb7\u53e4\u677e<\/strong><br \/>\u5357\u7279\u5927\u897f\u6d0b\u8bbe\u8ba1\u5b66\u9662\u6218\u7565\u3001\u4ea4\u6d41\u4e0e\u53d1\u5c55\u90e8\u4e3b\u4efb<\/p><p><strong>\u76ae\u57c3\u5c14-\u4ea8\u5229-\u5fb7\u8ba9<\/strong><br \/>\u5efa\u7b51\u5e08\u548c\u4eba\u4f53\u5de5\u7a0b\u5b66\u4e13\u5bb6<\/p><p><strong>\u8ba9-\u5fb7\u65af\u5e15\u514b<\/strong><br \/>\u4e3b\u5e2d Movinmotion<\/p><p><strong>\u5965\u8fea\u5c14-\u675c\u5c1a\u7eb3<\/strong><br \/>\u6cd5\u56fd\u56fd\u5bb6\u6cd5\u8bed\u8054\u76df\uff08UNIFA\uff09Actineo \u4e3b\u4efb<br \/>des Industries Fran\u00e7aises de l'Ameublement)<\/p><p><strong>CATHERINE EXER<\/strong><br \/>ESAM \u8bbe\u8ba1\uff08\u9ad8\u7b49\u73b0\u4ee3\u827a\u672f\u5b66\u9662\uff09\u9662\u957f<\/p><p><strong>\u76ae\u57c3\u5c14-\u6cd5\u592b\u5c14<\/strong><br \/>Cabinet Convergences \u8425\u9500\u987e\u95ee<\/p><p><strong>\u7ea6\u7ff0-\u5f17\u6d1b\u91cc\u65af<\/strong><br \/>\u8bbe\u8ba1\u5e08\uff0c\u00c9co-syst\u00e8mes<\/p><p><strong>Anne-Fr\u00e9d\u00e9rique Gautier<\/strong><br \/>\u963f\u91cc\u65af\u987f\u54c1\u724c\u4e0e\u8425\u9500\u603b\u76d1<\/p><p><strong>J\u00c9R\u00d4ME GRANGE<\/strong><br \/>\u5efa\u7b51\u5e08\uff0cADUGA\uff08\u5927\u963f\u7c73\u5c3c\u5965\u65af\u5f00\u53d1\u4e0e\u57ce\u5e02\u89c4\u5212\u673a\u6784\uff09\u4e3b\u4efb<\/p><p><strong>Sylvie Guingois<\/strong><br \/>\u6cd5\u56fd\u81ea\u7531\u670d\u52a1\u7814\u7a76\u6240\uff08IFLS\uff09\u7814\u7a76\u4e3b\u4efb<\/p><p><strong>\u8ba9-\u5f17\u6717\u7d22\u74e6-\u54c8\u5229\u8036<\/strong><br \/>\u5e73\u9762\u8bbe\u8ba1\u5e08\uff0cAgile \u516c\u53f8\u8463\u4e8b\u957f\u517c\u521b\u59cb\u4eba<\/p><p><strong>\u7ef4\u514b\u591a-\u8fbe\u5c14\u80e1\u5b89<\/strong><br \/>\u8bbe\u8ba1\u5e08\uff0cBIC \u96c6\u56e2<\/p><p><strong>\u5e15\u65af\u5361\u5c14-\u6c49\u8bfa\u5361-\u5e03\u62c9\u5fb7<\/strong><br \/>\u5361\u8499\u591a\u5b66\u6821\u5ba4\u5185\u8bbe\u8ba1\u5e08<\/p><p><strong>\u514b\u91cc\u65af\u8482\u5b89-\u8d6b\u5e03\u6d1b<\/strong><br \/>\u987e\u95ee<\/p><p><strong>XAVIER HO\u00dcY<\/strong><br \/>\u8bbe\u8ba1\u5e08<\/p><p><strong>\u57c3\u5fb7\u7433-\u743c<\/strong><br \/>\u4ea7\u54c1\u7ecf\u7406\uff0cMy Note Deco\uff08Impex \u96c6\u56e2\uff09<\/p><p><strong>Sandra jourdain<\/strong><br \/>\u798f\u7c73\u8036\u96c6\u56e2\u8425\u9500\u603b\u76d1<\/p><p><strong>\u5e03\u9c81\u8bfa-\u5fb7\u62c9\u56fe\u5c14<\/strong><br \/>\u591a\u6469\u63d0\u514b\u65b0\u95fb\u300b\u4e3b\u7f16<\/p><p><strong>anneline letard<\/strong><br \/>\u8bbe\u8ba1\u5e08\uff0cCEEBIOS\uff08\u6b27\u6d32<br \/>Senlis \u751f\u7269\u6c14\u8c61\u5b66\u9ad8\u7ea7\u7814\u7a76\u4e2d\u5fc3)<\/p><p><strong>\u7c73\u6b47\u5c14-\u52d2\u592b\u9f99<\/strong><br \/>\u8bb0\u8005\uff0c\u5efa\u7b51<\/p><p><strong>\u7d22\u83f2-\u5362\u8d1d<\/strong><br \/>\u96f6\u552e\u90e8\u603b\u76d1\uff0cComexposium<\/p><p><strong>\u96c5\u514b-\u66fc\u591a\u62c9<\/strong><br \/>\u5e7f\u544a\u4e3b\u7ba1\uff0cIl\u00f4t Tr\u00e9sor \u8463\u4e8b\u957f<\/p><p><strong>fabienne marion<\/strong><br \/>R\u00e9dactrice en chef, UP\u2019 Magazine<\/p><p><strong>Pierre Moriceau<\/strong><br \/>\u4ef7\u503c\u5206\u6790\u987e\u95ee\u3001<br \/>PM \u7ba1\u7406<\/p><p><strong>\u4e54\u65af\u6797-\u5fb7-\u9ad8\u535a\u7279<\/strong><br \/>\u6559\u6388\u3001\u7269\u8d28\u6587\u5316\u5386\u53f2\u5b66\u5bb6<\/p><p><strong>S\u00e9verine nomdedeu<\/strong><br \/>\u7279\u9c81\u74e6ESC\u96c6\u56e2ESAA\u4e3b\u4efb<\/p><p><strong>\u5f17\u6717\u7d22\u74e6-\u5965\u5229\u5965<\/strong><br \/>Cercle des D\u00e9ontologues \u987e\u95ee<\/p><p><strong>PAULINE POLGAR<\/strong><br \/>Maison \u00e0 Part \u7f16\u8f91\u603b\u76d1<br \/>\u548c Batiactu<\/p><p><strong>Stephane Quigna<\/strong><br \/>\u5ba4\u5185\u5efa\u7b51\u5e08-\u8bbe\u8ba1\u5e08\uff0cArte Charpentier<\/p><p><strong>\u897f\u5c14\u7ef4-\u91cc\u5384<\/strong><br \/>\u4fe1\u606f\u548c\u901a\u4fe1\u6280\u672f\u54a8\u8be2\u4e0e\u57f9\u8bad<\/p><p><strong>\u9a6c\u8482\u5384-\u91cc\u4e4c-\u67e5\u666e\u66fc<\/strong><br \/>\u6807\u81f4\u5168\u7403\u54c1\u724c\u8bbe\u8ba1\u7ecf\u7406<\/p><p><strong>\u591a\u7c73\u5c3c\u514b-\u7f57\u5bbe<\/strong><br \/>\u94c1\u8def\u987e\u95ee\uff0cPromotram \u516c\u53f8\u526f\u8463\u4e8b\u957f<\/p><p><strong>\u7ea6\u7ff0\u5a1c-\u9c81-\u5361\u5c14\u7ef4<\/strong><br \/>\u7528\u6237\u4f53\u9a8c\u8bbe\u8ba1 Tarkett<\/p><p><strong>\u5b89\u6258\u4e07-\u6851\u5207\u65af<\/strong><br \/>\u5927\u5ba2\u6237\u603b\u76d1\uff0c\u90e8\u95e8<br \/>\u6696\u6c14\u548c\u7a7a\u8c03\u3001\u4e09\u83f1\u7535\u673a<\/p><p><strong>\u7c73\u6b47\u5c14-\u6851\u62c9\u7ef4\u5c14<\/strong><br \/>\u8bbe\u8ba1\u5e08<\/p><p><strong>EMERIC SEMIN<\/strong><br \/>\u5e73\u9762\u8bbe\u8ba1\u5e08\uff0cBrandista<\/p><p><strong>\u00c9RIC SEULLIET<\/strong><br \/>\u5c55\u671b\u987e\u95ee\u3001\u00a0<\/p><p><strong>\u514b\u91cc\u65af\u8482\u5a1c-\u5854\u5b54\u5185<\/strong><br \/>\u8bb0\u8005\u548c\u4f5c\u5bb6<\/p><p><strong>\u739b\u4e3d\u83b2-\u8482\u585e<\/strong><br \/>\u98de\u5229\u6d66\u96f6\u552e\u4e0e\u9152\u5e97\u8425\u9500\u90e8<\/p><p><strong>\u5b89\u4e1c\u5c3c-\u7279\u9c81\u8096<\/strong><br \/>\u8bbe\u8ba1\u5e08\uff0c\u5e02\u573a\u8425\u9500 Avidsen<\/p><p><strong>\u5e03\u9c81\u8bfa-\u74e6\u6d1b\u5fb7<\/strong><br \/>DPLG \u5efa\u7b51\u5e08\u3001\u5ba4\u5185\u8bbe\u8ba1\u5e08<\/p>\t\t\t\t\t\t<\/div>\n\t\t\t\t<\/div>\n\t\t\t\t<\/div>\n\t\t<div class=\"elementor-element elementor-element-ed78dcd e-con-full e-flex e-con e-child\" data-id=\"ed78dcd\" data-element_type=\"container\">\n\t\t\t\t<\/div>\n\t\t\t\t<\/div>\n\t\t<div class=\"elementor-element elementor-element-5ecc697 e-flex e-con-boxed e-con e-parent\" data-id=\"5ecc697\" data-element_type=\"container\">\n\t\t\t\t\t<div class=\"e-con-inner\">\n\t\t\t\t\t<\/div>\n\t\t\t\t<\/div>\n\t\t<div class=\"elementor-element elementor-element-39a3e874 e-flex e-con-boxed e-con e-parent\" data-id=\"39a3e874\" data-element_type=\"container\" data-settings=\"{&quot;background_background&quot;:&quot;classic&quot;}\">\n\t\t\t\t\t<div class=\"e-con-inner\">\n\t\t\t\t<div class=\"elementor-element elementor-element-55967bea elementor-vertical-align-middle elementor-widget__width-initial elementor-widget-tablet__width-inherit elementor-widget elementor-widget-icon-box\" data-id=\"55967bea\" data-element_type=\"widget\" data-widget_type=\"icon-box.default\">\n\t\t\t\t<div class=\"elementor-widget-container\">\n\t\t\t\t\t<div class=\"elementor-icon-box-wrapper\">\n\n\t\t\t\n\t\t\t\t\t\t<div class=\"elementor-icon-box-content\">\n\n\t\t\t\t\t\t\t\t\t<h2 class=\"elementor-icon-box-title\">\n\t\t\t\t\t\t<span  >\n\t\t\t\t\t\t\t\u8ba2\u9605\u6211\u4eec\u7684\u901a\u8baf\t\t\t\t\t\t<\/span>\n\t\t\t\t\t<\/h2>\n\t\t\t\t\n\t\t\t\t\t\t\t\t\t<p class=\"elementor-icon-box-description\">\n\t\t\t\t\t\t\u4e86\u89e3\u6cd5\u56fd\u8bbe\u8ba1\u5b66\u9662\u7684\u6700\u65b0\u6d3b\u52a8\u4fe1\u606f\t\t\t\t\t<\/p>\n\t\t\t\t\n\t\t\t<\/div>\n\t\t\t\n\t\t<\/div>\n\t\t\t\t<\/div>\n\t\t\t\t<\/div>\n\t\t\t\t<div class=\"elementor-element elementor-element-7a670680 elementor-widget elementor-widget-wp-widget-mc4wp_form_widget\" data-id=\"7a670680\" data-element_type=\"widget\" data-widget_type=\"wp-widget-mc4wp_form_widget.default\">\n\t\t\t\t<div class=\"elementor-widget-container\">\n\t\t\t<script>(function() {\n\twindow.mc4wp = window.mc4wp || {\n\t\tlisteners: [],\n\t\tforms: {\n\t\t\ton: function(evt, cb) {\n\t\t\t\twindow.mc4wp.listeners.push(\n\t\t\t\t\t{\n\t\t\t\t\t\tevent   : evt,\n\t\t\t\t\t\tcallback: cb\n\t\t\t\t\t}\n\t\t\t\t);\n\t\t\t}\n\t\t}\n\t}\n})();\n<\/script><!-- Mailchimp for WordPress v4.9.19 - https:\/\/wordpress.org\/plugins\/mailchimp-for-wp\/ --><form id=\"mc4wp-form-1\" class=\"mc4wp-form mc4wp-form-309\" method=\"post\" data-id=\"309\" data-name=\"inscription NL-IFD\" ><div class=\"mc4wp-form-fields\"><p>\r\n    <label><\/label>\r\n    <input type=\"text\" name=\"FNAME\" placeholder=\"\u59d3\u540d\"\r\n    required=\"\">\r\n\r\n    <label><\/label>\r\n    <input type=\"text\" name=\"LNAME\" placeholder=\"\u540d\u79f0\" required=\"\">\r\n\r\n\t<label><\/label>\r\n\t\t<input type=\"email\" name=\"EMAIL\" placeholder=\"\u60a8\u7684\u7535\u5b50\u90ae\u4ef6\" required \/>\r\n\r\n<\/p>\r\n<p>\r\n\t<input type=\"submit\" value=\"\u8ba2\u9605\" \/>\r\n<\/p><\/div><label style=\"display: none !important;\">\u5982\u679c\u60a8\u662f\u4eba\u7c7b\uff0c\u8bf7\u4e0d\u8981\u586b\u5199\uff1a <input type=\"text\" name=\"_mc4wp_honeypot\" value=\"\" tabindex=\"-1\" autocomplete=\"off\" \/><\/label><input type=\"hidden\" name=\"_mc4wp_timestamp\" value=\"1776296131\" \/><input type=\"hidden\" name=\"_mc4wp_form_id\" value=\"309\" \/><input type=\"hidden\" name=\"_mc4wp_form_element_id\" value=\"mc4wp-form-1\" \/><div class=\"mc4wp-response\"><\/div><input type=\"hidden\" name=\"trp-form-language\" value=\"zh\"\/><\/form><!-- \/ Mailchimp for WordPress Plugin -->\t\t<\/div>\n\t\t\t\t<\/div>\n\t\t\t\t\t<\/div>\n\t\t\t\t<\/div>\n\t\t<div class=\"elementor-element elementor-element-2533cb7e e-flex e-con-boxed e-con e-parent\" data-id=\"2533cb7e\" data-element_type=\"container\">\n\t\t\t\t\t<div class=\"e-con-inner\">\n\t\t\t\t\t<\/div>\n\t\t\t\t<\/div>\n\t\t\t\t<\/div>","protected":false},"excerpt":{"rendered":"<p>Le jury des JANUS Menu Fermer LABEL JURY UNIVERS GUIDE LABEL JURY UNIVERS GUIDE Ind\u00e9pendance et pluridisciplinarit\u00e9 Le jury est ind\u00e9pendant et confronte les points de vue d\u2019experts issus de coll\u00e8ges diff\u00e9rents : designers, architectes d\u2019int\u00e9rieur et architectes, graphistes, analyste de la valeur, ergonomes, responsables marketing, journalistes, historiens, c\u00f4toient publicitaires, consultants et repr\u00e9sentants d\u2019organismes professionnels. ETIENNE ALEXANDREConseil en strat\u00e9gie, EAD\u00e9veloppement KARIN AUBERTINArchitecte d\u2019int\u00e9rieur, d\u00e9partement marketing Ikea LAURENT BELDesigner, Pr\u00e9sident AppCraft MATHIEU BOIMAREDirecteur du design, Decathlon Inesis MARC BOURGOISConsultant en strat\u00e9gie et communication ALEXANDRA BOUTHELIERD\u00e9l\u00e9gu\u00e9e g\u00e9n\u00e9rale de la F\u00e9d\u00e9ration des Enseignes du Commerce Associ\u00e9 OLIVIER BRAGARDDirecteur international merchandising, Chanel R\u00c9MI BUNArichitecte<\/p>","protected":false},"author":1,"featured_media":0,"parent":0,"menu_order":0,"comment_status":"closed","ping_status":"closed","template":"","meta":{"footnotes":""},"class_list":["post-673","page","type-page","status-publish","hentry"],"_links":{"self":[{"href":"https:\/\/janusdesign.org\/zh\/wp-json\/wp\/v2\/pages\/673","targetHints":{"allow":["GET"]}}],"collection":[{"href":"https:\/\/janusdesign.org\/zh\/wp-json\/wp\/v2\/pages"}],"about":[{"href":"https:\/\/janusdesign.org\/zh\/wp-json\/wp\/v2\/types\/page"}],"author":[{"embeddable":true,"href":"https:\/\/janusdesign.org\/zh\/wp-json\/wp\/v2\/users\/1"}],"replies":[{"embeddable":true,"href":"https:\/\/janusdesign.org\/zh\/wp-json\/wp\/v2\/comments?post=673"}],"version-history":[{"count":185,"href":"https:\/\/janusdesign.org\/zh\/wp-json\/wp\/v2\/pages\/673\/revisions"}],"predecessor-version":[{"id":4082,"href":"https:\/\/janusdesign.org\/zh\/wp-json\/wp\/v2\/pages\/673\/revisions\/4082"}],"wp:attachment":[{"href":"https:\/\/janusdesign.org\/zh\/wp-json\/wp\/v2\/media?parent=673"}],"curies":[{"name":"wp","href":"https:\/\/api.w.org\/{rel}","templated":true}]}}