{"id":3902,"date":"2024-09-30T15:35:51","date_gmt":"2024-09-30T13:35:51","guid":{"rendered":"https:\/\/janusdesign.org\/?page_id=3902"},"modified":"2024-09-30T15:39:32","modified_gmt":"2024-09-30T13:39:32","slug":"mentions-legales","status":"publish","type":"page","link":"https:\/\/janusdesign.org\/zh\/\u6cd5\u5f8b\u4fe1\u606f\/","title":{"rendered":"\u6cd5\u5f8b\u4fe1\u606f"},"content":{"rendered":"<div data-elementor-type=\"wp-page\" data-elementor-id=\"3902\" class=\"elementor elementor-3902\" data-elementor-post-type=\"page\">\n\t\t\t\t<div class=\"elementor-element elementor-element-6b578ba e-flex e-con-boxed e-con e-parent\" data-id=\"6b578ba\" data-element_type=\"container\">\n\t\t\t\t\t<div class=\"e-con-inner\">\n\t\t\t\t<div class=\"elementor-element elementor-element-2e03c68 elementor-widget elementor-widget-spacer\" data-id=\"2e03c68\" data-element_type=\"widget\" data-widget_type=\"spacer.default\">\n\t\t\t\t<div class=\"elementor-widget-container\">\n\t\t\t\t\t<div class=\"elementor-spacer\">\n\t\t\t<div class=\"elementor-spacer-inner\"><\/div>\n\t\t<\/div>\n\t\t\t\t<\/div>\n\t\t\t\t<\/div>\n\t\t\t\t\t<\/div>\n\t\t\t\t<\/div>\n\t\t<div class=\"elementor-element elementor-element-38f09d03 e-con-full e-flex e-con e-parent\" data-id=\"38f09d03\" data-element_type=\"container\" data-settings=\"{&quot;background_background&quot;:&quot;classic&quot;}\">\n\t\t\t\t<div class=\"elementor-element elementor-element-198fa991 elementor-widget__width-initial premium-title-icon-row premium-title-color elementor-widget elementor-widget-premium-addon-title\" data-id=\"198fa991\" data-element_type=\"widget\" data-widget_type=\"premium-addon-title.default\">\n\t\t\t\t<div class=\"elementor-widget-container\">\n\t\t\t\n\t\t<div class=\"premium-title-container style7\">\n\t\t\t<h4 class=\"premium-title-header premium-title-style7\">\n\t\t\t\t\t\t\t\t\t\t\t\t\t\t\t<span class=\"premium-title-style7-stripe-wrap\">\n\t\t\t\t\t\t\t<span class=\"premium-title-style7-stripe\"><\/span>\n\t\t\t\t\t\t<\/span>\n\t\t\t\t\t\t\t\t\t\t<div class=\"premium-title-style7-inner\">\n\t\t\t\t\n\t\t\t\t\t\t\t\t\t\t\t\t\t\t\t\t\t\t\t\t\t\t<img decoding=\"async\" class=\"premium-title-icon\" src=\"https:\/\/janusdesign.org\/wp-content\/uploads\/2024\/09\/cropped-icone-ifd.webp\" alt=\"\u88c1\u526a\u56fe\u6807-ifd.png\"><\/span>\n\t\t\t\t\t\t\t\t\t\t\t\t\t\t\t\n\t\t\t\t\t\t\t\t\t\t\t\t\t\t\t\t\t\t\t\t\t<span class=\"premium-title-text\" >\n\t\t\t\t\t\u6cd5\u5f8b\u4fe1\u606f\t\t\t\t<\/span>\n\t\t\t\t\t\n\t\t\t\t\t\t\t\t\t<\/div>\n\t\t\t\t\t\t\t\t\t\t\t<\/h4>\n\t\t<\/div>\n\n\t\t\t\t<\/div>\n\t\t\t\t<\/div>\n\t\t\t\t<\/div>\n\t\t<div class=\"elementor-element elementor-element-5dd429d e-flex e-con-boxed e-con e-parent\" data-id=\"5dd429d\" data-element_type=\"container\">\n\t\t\t\t\t<div class=\"e-con-inner\">\n\t\t\t\t<div class=\"elementor-element elementor-element-8988ec2 elementor-widget elementor-widget-spacer\" data-id=\"8988ec2\" data-element_type=\"widget\" data-widget_type=\"spacer.default\">\n\t\t\t\t<div class=\"elementor-widget-container\">\n\t\t\t\t\t<div class=\"elementor-spacer\">\n\t\t\t<div class=\"elementor-spacer-inner\"><\/div>\n\t\t<\/div>\n\t\t\t\t<\/div>\n\t\t\t\t<\/div>\n\t\t\t\t<div class=\"elementor-element elementor-element-c571257 elementor-widget__width-initial elementor-widget elementor-widget-text-editor\" data-id=\"c571257\" data-element_type=\"widget\" data-widget_type=\"text-editor.default\">\n\t\t\t\t<div class=\"elementor-widget-container\">\n\t\t\t\t\t\t\t<p><b>\u51fa\u7248\u5546<\/b> \u94fe\u63a5\u7f51\u7ad9 institutfran\u00e7aisdudesign.fr\u3001institutfran\u00e7aisdudesign.com \u548c janusdesign.org \u7531 L'INSTITUT FRAN\u00c7AIS DU DESIGN\uff08\u5730\u5740\uff1a5 rue de Messine, 75008 Paris\uff09\u8d1f\u8d23\u53d1\u5e03\u3002<\/p><p><b>\u4e3b\u5e2d\u00a0<\/b>\u8d1f\u8d23\u90e8\u95e8\uff1a Anne-Marie SARGUEIL<\/p><p><b>\u8054\u7cfb\u65b9\u5f0f<\/b> : <a href=\"https:\/\/janusdesign.org\/zh\/contacts\/\">contact@institutfrancaisdudesign.fr<\/a><\/p><p><b>\u6258\u7ba1 <\/b>OVH, SAS\uff0c\u8d44\u672c\u91d1 10,059,500 \u6b27\u5143<br \/><span style=\"text-align: var(--text-align); letter-spacing: 0px;\">RCS Lille M\u00e9tropole 424 761 419 00045<br \/><\/span><span style=\"text-align: var(--text-align); letter-spacing: 0px;\">\u6ce8\u518c\u529e\u4e8b\u5904\uff1a2 rue Kellermann - 59100 Roubaix - France\u3002<\/span><\/p><p>\u5728\u56fd\u5bb6\u4fe1\u606f\u6280\u672f\u548c\u516c\u6c11\u81ea\u7531\u59d4\u5458\u4f1a\uff08CNIL\uff09\u6ce8\u518c\u7684\u7f51\u7ad9<\/p>\t\t\t\t\t\t<\/div>\n\t\t\t\t<\/div>\n\t\t\t\t\t<\/div>\n\t\t\t\t<\/div>\n\t\t\t\t<\/div>","protected":false},"excerpt":{"rendered":"<p>Mentions l\u00e9gales \u00c9diteur : Les sites li\u00e9s institutfran\u00e7aisdudesign.fr, institutfran\u00e7aisdudesign.com et janusdesign.org sont publi\u00e9s sous la responsabilit\u00e9 de L\u2019INSTITUT FRAN\u00c7AIS DU DESIGN, 5 rue de Messine, 75008 Paris. Pr\u00e9sidence\u00a0: Anne-Marie SARGUEIL Contact : contact@institutfrancaisdudesign.fr H\u00e9bergement : OVH, SAS au capital de 10 059 500 \u20acRCS Lille M\u00e9tropole 424 761 419 00045Si\u00e8ge social : 2 rue Kellermann \u2013 59100 Roubaix \u2013 France. SITE D\u00c9POS\u00c9 \u00c0 LA COMMISSION NATIONALE DE L\u2019INFORMATIQUE ET DES LIBERT\u00c9S (CNIL)<\/p>","protected":false},"author":5,"featured_media":0,"parent":0,"menu_order":0,"comment_status":"closed","ping_status":"open","template":"","meta":{"footnotes":""},"class_list":["post-3902","page","type-page","status-publish","hentry"],"_links":{"self":[{"href":"https:\/\/janusdesign.org\/zh\/wp-json\/wp\/v2\/pages\/3902","targetHints":{"allow":["GET"]}}],"collection":[{"href":"https:\/\/janusdesign.org\/zh\/wp-json\/wp\/v2\/pages"}],"about":[{"href":"https:\/\/janusdesign.org\/zh\/wp-json\/wp\/v2\/types\/page"}],"author":[{"embeddable":true,"href":"https:\/\/janusdesign.org\/zh\/wp-json\/wp\/v2\/users\/5"}],"replies":[{"embeddable":true,"href":"https:\/\/janusdesign.org\/zh\/wp-json\/wp\/v2\/comments?post=3902"}],"version-history":[{"count":4,"href":"https:\/\/janusdesign.org\/zh\/wp-json\/wp\/v2\/pages\/3902\/revisions"}],"predecessor-version":[{"id":3906,"href":"https:\/\/janusdesign.org\/zh\/wp-json\/wp\/v2\/pages\/3902\/revisions\/3906"}],"wp:attachment":[{"href":"https:\/\/janusdesign.org\/zh\/wp-json\/wp\/v2\/media?parent=3902"}],"curies":[{"name":"wp","href":"https:\/\/api.w.org\/{rel}","templated":true}]}}