{"id":3896,"date":"2024-09-30T15:25:08","date_gmt":"2024-09-30T13:25:08","guid":{"rendered":"https:\/\/janusdesign.org\/?page_id=3896"},"modified":"2024-09-30T15:34:36","modified_gmt":"2024-09-30T13:34:36","slug":"conditions-generales-dutilisation","status":"publish","type":"page","link":"https:\/\/janusdesign.org\/zh\/\u4e00\u822c\u4f7f\u7528\u6761\u4ef6\/","title":{"rendered":"Conditions g\u00e9n\u00e9rales d&rsquo;utilisation"},"content":{"rendered":"<div data-elementor-type=\"wp-page\" data-elementor-id=\"3896\" class=\"elementor elementor-3896\" data-elementor-post-type=\"page\">\n\t\t\t\t<div class=\"elementor-element elementor-element-6b578ba e-flex e-con-boxed e-con e-parent\" data-id=\"6b578ba\" data-element_type=\"container\">\n\t\t\t\t\t<div class=\"e-con-inner\">\n\t\t\t\t<div class=\"elementor-element elementor-element-2e03c68 elementor-widget elementor-widget-spacer\" data-id=\"2e03c68\" data-element_type=\"widget\" data-widget_type=\"spacer.default\">\n\t\t\t\t<div class=\"elementor-widget-container\">\n\t\t\t\t\t<div class=\"elementor-spacer\">\n\t\t\t<div class=\"elementor-spacer-inner\"><\/div>\n\t\t<\/div>\n\t\t\t\t<\/div>\n\t\t\t\t<\/div>\n\t\t\t\t\t<\/div>\n\t\t\t\t<\/div>\n\t\t<div class=\"elementor-element elementor-element-38f09d03 e-con-full e-flex e-con e-parent\" data-id=\"38f09d03\" data-element_type=\"container\" data-settings=\"{&quot;background_background&quot;:&quot;classic&quot;}\">\n\t\t\t\t<div class=\"elementor-element elementor-element-198fa991 elementor-widget__width-initial premium-title-icon-row premium-title-color elementor-widget elementor-widget-premium-addon-title\" data-id=\"198fa991\" data-element_type=\"widget\" data-widget_type=\"premium-addon-title.default\">\n\t\t\t\t<div class=\"elementor-widget-container\">\n\t\t\t\n\t\t<div class=\"premium-title-container style7\">\n\t\t\t<h4 class=\"premium-title-header premium-title-style7\">\n\t\t\t\t\t\t\t\t\t\t\t\t\t\t\t<span class=\"premium-title-style7-stripe-wrap\">\n\t\t\t\t\t\t\t<span class=\"premium-title-style7-stripe\"><\/span>\n\t\t\t\t\t\t<\/span>\n\t\t\t\t\t\t\t\t\t\t<div class=\"premium-title-style7-inner\">\n\t\t\t\t\n\t\t\t\t\t\t\t\t\t\t\t\t\t\t\t\t\t\t\t\t\t\t<img decoding=\"async\" class=\"premium-title-icon\" src=\"https:\/\/janusdesign.org\/wp-content\/uploads\/2024\/09\/cropped-icone-ifd.webp\" alt=\"\u88c1\u526a\u56fe\u6807-ifd.png\"><\/span>\n\t\t\t\t\t\t\t\t\t\t\t\t\t\t\t\n\t\t\t\t\t\t\t\t\t\t\t\t\t\t\t\t\t\t\t\t\t<span class=\"premium-title-text\" >\n\t\t\t\t\t\u4f7f\u7528\u6761\u6b3e\u548c\u6761\u4ef6\t\t\t\t<\/span>\n\t\t\t\t\t\n\t\t\t\t\t\t\t\t\t<\/div>\n\t\t\t\t\t\t\t\t\t\t\t<\/h4>\n\t\t<\/div>\n\n\t\t\t\t<\/div>\n\t\t\t\t<\/div>\n\t\t\t\t<\/div>\n\t\t<div class=\"elementor-element elementor-element-5dd429d e-flex e-con-boxed e-con e-parent\" data-id=\"5dd429d\" data-element_type=\"container\">\n\t\t\t\t\t<div class=\"e-con-inner\">\n\t\t\t\t<div class=\"elementor-element elementor-element-8988ec2 elementor-widget elementor-widget-spacer\" data-id=\"8988ec2\" data-element_type=\"widget\" data-widget_type=\"spacer.default\">\n\t\t\t\t<div class=\"elementor-widget-container\">\n\t\t\t\t\t<div class=\"elementor-spacer\">\n\t\t\t<div class=\"elementor-spacer-inner\"><\/div>\n\t\t<\/div>\n\t\t\t\t<\/div>\n\t\t\t\t<\/div>\n\t\t\t\t<div class=\"elementor-element elementor-element-c571257 elementor-widget__width-initial elementor-widget elementor-widget-text-editor\" data-id=\"c571257\" data-element_type=\"widget\" data-widget_type=\"text-editor.default\">\n\t\t\t\t<div class=\"elementor-widget-container\">\n\t\t\t\t\t\t\t<h2>I - \u77e5\u8bc6\u4ea7\u6743\/\u6388\u4e88\u7528\u6237\u7684\u6743\u5229<\/h2>\n<p>\u6cd5\u56fd\u8bbe\u8ba1\u5b66\u9662\u53ca\u5176\u5408\u4f5c\u4f19\u4f34\u5728\u5168\u4e16\u754c\u8303\u56f4\u5185\u72ec\u5bb6\u62e5\u6709\u4e0e\u7f51\u7ad9\u7ed3\u6784\u548c\u5185\u5bb9\u76f8\u5173\u7684\u6240\u6709\u77e5\u8bc6\u4ea7\u6743\u3002<\/p><p>\u7814\u7a76\u6240\u6388\u4e88\u7528\u6237\u4f7f\u7528\u7f51\u7ad9\u5185\u5bb9\u7684\u79c1\u4eba\u3001\u975e\u96c6\u4f53\u548c\u975e\u6392\u4ed6\u6027\u6743\u5229\u3002\u8fd9\u5305\u62ec\u4e3a\u5728\u5355\u4e2a\u7528\u6237\u5c4f\u5e55\u4e0a\u663e\u793a\u800c\u8fdb\u884c\u590d\u5236\u5b58\u50a8\u7684\u6743\u5229\uff0c\u4ee5\u53ca\u590d\u5236\u4e00\u4efd\u7528\u4e8e\u5907\u4efd\u6216\u6253\u5370\u5728\u7eb8\u5f20\u4e0a\u7684\u6743\u5229\u3002\u8be5\u6743\u5229\u662f\u4e2a\u4eba\u7684\u3001\u79c1\u4eba\u7684\u548c\u975e\u96c6\u4f53\u7684\u3002\u4e0d\u5f97\u4ee5\u4efb\u4f55\u65b9\u5f0f\u8f6c\u8ba9\u3002\u56e0\u6b64\uff0c\u672a\u7ecf L'INSTITUT FRAN\u00c7AIS DU DESIGN \u4e8b\u5148\u660e\u786e\u540c\u610f\uff0c\u660e\u786e\u7981\u6b62\u4ee5\u4efb\u4f55\u5f62\u5f0f\u8fdb\u884c\u90e8\u5206\u6216\u5168\u90e8\u8054\u7f51\u6216\u518d\u5206\u53d1\u3002<\/p><p>\u6cd5\u56fd\u8bbe\u8ba1\u5b66\u9662\u6388\u4e88\u7528\u6237\u590d\u5236\u672c\u7f51\u7ad9\u5168\u90e8\u6216\u90e8\u5206\u5185\u5bb9\u7684\u6743\u5229\uff0c\u590d\u5236\u7684\u76ee\u7684\u662f\u4e3a\u4e86\u5728\u5355\u7528\u6237\u5c4f\u5e55\u4e0a\u663e\u793a\u548c\u590d\u5236\uff0c\u590d\u5236\u4e00\u4efd\u7528\u4e8e\u5907\u4efd\u6216\u6253\u5370\u5728\u7eb8\u4e0a\u3002\u6b64\u6743\u5229\u4ec5\u9650\u4e8e\u4e2a\u4eba\u3001\u79c1\u4eba\u548c\u975e\u96c6\u4f53\u4f7f\u7528\uff0c\u4e25\u7981\u4ee5\u4efb\u4f55\u5f62\u5f0f\u5c06\u6b64\u5185\u5bb9\u8054\u7f51\u3001\u91cd\u65b0\u5206\u914d\u6216\u5168\u90e8\u6216\u90e8\u5206\u9500\u552e\u7ed9\u7b2c\u4e09\u65b9\u3002<\/p><p>\u5c3d\u7ba1\u6709\u4e0a\u8ff0\u4e25\u683c\u89c4\u5b9a\u7684\u590d\u5236\u6743\u548c\u5b58\u50a8\u6743\uff0c\u4f46\u672a\u7ecf\u4e8b\u5148\u660e\u786e\u6388\u6743\uff0c\u4e92\u8054\u7f51\u7528\u6237\u4e0d\u5f97\u590d\u5236\u548c\/\u6216\u4f7f\u7528\u7814\u7a76\u6240\u7f51\u7ad9\u4e0a\u7684\u5546\u6807\u548c\u6807\u8bc6\uff0c\u4e0d\u5f97\u4fee\u6539\u3001\u590d\u5236\u3001\u7ffb\u8bd1\u3001\u7ffb\u5370\u3001\u51fa\u552e\u3001\u51fa\u7248\u3001\u5229\u7528\u548c\u4ee5\u4efb\u4f55\u5f62\u5f0f\uff08\u6570\u5b57\u6216\u5176\u4ed6\u5f62\u5f0f\uff09\u4f20\u64ad\u672c\u7f51\u7ad9\u4e0a\u7684\u5168\u90e8\u6216\u90e8\u5206\u4fe1\u606f\u3001\u6587\u672c\u3001\u7167\u7247\u3001\u56fe\u50cf\u3001\u89c6\u9891\u548c\u6570\u636e\u3002<\/p><p>\u5982\u9700\u5728\u73b0\u5728\u548c\u5c06\u6765\u7684\u6240\u6709\u5a92\u4f53\u4e0a\u8f6c\u8f7d\u6587\u7ae0\uff0c\u8bf7\u901a\u8fc7\u7535\u5b50\u90ae\u4ef6\u4e0e\u6cd5\u56fd\u8bbe\u8ba1\u5b66\u9662\u8054\u7cfb\u3002\u8fdd\u53cd\u8fd9\u4e9b\u5f3a\u5236\u6027\u89c4\u5b9a\u7684\u884c\u4e3a\u4eba\u548c\u6240\u6709\u8d23\u4efb\u4eba\u5c06\u53d7\u5230\u6cd5\u56fd\u6cd5\u5f8b\u89c4\u5b9a\u7684\u5211\u4e8b\u548c\u6c11\u4e8b\u5904\u7f5a\u3002&nbsp;<\/p><p>\u4f5c\u4e3a\u672c\u7f51\u7ad9\u53ca\u5176\u79fb\u52a8\u5e94\u7528\u7a0b\u5e8f\u7684\u53d1\u5e03\u8005\uff0cL'INSTITUT FRAN\u00c7AIS DU DESIGN\u53ef\u5c06\u672c\u7f51\u7ad9\u53ca\u5176\u79fb\u52a8\u5e94\u7528\u7a0b\u5e8f\u4e0a\u7684\u5e7f\u544a\u7a7a\u95f4\u9500\u552e\u7ed9\u5176\u9009\u62e9\u7684\u5e7f\u544a\u5546\u3002\u7528\u6237\u627f\u8ba4\u5176\u5bf9\u8fd9\u4e9b\u5e7f\u544a\u7a7a\u95f4\u4e0d\u4eab\u6709\u4efb\u4f55\u6743\u5229\uff0c\u56e0\u6b64\u4e0d\u5f97\u5c31\u6b64\u5411L'INSTITUT FRAN\u00c7AIS DU DESIGN\u63d0\u51fa\u4efb\u4f55\u8981\u6c42\u6216\u91c7\u53d6\u4efb\u4f55\u884c\u52a8\u3002\u6b64\u5916\uff0c\u4e92\u8054\u7f51\u7528\u6237\uff08\u65e0\u8bba\u662f\u5426\u6ce8\u518c\u4e86\u4e92\u52a8\u670d\u52a1\uff09\u540c\u610f\uff0cL'INSTITUT FRAN\u00c7AIS DU DESIGN\u3001\u4efb\u4f55\u5176\u4ed6\u8ba2\u6237\u548c\u8bbf\u95ee\u672c\u7f51\u7ad9\u6216\u5176\u79fb\u52a8\u5e94\u7528\u7a0b\u5e8f\u7684\u4e92\u8054\u7f51\u7528\u6237\u5747\u53ef\u65e0\u65f6\u9650\u5730\u590d\u5236\u5176\u4f5c\u4e3a\u539f\u521b\u8005\u7684\u4efb\u4f55\u5185\u5bb9\uff0c\u4e14\u4ec5\u51fa\u4e8eL'INSTITUT FRAN\u00c7AIS DU DESIGN\u521b\u5efa\u3001\u7ba1\u7406\u548c\u7ecf\u8425\u4e92\u52a8\u670d\u52a1\u6216\u4f7f\u7528\u4e00\u9879\u6216\u591a\u9879\u4e92\u52a8\u670d\u52a1\u6216\u5bf9\u672c\u7f51\u7ad9\u8fdb\u884c\u7b80\u5355\u54a8\u8be2\u7684\u76ee\u7684\u3002<\/p>\n<h2>II - \u8d23\u4efb\u9650\u5236<\/h2>\n<p><strong>\u8d85\u94fe\u63a5\u548c\u5916\u90e8\u516c\u53f8<\/strong><br>L'INSTITUT FRAN\u00c7AIS DU DESIGN\u5305\u542b\u7531\u5916\u90e8\u516c\u53f8\u63d0\u4f9b\u7684\u4fe1\u606f\u6216\u6307\u5411\u5176\u4ed6\u7f51\u7ad9\u7684\u8d85\u6587\u672c\u94fe\u63a5\uff0c\u8fd9\u4e9b\u7f51\u7ad9\u5e76\u975e\u7531L'INSTITUT FRAN\u00c7AIS DU DESIGN\u5f00\u53d1\u3002\u672c\u7f51\u7ad9\u6216\u5176\u79fb\u52a8\u5e94\u7528\u7a0b\u5e8f\u63d0\u4f9b\u7684\u5185\u5bb9\u4ec5\u4f9b\u53c2\u8003\u3002\u672c\u7f51\u7ad9\u4e0e\u5176\u4ed6\u7f51\u7ad9\u7684\u94fe\u63a5\u5e76\u4e0d\u6784\u6210\u5bf9\u672c\u7f51\u7ad9\u6216\u5176\u5185\u5bb9\u7684\u8ba4\u53ef\u3002L'INSTITUT FRAN\u00c7AIS DU DESIGN \u4e0d\u5bf9\u7b2c\u4e09\u65b9\u63d0\u4f9b\u7684\u4fe1\u606f\u3001\u610f\u89c1\u548c\u5efa\u8bae\u8d1f\u8d23\u3002<\/p>\n<p><strong>\u4e92\u8054\u7f51\u7528\u6237\u5185\u5bb9<\/strong><br>\u7f51\u6c11\u5728\u7814\u7a76\u6240\u7f51\u7ad9\u4e0a\u53d1\u8868\u7684\u8bc4\u8bba\u5c06\u4e8b\u5148\u7ecf\u8fc7\u5ba1\u6838\u3002\u5728 L'INSTITUT FRAN\u00c7AIS DU DESIGN\uff08\u6cd5\u56fd\u8bbe\u8ba1\u5b66\u9662\uff09\u4e0a\u53d1\u8868\u6587\u7ae0\u7684\u7f51\u6c11\u65e0\u507f\u63a5\u53d7\uff0c\u4ed6\u4eec\u7684\u6587\u7ae0\u53ef\u6839\u636e L'INSTITUT FRAN\u00c7AIS DU DESIGN\uff08\u6cd5\u56fd\u8bbe\u8ba1\u5b66\u9662\uff09\u5efa\u8bae\u7684\u7d22\u5f15\u3001\u683c\u5f0f\u548c\u589e\u5f3a\u89c4\u5219\u8fdb\u884c\u590d\u5236\u3002\u7559\u8a00\u662f\u4f5c\u8005\u7684\u8d22\u4ea7\uff0c\u8868\u8fbe\u7684\u662f\u4f5c\u8005\u7684\u60f3\u6cd5\uff0c\u4e0e L'INSTITUT FRAN\u00c7AIS DU DESIGN \u65e0\u5173\u3002\u6587\u7ae0\u548c\u8bc4\u8bba\u7684\u53d1\u8868\u7531\u7f51\u7edc\u7528\u6237\u627f\u62c5\u5168\u90e8\u8d23\u4efb\u3002L'INSTITUT FRAN\u00c7AIS DU DESIGN \u65e0\u6cd5\u4fdd\u8bc1\u6240\u53d1\u8868\u6587\u7ae0\u7684\u51c6\u786e\u6027\u3002<\/p><p>\u4e3a\u4e92\u8054\u7f51\u7528\u6237\u63d0\u4f9b\u7684\u7d22\u5f15\u3001\u683c\u5f0f\u5316\u548c\u7a81\u51fa\u663e\u793a\u8d21\u732e\u7684\u5de5\u5177\u4ee5\u53ca\u4e2a\u6027\u5316\u533a\u57df\u4ec5\u4f9b\u53c2\u8003\u3002\u5b83\u4eec\u65e8\u5728\u7a81\u51fa\u663e\u793a\u67d0\u4e9b\u4fe1\u606f\uff0c\u4f46\u7edd\u4e0d\u6784\u6210\u5bf9\u5176\u5185\u5bb9\u7684\u8ba4\u53ef\u3002<\/p>\n<h2>III - \u7f51\u7ad9\u4f7f\u7528\u7684\u4e00\u822c\u6761\u4ef6<\/h2>\n<ol>\n<li><strong> \u4ecb\u7ecd<\/strong><br>L'INSTITUT FRAN\u00c7AIS DU DESIGN\uff08\u6cd5\u56fd\u8bbe\u8ba1\u5b66\u9662\uff09\u662f\u4e00\u4e2a\u4e92\u8054\u7f51\u7ad9\uff0c\u5141\u8bb8\u7528\u6237\u5bf9\u5efa\u8bae\u7684\u5185\u5bb9\u8fdb\u884c\u54a8\u8be2\u548c\u8bc4\u8bba\u3002\u5728\u4e8b\u5148\u6ce8\u518c\u7684\u524d\u63d0\u4e0b\uff0cL'INSTITUT FRAN\u00c7AIS DU DESIGN \u8fd8\u4e3a\u4e92\u8054\u7f51\u7528\u6237\u63d0\u4f9b\u53d1\u5e03\u5185\u5bb9\u3001\u521b\u5efa\u3001\u7ba1\u7406\u548c\u53c2\u4e0e\u4fe1\u606f\u5efa\u8bbe\u3001\u53c2\u4e0e\u5728\u7ebf\u8fa9\u8bba\u3001\u521b\u5efa\u4e2a\u6027\u5316\u7a7a\u95f4\uff08\u4f8b\u5982\uff0c\u5141\u8bb8\u663e\u793a\u81ea\u5df1\u9009\u62e9\u7684 RSS \u6e90\uff09\u3001\u4fdd\u5b58\u4e66\u7b7e\u6216\u5173\u6ce8\u5176\u4ed6\u8bfb\u8005\u7684\u6d3b\u52a8\u3001\u5b58\u50a8\u3001\u5171\u4eab\u548c\u8bc4\u8bba\u4e2a\u4eba\u5185\u5bb9\u548c\u96c6\u4f53\u5185\u5bb9\u7684\u53ef\u80fd\u6027\u3002<br>\u8fd9\u4e9b\u670d\u52a1\u53ef\u80fd\u4f1a\u968f\u65f6\u66f4\u6539\u3002\u5728\u672c\u4e00\u822c\u4f7f\u7528\u6761\u6b3e\u548c\u6761\u4ef6\u4e2d\uff0c\u4efb\u4f55\u6267\u884c\u672c\u4f7f\u7528\u6761\u6b3e\u548c\u6761\u4ef6\u4e2d \"\u5185\u5bb9 \"\u90e8\u5206\u8be6\u7ec6\u8bf4\u660e\u7684\u64cd\u4f5c\u7684\u4e92\u8054\u7f51\u7528\u6237\u5747\u79f0\u4e3a \"\u8ba2\u6237\"\u3001\"\u6ce8\u518c\u4e92\u8054\u7f51\u7528\u6237 \"\u6216 \"\u7528\u6237\"\u3002<br><br><\/li>\n<li><strong> \u63a5\u53d7\u4e00\u822c\u4f7f\u7528\u6761\u6b3e\u548c\u6761\u4ef6\uff08GTCU\uff09<\/strong><br>\u6839\u636e\u4ee5\u4e0b\u6761\u6b3e\u548c\u6761\u4ef6\u5728\u672c\u7f51\u7ad9\u6ce8\u518c\u5373\u8868\u793a\u660e\u786e\u548c\u65e0\u4fdd\u7559\u5730\u63a5\u53d7\u300a\u666e\u901a\u7167\u4f1a\u300b\u3002\u53ef\u968f\u65f6\u5728\u7814\u7a76\u6240\u7f51\u7ad9\u4e0a\u67e5\u9605\u5e76\u4e0b\u8f7d\u548c\u6253\u5370\u73b0\u884c\u7684 GCU\u3002<br>\u51fa\u7248\u5546\u4fdd\u7559\u4fee\u6539 GCU \u7684\u6743\u5229\u3002\u6bcf\u4f4d\u6ce8\u518c\u7684\u4e92\u8054\u7f51\u7528\u6237\u5747\u627f\u8ba4\uff0c\u6cd5\u56fd\u8bbe\u8ba1\u5b66\u9662\u53ef\u968f\u65f6\u5bf9\u5176\u8fdb\u884c\u5168\u90e8\u6216\u90e8\u5206\u4fee\u6539\uff0c\u6055\u4e0d\u53e6\u884c\u901a\u77e5\u6216\u544a\u77e5\u3002\u5bf9 GCU \u7684\u4efb\u4f55\u4fee\u6539\u90fd\u5c06\u5728\u7f51\u7ad9\u4e0a\u660e\u786e\u8bf4\u660e\u3002\u81ea\u8be5\u65e5\u8d77\uff0c\u4e4b\u524d\u7684\u4e00\u822c\u4f7f\u7528\u6761\u6b3e\u548c\u6761\u4ef6\u6240\u6db5\u76d6\u7684\u6240\u6709\u4e92\u52a8\u670d\u52a1\u5c06\u7acb\u5373\u53d7\u4e0a\u8ff0\u4fee\u6539\u7684\u7ea6\u675f\u3002\u5bf9\u300a\u4e00\u822c\u4f7f\u7528\u6761\u6b3e\u548c\u6761\u4ef6\u300b\u7684\u4fee\u6539\u5c06\u88ab\u89c6\u4e3a\u5728\u4e0e\u4fee\u6539\u540e\u7684\u300a\u4e00\u822c\u4f7f\u7528\u6761\u6b3e\u548c\u6761\u4ef6\u300b\u76f8\u540c\u7684\u6761\u4ef6\u4e0b\u88ab\u63a5\u53d7\u3002<br><br><\/li>\n<li><b> \u6ce8\u518c\u4eba\u7684\u6743\u5229\u548c\u4e49\u52a1<br><\/b><u>\u4f7f\u7528\u8981\u6c42<br><\/u>\u5728\u4f7f\u7528\u4e92\u52a8\u670d\u52a1\u65f6\uff0c\u5c24\u5176\u662f\u5728\u6587\u7ae0\u4e2d\u5199\u4e0b\u8bc4\u8bba\u6216\u5728\u4e2a\u4eba\u7a7a\u95f4\u4e2d\u6ce8\u518c\u65f6\uff0c\u7528\u6237\u5fc5\u987b\u5728\u4e3a\u6b64\u76ee\u7684\u9884\u7559\u7684\u7a7a\u95f4\u4e2d\u5728\u7ebf\u63d0\u4f9b\u5176\u4e2a\u4eba\u8054\u7cfb\u65b9\u5f0f\uff0c\u4ee5\u4fbf L'INSTITUT FRAN\u00c7AIS DU DESIGN\uff08\u6cd5\u56fd\u8bbe\u8ba1\u5b66\u9662\uff09\u4e0e\u4e4b\u8054\u7cfb\u3002<br><br>\u4e3a\u4e86\u4f7f\u7528L'INSTITUT FRAN\u00c7AIS DU DESIGN\u7684\u67d0\u4e9b\u529f\u80fd\uff0c\u7528\u6237\u5fc5\u987b\u4f7f\u7528\u4e3a\u6b64\u76ee\u7684\u63d0\u4f9b\u7684\u5728\u7ebf\u8868\u683c\u521b\u5efa\u4e00\u4e2a\u5e10\u6237\u3002L'INSTITUT FRAN\u00c7AIS DU DESIGN\uff08\u6cd5\u56fd\u8bbe\u8ba1\u5b66\u9662\uff09\u8d26\u6237\u4ec5\u4f9b\u6210\u5e74\u4eba\u6216\u5728\u6210\u5e74\u4eba\u76d1\u62a4\u4e0b\u7684\u672a\u6210\u5e74\u4eba\u4f7f\u7528\u3002\u6240\u6709\u4e92\u8054\u7f51\u7528\u6237\u5747\u53ef\u9605\u8bfb\u6587\u7ae0\u548c\u8bc4\u8bba\uff0c\u5e76\u5728\u5fc5\u8981\u65f6\u53d1\u8868\u8bc4\u8bba\u3002<br><br>\u8d26\u6237\u7684\u521b\u5efa\u8fd8\u5047\u5b9a\u4e92\u8054\u7f51\u7528\u6237\u62e5\u6709\u4e00\u4e2a\u6709\u6548\u7684\u7535\u5b50\u90ae\u4ef6\u5730\u5740\u3002\u7f51\u7edc\u7528\u6237\u53ef\u968f\u65f6\u4fee\u6539\u5176\u63d0\u4f9b\u7684\u4e2a\u4eba\u6570\u636e\u3002\u7528\u6237\u53ef\u901a\u8fc7\u8f93\u5165\u5047\u540d\u6216\u7535\u5b50\u90ae\u4ef6\u5730\u5740\u4ee5\u53ca\u76f8\u5173\u5bc6\u7801\u6765\u8bbf\u95ee\u81ea\u5df1\u7684\u8d26\u6237\uff0c\u7528\u6237\u6709\u8d23\u4efb\u5bf9\u5bc6\u7801\u4fdd\u5bc6\u3002\u6ce8\u518c\u540e\u7684\u7f51\u7ad9\u4f7f\u7528\u6709\u6548\u671f\u4e3a\u65e0\u9650\u671f\u3002<br><br>\u6cd5\u56fd\u8bbe\u8ba1\u5b66\u9662\u4fdd\u7559\u5728\u4efb\u4f55\u65f6\u5019\u901a\u8fc7\u7535\u5b50\u90ae\u4ef6\u7ec8\u6b62\u672c\u534f\u8bae\u7684\u6743\u5229\uff0c\u4f46\u9700\u63d0\u524d\u5408\u7406\u901a\u77e5\u3002\u5982\u679c\u7528\u6237\u4e0d\u9075\u5b88GTU\uff0c\u5176\u4e2a\u4eba\u8d26\u6237\u53ef\u80fd\u4f1a\u7acb\u5373\u88ab\u6682\u65f6\u6216\u6c38\u4e45\u505c\u7528\uff0c\u6055\u4e0d\u53e6\u884c\u901a\u77e5\u3002\u6cd5\u56fd\u5df4\u9ece\u8bbe\u8ba1\u5b66\u9662\u8fd8\u4fdd\u7559\u5220\u9664\u4efb\u4f55\u660e\u663e\u8fdd\u53cd GTU \u548c\u7ae0\u7a0b\u89c4\u5b9a\u6216\u7b2c\u4e09\u65b9\u58f0\u660e\u7684\u6587\u7ae0\u6216\u8bc4\u8bba\u7684\u6743\u5229\u3002<br><br>\u5982\u679c L'INSTITUT FRAN\u00c7AIS DU DESIGN\uff08\u6cd5\u56fd\u8bbe\u8ba1\u5b66\u9662\uff09\u8ba4\u4e3a\u8ba2\u9605\u8005\u5411\u5176\u63d0\u4f9b\u7684\u5168\u90e8\u6216\u90e8\u5206\u4fe1\u606f\u6709\u8bef\uff0c\u5b83\u53ef\u4ee5\u5728\u4e0d\u4e8b\u5148\u901a\u77e5\u4e14\u4e0d\u544a\u77e5\u76f8\u5173\u8ba2\u9605\u8005\u7684\u60c5\u51b5\u4e0b\uff0c\u4e3b\u52a8\u5220\u9664\u6216\u4f7f\u5176\u65e0\u6cd5\u8bbf\u95ee\u672c\u4e00\u822c\u4f7f\u7528\u6761\u4ef6\u610f\u4e49\u4e0a\u7684\u5168\u90e8\u6216\u90e8\u5206\u5185\u5bb9\u3002<br>\u5728\u4efb\u4f55\u60c5\u51b5\u4e0b\uff0c\u6ce8\u518c\u4e92\u8054\u7f51\u7528\u6237\u5747\u4e0d\u5f97\u56e0\u6b64\u800c\u8981\u6c42\u6cd5\u56fd\u8bbe\u8ba1\u5b66\u9662\u627f\u62c5\u8d23\u4efb\u3002<br><br>\u6240\u6709\u7528\u6237\u627f\u8bfa\u5bf9 L'INSTITUT FRAN\u00c7AIS DU DESIGN \u5728\u4f7f\u7528\u4e92\u52a8\u670d\u52a1\u65f6\u5206\u914d\u7ed9\u4ed6\u4eec\u7684\u6240\u6709\u5bc6\u7801\u548c\u6807\u8bc6\u7b26\u4e25\u683c\u4fdd\u5bc6\u3002<br>\u7279\u522b\u662f\uff0c\u4ed6\u627f\u8bfa\u4e0d\u5c06\u5176\u4efb\u4f55\u5bc6\u7801\u548c\u6807\u8bc6\u7b26\u4f20\u9012\u7ed9\u4efb\u4f55\u7b2c\u4e09\u65b9\uff0c\u5e76\u540c\u610f\u627f\u62c5\u56e0\u4f7f\u7528\u8fd9\u4e9b\u5bc6\u7801\u548c\u6807\u8bc6\u7b26\u800c\u4ea7\u751f\u7684\u6240\u6709\u8d23\u4efb\uff0c\u6761\u4ef6\u4e0e\u4f7f\u7528\u8fd9\u4e9b\u5bc6\u7801\u548c\u6807\u8bc6\u7b26\u7684\u60c5\u51b5\u76f8\u540c\u3002\u6ce8\u518c\u4e92\u8054\u7f51\u7528\u6237\u53ef\u968f\u65f6\u66f4\u6539\u5176\u767b\u5f55\u4fe1\u606f\u548c\u5bc6\u7801\u3002<br><br><\/li>\n<li><b>\u76ee\u5f55<\/b><br>\u7528\u6237\u901a\u8fc7\u6587\u5b57\u3001\u56fe\u7247\u3001\u58f0\u97f3\u3001\u89c6\u9891\u6216\u8bc4\u8bba\u7b49\u65b9\u5f0f\u4e3a L'INSTITUT FRAN\u00c7AIS DU DESIGN\uff08\u6cd5\u56fd\u8bbe\u8ba1\u5b66\u9662\uff09\u63d0\u4f9b\u5185\u5bb9\u65f6\uff0c\u5fc5\u987b\u9075\u5b88\u73b0\u884c\u6cd5\u5f8b\u6cd5\u89c4\u7684\u89c4\u5b9a\u3002<br><br>\u4efb\u4f55\u4fe1\u606f\u3001\u6587\u672c\u3001\u56fe\u50cf\uff08\u65e0\u8bba\u662f\u5426\u4e3a\u52a8\u753b\uff09\u3001\u6570\u636e\u3001\u58f0\u97f3\u3001\u591a\u5a92\u4f53\u6587\u4ef6\u3001\u9875\u9762\u7ed3\u6784\u3001\u4ee3\u7801\u3001\u529f\u80fd\u3001\u5bfc\u822a\u5143\u7d20\u3001\u8d85\u94fe\u63a5\u3001\u57df\u540d\u6216\u4efb\u4f55\u5176\u4ed6\u8d21\u732e\u5728\u8fd9\u4e9b\u6761\u6b3e\u548c\u6761\u4ef6\u4e2d\u5747\u79f0\u4e3a \"\u5185\u5bb9\"\u3002<br><br>\u7528\u6237\u4fdd\u8bc1\u901a\u8fc7 L'INSTITUT FRAN\u00c7AIS DU DESIGN \u50a8\u5b58\u548c\u4f20\u64ad\u8fd9\u4e9b\u5185\u5bb9\u4e0d\u6784\u6210\u300a\u6cd5\u56fd\u6c11\u6cd5\u5178\u300b\u7b2c 9 \u6761\u30011881 \u5e74 7 \u6708 29 \u65e5\u5173\u4e8e\u65b0\u95fb\u81ea\u7531\u7684\u6cd5\u5f8b\u3001\u300a\u6cd5\u56fd\u5211\u6cd5\u5178\u300b\u7b2c 225-4-1 \u6761\u53ca\u5176\u540e\u6761\u6b3e\u6240\u8ff0\u7684\u8fdd\u6cd5\u884c\u4e3a\uff1a<br>- \u4fb5\u72af\u7b2c\u4e09\u65b9\u7684\u77e5\u8bc6\u4ea7\u6743\uff08\u5c24\u5176\u662f\u975e\u4e92\u8054\u7f51\u7528\u6237\u672c\u4eba\u5236\u4f5c\u6216\u672a\u7ecf\u7b2c\u4e09\u65b9\u6388\u6743\u7684\u6587\u7ae0\u3001\u4f5c\u54c1\u3001\u7167\u7247\u3001\u521b\u4f5c\u3001\u526a\u8f91\u3001\u7535\u89c6\u8282\u76ee\u3001\u77ed\u7247\u3001\u4e2d\u7247\u548c\/\u6216\u6545\u4e8b\u7247\uff08\u65e0\u8bba\u662f\u5426\u4e3a\u52a8\u753b\u7247\uff09\u3001\u5e7f\u544a\uff09\uff1b<br>- \u5bf9\u4e2a\u4eba\u7684\u653b\u51fb\uff08\u5c24\u5176\u662f\u8bfd\u8c24\u3001\u4fae\u8fb1\u3001\u8fb1\u9a82\u7b49\uff09\uff0c\u4ee5\u53ca\u5bf9\u4e2a\u4eba\u5f62\u8c61\u548c\u79c1\u751f\u6d3b\u6743\u5229\u7684\u5c0a\u91cd\uff1b<br>- \u4fae\u8fb1\u516c\u5171\u79e9\u5e8f\u548c\u9053\u5fb7\uff08\u7279\u522b\u662f\u4e3a\u53cd\u4eba\u7c7b\u7f6a\u9053\u6b49\u3001\u717d\u52a8\u79cd\u65cf\u4ec7\u6068\u3001\u66b4\u529b\u5185\u5bb9\u3001\u8272\u60c5\u7b49\uff09\uff1b<br>- \u8d29\u5356\u4eba\u53e3\uff08\u4e0d\u8bba\u662f\u672a\u6210\u5e74\u4eba\u8fd8\u662f\u6210\u5e74\u4eba\uff09\u3001\u62c9\u76ae\u6761\u548c\u7c7b\u4f3c\u72af\u7f6a\u4ee5\u53ca\u5229\u7528\u672a\u6210\u5e74\u4eba\u5356\u6deb\u3002\u6ce8\u518c\u4e92\u8054\u7f51\u7528\u6237\u8fd8\u627f\u8bfa\u4e0d\u56fa\u5b9a\u3001\u5f55\u5236\u6216\u4f20\u64ad\u672a\u6210\u5e74\u4eba\u7684\u4efb\u4f55\u8272\u60c5\u56fe\u7247\u6216\u5f62\u8c61\uff0c\u6216\u4ee5\u4efb\u4f55\u65b9\u5f0f\u63d0\u4f9b\u6216\u5206\u4eab\u8fd9\u4e9b\u56fe\u50cf\u6216\u5f62\u8c61\u3002<br><br><\/li>\n<li><b>\u7528\u6237\u7684\u5404\u79cd\u8d23\u4efb<br><\/b>\u6ce8\u518c\u4e92\u8054\u7f51\u7528\u6237\u627f\u8bfa\u5728\u4f7f\u7528\u4e92\u52a8\u670d\u52a1\u65f6\u4e0d\u4f7f\u7528\u4efb\u4f55\u865a\u5047\u6216\u865a\u6784\u7684\u8eab\u4efd\u6216\u5c5e\u4e8e\u7b2c\u4e09\u65b9\u7684\u8eab\u4efd\u3002<br>\u6240\u6709\u7528\u6237\u627f\u8bfa\u4e0d\u91c7\u53d6\u4efb\u4f55\u53ef\u80fd\u9650\u5236\u3001\u7981\u6b62\u6216\u6270\u4e71\u5176\u4ed6\u7528\u6237\u6b63\u5e38\u4f7f\u7528\u4e92\u52a8\u670d\u52a1\u548c\u5176\u4ed6\u4e92\u8054\u7f51\u7528\u6237\u6b63\u5e38\u4f7f\u7528 L'INSTITUT FRAN\u00c7AIS DU DESIGN\uff0c\u6216\u635f\u5bb3\u4efb\u4f55\u5176\u4ed6\u7528\u6237\u5185\u5bb9\u7684\u884c\u4e3a\u3002\u4e0a\u8ff0\u89c4\u5b9a\u9002\u7528\u4e8e\u6240\u6709\u75c5\u6bd2\u3001\u8815\u866b\u6216\u7279\u6d1b\u4f0a\u6728\u9a6c\u3001\"\u5783\u573e\u90ae\u4ef6\"\u3001\u8fde\u9501\u6216 \"\u6eda\u96ea\u7403 \"\u5f0f\u7535\u5b50\u90ae\u4ef6\u3002<br>\u6b64\u5916\uff0c\u7981\u6b62\u7be1\u6539\u6807\u8bc6\u7b26\u548c\u5bc6\u7801\u4ee5\u9690\u7792\u4efb\u4f55\u5185\u5bb9\u7684\u771f\u5b9e\u6765\u6e90\u3002<br><br>\u7528\u6237\u4e5f\u4e0d\u5f97\u6536\u96c6\u3001\u5229\u7528\u6216\u63d0\u53d6\u4efb\u4f55\u5185\u5bb9\uff0c\u4ee5\u521b\u5efa\u4e0e\u4e92\u52a8\u670d\u52a1\u7c7b\u4f3c\u6216\u751a\u81f3\u4ec5\u4ec5\u662f\u7ade\u4e89\u6027\u7684\u6570\u636e\u5e93\u6216\u76f8\u540c\u670d\u52a1\u3002<br>\u4e92\u8054\u7f51\u7528\u6237\u4e5f\u4e0d\u5f97\u5728\u672a\u7ecf\u6388\u6743\u7684\u60c5\u51b5\u4e0b\u4ee5\u4efb\u4f55\u65b9\u5f0f\u8bbf\u95ee\u5176\u4ed6\u7528\u6237\u7684\u5185\u5bb9\uff0c\u4e5f\u4e0d\u5f97\u4ee5\u4efb\u4f55\u65b9\u5f0f\u4fee\u6539\u5185\u5bb9\u6216\u5728\u76f8\u5173\u4e92\u52a8\u670d\u52a1\u4e0d\u5141\u8bb8\u53d1\u8868\u8bc4\u8bba\u7684\u60c5\u51b5\u4e0b\u53d1\u8868\u8bc4\u8bba\u3002<br><br>\u4e92\u8054\u7f51\u6ce8\u518c\u7528\u6237\u4fdd\u8bc1\u6cd5\u56fd\u8fbe\u82ac\u5947\u8bbe\u8ba1\u5b66\u9662\u4e0d\u4f1a\u56e0\u4efb\u4f55\u53ef\u5f52\u548e\u4e8e\u4ed6\/\u5979\u7684\u5185\u5bb9\u800c\u88ab\u8ffd\u8bc9\uff0c\u5305\u62ec\u6765\u81ea\u5176\u4ed6\u6ce8\u518c\u7528\u6237\u7684\u8ffd\u8bc9\uff0c\u5e76\u6839\u636e\u672c\u4e00\u822c\u4f7f\u7528\u6761\u4ef6\uff0c\u7279\u522b\u627f\u8bfa\u627f\u62c5\u4efb\u4f55\u53ef\u80fd\u5bf9\u6cd5\u56fd\u8fbe\u82ac\u5947\u8bbe\u8ba1\u5b66\u9662\u4f5c\u51fa\u7684\u5224\u51b3\u7684\u8d39\u7528\uff0c\u4ee5\u53ca\u540e\u8005\u5728\u4e3a\u81ea\u5df1\u8fa9\u62a4\u65f6\u53ef\u80fd\u4ea7\u751f\u7684\u4efb\u4f55\u8d39\u7528\u3002<br><br><\/li>\n<li><b>\u6cd5\u56fd\u8bbe\u8ba1\u5b66\u9662\u7684\u627f\u8bfa\u548c\u4e49\u52a1\u3002<br><\/b>\u539f\u5219\u4e0a\uff0cL'INSTITUT FRAN\u00c7AIS DU DESIGN\uff08\u6cd5\u56fd\u8bbe\u8ba1\u5b66\u9662\uff09\u6bcf\u5468 7 \u5929\u3001\u6bcf\u5929 24 \u5c0f\u65f6\u5747\u53ef\u8bbf\u95ee\uff0c\u4f46\u56e0\u7ef4\u62a4\u76ee\u7684\u6216\u4e0d\u53ef\u6297\u529b\u800c\u8ba1\u5212\u5185\u6216\u8ba1\u5212\u5916\u4e2d\u65ad\u7684\u60c5\u51b5\u9664\u5916\u3002\u7531\u4e8eL'INSTITUT FRAN\u00c7AIS DU DESIGN\u6709\u4e49\u52a1\u5c65\u884c\u624b\u6bb5\u4e49\u52a1\uff0c\u56e0\u6b64\u5bf9\u4e8e\u56e0\u7f51\u7ad9\u65e0\u6cd5\u4f7f\u7528\u800c\u9020\u6210\u7684\u4efb\u4f55\u6027\u8d28\u7684\u635f\u5bb3\uff0cL'INSTITUT FRAN\u00c7AIS DU DESIGN\u6982\u4e0d\u8d1f\u8d23\u3002<br><br>\u6cd5\u56fd\u8bbe\u8ba1\u5b66\u9662\u627f\u8bfa\u9075\u5b88\u7ecf 2004 \u5e74 8 \u6708 6 \u65e5\u6cd5\u5f8b\u4fee\u8ba2\u7684 1978 \u5e74 1 \u6708 6 \u65e5\u300a\u6cd5\u56fd\u6570\u636e\u4fdd\u62a4\u6cd5\u300b\u4e2d\u9002\u7528\u4e8e\u8be5\u5b66\u9662\u7684\u6240\u6709\u89c4\u5b9a\u3002\u6bcf\u4f4d\u8ba2\u6237\u548c\u6bcf\u4f4d\u4e92\u8054\u7f51\u7528\u6237\u5747\u53ef\u901a\u8fc7\u5176\u67e5\u9605\u6216\u4f7f\u7528\u672c\u4e00\u822c\u4f7f\u7528\u6761\u4ef6\u6240\u6db5\u76d6\u7684\u670d\u52a1\u7684\u7f51\u7ad9\u9875\u9762\u4e0a\u7684\u7279\u522b\u516c\u544a\u4e86\u89e3\u5176\u5728\u8fd9\u65b9\u9762\u7684\u6743\u5229\u3002<br>\u6b64\u5916\uff0c2004 \u5e74 6 \u6708 21 \u65e5\u6cd5\u5f8b\u7b2c 6 \u6761\u89c4\u5b9a\uff0c\u6cd5\u56fd\u8bbe\u8ba1\u5b66\u9662\u6709\u4e49\u52a1\u6839\u636e\u8be5\u6cd5\u89c4\u5b9a\u7684\u6761\u4ef6\uff0c\u4f20\u9001\u5176\u638c\u63e1\u7684\u6709\u5173\u4efb\u4f55\u8ba2\u6237\u8eab\u4efd\u7684\u6240\u6709\u4fe1\u606f\u3002<br><br>\u6cd5\u56fd\u5df4\u9ece\u8bbe\u8ba1\u5b66\u9662\u6709\u6743\u4fee\u6539\u6216\u4e2d\u65ad\u5168\u90e8\u6216\u90e8\u5206\u4e92\u52a8\u670d\u52a1\uff0c\u9650\u5236\u7528\u6237\u521b\u5efa\u6216\u53c2\u4e0e\u4e00\u9879\u6216\u591a\u9879\u4e92\u52a8\u670d\u52a1\u7684\u80fd\u529b\uff0c\u4ee5\u907f\u514d\u6ee5\u7528\u4e0a\u8ff0\u670d\u52a1\uff0c\u6839\u636e 2004 \u5e74 6 \u6708 21 \u65e5\u6cd5\u5f8b\u7b2c 6 \u6761\u63d0\u51fa\u7684\u8bf7\u6c42\u5220\u9664\u5168\u90e8\u6216\u90e8\u5206\u5185\u5bb9\u3001\u5220\u9664\u5168\u90e8\u6216\u90e8\u5206\u5185\u5bb9\uff0c\u6216\u4f7f\u7528\u6237\u65e0\u6cd5\u8bbf\u95ee\u8fd9\u4e9b\u5185\u5bb9\uff0c\u65e0\u8bba\u8be5\u8bf7\u6c42\u662f\u5426\u5408\u7406\uff0c\u4e5f\u65e0\u8bba\u6ce8\u518c\u7528\u6237\u662f\u5426\u63d0\u51fa\u5f02\u8bae\uff0c\u5373\u4f7f\u8fd9\u79cd\u5220\u9664\u6216\u65e0\u6cd5\u8bbf\u95ee\u4e5f\u6682\u65f6\u6216\u6c38\u4e45\u5730\u963b\u6b62\u4e86\u6ce8\u518c\u7528\u6237\u8bbf\u95ee\u81ea\u5df1\u7684\u5185\u5bb9\u3002<\/li>\n<\/ol>\n<h2>IV- \u5e7f\u544a<\/h2>\n<p>\u7528\u6237\u540c\u610f\uff0cL'INSTITUT FRAN\u00c7AIS DU DESIGN \u53ef\u968f\u65f6\u968f\u5730\u5728\u4efb\u4f55\u4e92\u52a8\u670d\u52a1\u4e0a\u8bbe\u7f6e\u7b26\u5408\u9002\u7528\u6cd5\u89c4\u7684\u4efb\u4f55\u7c7b\u578b\u7684\u5546\u4e1a\u5e7f\u544a\uff0c\u4e14\u8be5\u8bbe\u7f6e\u4e0d\u4f1a\u5bfc\u81f4\u7528\u6237\u63d0\u51fa\u4efb\u4f55\u7d22\u8d54\u3002<\/p>\n<p><\/p>\t\t\t\t\t\t<\/div>\n\t\t\t\t<\/div>\n\t\t\t\t\t<\/div>\n\t\t\t\t<\/div>\n\t\t\t\t<\/div>","protected":false},"excerpt":{"rendered":"<p>Conditions g\u00e9n\u00e9rales d&rsquo;utilisation I \u2013 PROPRIETE INTELLECTUELLE \/ DROITS CONCEDES AUX UTILISATEURS L\u2019INSTITUT FRAN\u00c7AIS DU DESIGN et ses partenaires sont les titulaires exclusifs de tous les droits de propri\u00e9t\u00e9 intellectuelle portant tant sur la structure que sur le contenu du site et ce dans le monde entier. L\u2019Institut conf\u00e8re \u00e0 l\u2019utilisateur un droit d\u2019usage priv\u00e9, non collectif et non exclusif, sur les contenus du site. Elle comprend le droit de reproduire pour stockage aux fins de repr\u00e9sentation sur \u00e9cran monoposte et de reproduction, en un exemplaire, pour copie de sauvegarde ou tirage sur papier. Ce droit est personnel, priv\u00e9 et<\/p>","protected":false},"author":5,"featured_media":0,"parent":0,"menu_order":0,"comment_status":"closed","ping_status":"open","template":"","meta":{"footnotes":""},"class_list":["post-3896","page","type-page","status-publish","hentry"],"_links":{"self":[{"href":"https:\/\/janusdesign.org\/zh\/wp-json\/wp\/v2\/pages\/3896","targetHints":{"allow":["GET"]}}],"collection":[{"href":"https:\/\/janusdesign.org\/zh\/wp-json\/wp\/v2\/pages"}],"about":[{"href":"https:\/\/janusdesign.org\/zh\/wp-json\/wp\/v2\/types\/page"}],"author":[{"embeddable":true,"href":"https:\/\/janusdesign.org\/zh\/wp-json\/wp\/v2\/users\/5"}],"replies":[{"embeddable":true,"href":"https:\/\/janusdesign.org\/zh\/wp-json\/wp\/v2\/comments?post=3896"}],"version-history":[{"count":4,"href":"https:\/\/janusdesign.org\/zh\/wp-json\/wp\/v2\/pages\/3896\/revisions"}],"predecessor-version":[{"id":3901,"href":"https:\/\/janusdesign.org\/zh\/wp-json\/wp\/v2\/pages\/3896\/revisions\/3901"}],"wp:attachment":[{"href":"https:\/\/janusdesign.org\/zh\/wp-json\/wp\/v2\/media?parent=3896"}],"curies":[{"name":"wp","href":"https:\/\/api.w.org\/{rel}","templated":true}]}}