{"id":3540,"date":"2024-09-24T16:29:43","date_gmt":"2024-09-24T14:29:43","guid":{"rendered":"https:\/\/janusdesign.org\/ifd-staging\/?page_id=3540"},"modified":"2024-10-03T14:23:59","modified_gmt":"2024-10-03T12:23:59","slug":"linstitut","status":"publish","type":"page","link":"https:\/\/janusdesign.org\/zh\/\u7814\u7a76\u6240\/","title":{"rendered":"L&rsquo;Institut"},"content":{"rendered":"<div data-elementor-type=\"wp-page\" data-elementor-id=\"3540\" class=\"elementor elementor-3540\" data-elementor-post-type=\"page\">\n\t\t\t\t<div class=\"elementor-element elementor-element-42d5f9c e-con-full e-flex e-con e-parent\" data-id=\"42d5f9c\" data-element_type=\"container\">\n\t\t\t\t<div class=\"elementor-element elementor-element-2c8483a elementor-widget elementor-widget-spacer\" data-id=\"2c8483a\" data-element_type=\"widget\" data-widget_type=\"spacer.default\">\n\t\t\t\t<div class=\"elementor-widget-container\">\n\t\t\t\t\t<div class=\"elementor-spacer\">\n\t\t\t<div class=\"elementor-spacer-inner\"><\/div>\n\t\t<\/div>\n\t\t\t\t<\/div>\n\t\t\t\t<\/div>\n\t\t\t\t<div class=\"elementor-element elementor-element-317ae7f1 elementor-widget__width-initial elementor-widget-mobile__width-inherit premium-title-icon-row premium-title-color elementor-widget elementor-widget-premium-addon-title\" data-id=\"317ae7f1\" data-element_type=\"widget\" data-widget_type=\"premium-addon-title.default\">\n\t\t\t\t<div class=\"elementor-widget-container\">\n\t\t\t\n\t\t<div class=\"premium-title-container style7\">\n\t\t\t<h4 class=\"premium-title-header premium-title-style7\">\n\t\t\t\t\t\t\t\t\t\t\t\t\t\t\t<span class=\"premium-title-style7-stripe-wrap\">\n\t\t\t\t\t\t\t<span class=\"premium-title-style7-stripe\"><\/span>\n\t\t\t\t\t\t<\/span>\n\t\t\t\t\t\t\t\t\t\t<div class=\"premium-title-style7-inner\">\n\t\t\t\t\n\t\t\t\t\t\t\t\t\t\t\t\t\t\t\t\t\t\t\t\t\t\t<img decoding=\"async\" class=\"premium-title-icon\" src=\"https:\/\/janusdesign.org\/wp-content\/uploads\/2024\/09\/icone-ifd.png\" alt=\"\u56fe\u6807-ifd\"><\/span>\n\t\t\t\t\t\t\t\t\t\t\t\t\t\t\t\n\t\t\t\t\t\t\t\t\t\t\t\t\t\t\t\t\t\t\t\t\t<span class=\"premium-title-text\" >\n\t\t\t\t\t\u7814\u7a76\u6240\t\t\t\t<\/span>\n\t\t\t\t\t\n\t\t\t\t\t\t\t\t\t<\/div>\n\t\t\t\t\t\t\t\t\t\t\t<\/h4>\n\t\t<\/div>\n\n\t\t\t\t<\/div>\n\t\t\t\t<\/div>\n\t\t\t\t<\/div>\n\t\t<div class=\"elementor-element elementor-element-68da8ad e-con-full e-flex e-con e-parent\" data-id=\"68da8ad\" data-element_type=\"container\">\n\t\t<div class=\"elementor-element elementor-element-0aeac0d e-con-full e-flex e-con e-child\" data-id=\"0aeac0d\" data-element_type=\"container\">\n\t\t\t\t<div class=\"elementor-element elementor-element-4c4cbaa elementor-widget elementor-widget-heading\" data-id=\"4c4cbaa\" data-element_type=\"widget\" data-widget_type=\"heading.default\">\n\t\t\t\t<div class=\"elementor-widget-container\">\n\t\t\t<h2 class=\"elementor-heading-title elementor-size-default\">\u901a\u8fc7\u8bbe\u8ba1\u91cd\u5851\u4e16\u754c<br>  \n<i>\u6cd5\u56fd\u8bbe\u8ba1\u5b66\u9662\u8d70\u5728\u524d\u6cbf<\/i><\/h2>\t\t<\/div>\n\t\t\t\t<\/div>\n\t\t\t\t<div class=\"elementor-element elementor-element-758e99b4 elementor-widget__width-initial elementor-widget elementor-widget-text-editor\" data-id=\"758e99b4\" data-element_type=\"widget\" data-widget_type=\"text-editor.default\">\n\t\t\t\t<div class=\"elementor-widget-container\">\n\t\t\t\t\t\t\t<p><strong>Depuis plus de soixante-dix ans, l\u2019Institut Fran\u00e7ais du Design s\u2019impose comme un acteur incontournable de l&rsquo;innovation en France. \u00c0 la crois\u00e9e des chemins entre cr\u00e9ativit\u00e9, industrie et \u00e9thique, il accompagne entreprises, designers et jeunes talents dans la conception de solutions audacieuses, durables et centr\u00e9es sur l&rsquo;humain. V\u00e9ritable laboratoire d&rsquo;id\u00e9es, l&rsquo;Institut joue un r\u00f4le cl\u00e9 dans l\u2019\u00e9volution du design en France, tout en valorisant les produits et services de demain. Observatoire des tendances et des signaux faibles de nos soci\u00e9t\u00e9s, il est aussi le Conservatoire d\u2019un h\u00e9ritage visionnaire qui continue de rayonner et d\u2019influencer \u00e0 travers le monde.<\/strong><\/p><p>Le design en France ne date pas d\u2019hier. En effet, l&rsquo;Institut Fran\u00e7ais du Design (IFD) tire ses origines de l&rsquo;Institut d&rsquo;Esth\u00e9tique Industrielle, fond\u00e9 en 1951 par Jacques Vi\u00e9not, l\u2019un des pionniers du m\u00e9tier de designer. Malgr\u00e9 cela, les aspects du m\u00e9tier de designer industriel sont encore souvent mal compris. Souvent associ\u00e9 aux beaux-arts dans l\u2019imaginaire collectif, le design joue pourtant un r\u00f4le essentiel en ouvrant des voies d\u2019innovation aux entreprises. Selon Anne-Marie Sargueil, pr\u00e9sidente de l\u2019Institut : \u00ab <em>\u5de5\u4e1a\u8bbe\u8ba1\u5728\u7814\u53d1\u3001\u8425\u9500\u548c\u751f\u4ea7\u7b49\u4f20\u7edf\u7684\u72ec\u7acb\u804c\u80fd\u4e4b\u95f4\u67b6\u8d77\u4e86\u6865\u6881\u3002\u901a\u8fc7\u7ed3\u5408\u4e0d\u540c\u7684\u65b9\u6cd5\uff0c\u8bbe\u8ba1\u5e08\u80fd\u591f\u534f\u8c03\u5206\u6790\u6027\u601d\u7ef4\u548c\u521b\u9020\u6027\u601d\u7ef4\u3002<\/em> \"<\/p><p>\u5728\u521b\u65b0\u505c\u6ede\u4e0d\u524d\uff0c\u4f01\u4e1a\u548c\u6d88\u8d39\u8005\u90fd\u611f\u5230\u8ff7\u832b\u7684\u65f6\u5019\uff0c\u8bbe\u8ba1\u6bd4\u4ee5\u5f80\u4efb\u4f55\u65f6\u5019\u90fd\u66f4\u80fd\u89e3\u51b3\u95ee\u9898\u3002\u5b83\u4f7f\u6211\u4eec\u80fd\u591f\u521b\u9020\u51fa\u521b\u65b0\u3001\u654f\u611f\u548c\u7b26\u5408\u9053\u5fb7\u89c4\u8303\u7684\u4ea7\u54c1\uff0c\u6ee1\u8db3\u6d88\u8d39\u8005\u548c\u516c\u6c11\u7684\u671f\u671b\u3002\u4e03\u5341\u591a\u5e74\u6765\uff0c\u6cd5\u56fd\u8bbe\u8ba1\u5b66\u9662\u4e00\u76f4\u81f4\u529b\u4e8e\u63a8\u5e7f\u8fd9\u79cd\u65b9\u6cd5\u3002\u6b63\u5982\u5b89\u59ae-\u739b\u4e3d-\u8428\u5c14\u76d6\u5c14\uff08Anne-Marie Sargueil\uff09\u6240\u6307\u51fa\u7684\uff1a\" <em>\u6211\u4eec\u7684\u4f7f\u547d\u4e3b\u8981\u662f\u5236\u5ea6\u6027\u7684\u3002\u6211\u4eec\u634d\u536b\u7684\u7406\u5ff5\u662f\uff0c\u4f01\u4e1a\u53ef\u4ee5\u60f3\u8c61\u4e00\u4e2a\u4ee5\u4eba\u4e3a\u672c\u3001\u4ee5\u73af\u5883\u4e3a\u4e2d\u5fc3\u7684\u65b0\u4e16\u754c\u3002<\/em> \"<\/p><p>\u4e3a\u4e86\u5b9e\u73b0\u8fd9\u4e00\u4f7f\u547d\uff0cIFD \u901a\u8fc7\u4e00\u4e2a\u7531\u6765\u81ea\u5546\u4e1a\u3001\u8bbe\u8ba1\u548c\u4eba\u6587\u79d1\u5b66\u9886\u57df\u7684\u4e13\u5bb6\u7ec4\u6210\u7684\u591a\u5b66\u79d1\u8bc4\u5ba1\u56e2\uff0c\u5bf9\u826f\u597d\u5b9e\u8df5\u8fdb\u884c\u8ba4\u8bc1\u3002\u8bc4\u5ba1\u56e2\u6388\u4e88 <em>JANUS \u6807\u7b7e<\/em>, officialis\u00e9 en 1953 par un arr\u00eat\u00e9 minist\u00e9riel et soutenu par le minist\u00e8re de l&rsquo;Industrie et du Commerce Ext\u00e9rieur. \u00ab <em>\u8bbe\u8ba1\u8005\u7684\u610f\u56fe\u3001\u7269\u54c1\u7684\u9053\u5fb7\u4ef7\u503c\u3001\u8bbe\u8ba1\u3001\u6240\u7528\u6750\u6599\u53ca\u5176\u5bf9\u7528\u6237\u7684\u5b9e\u7528\u6027\u90fd\u662f\u8bc4\u5ba1\u56e2\u7684\u57fa\u672c\u6807\u51c6\u3002<\/em> \"Anne-Marie Sargueil \u89e3\u91ca\u8bf4\u3002\u8be5\u6807\u7b7e\u6db5\u76d6\u7684\u9886\u57df\u591a\u79cd\u591a\u6837\uff0c\u4ece\u5de5\u4e1a\u3001\u536b\u751f\u5230\u96f6\u552e\u548c\u516c\u5171\u7a7a\u95f4\u3002<\/p><p>\u8be5\u7814\u7a76\u6240\u7684\u53e6\u4e00\u9879\u5de5\u4f5c\u662f\u901a\u8fc7 \"Janus de l'\u00c9tudiant\"\uff08\u5b66\u751f\u7684\u6770\u7eb3\u65af\uff09\u7ade\u8d5b\u6765\u4fc3\u8fdb\u4f18\u79c0\u4eba\u624d\u8131\u9896\u800c\u51fa\u3002\u8be5\u7ade\u8d5b\u9762\u5411\u63d0\u4ea4\u6bd5\u4e1a\u8bbe\u8ba1\u7684\u5e74\u8f7b\u6bd5\u4e1a\u751f\u3002\" <em>Janus de l'\u00c9tudiant \u662f\u6b27\u6d32\u7684\u9009\u62d4\u8d5b\u3002\u8fd9\u9879\u6d3b\u52a8\u5f97\u5230\u4e86\u4e13\u4e1a\u4eba\u58eb\u548c\u5b66\u6821\u7684\u652f\u6301\uff0c\u662f\u53d1\u73b0\u65b0\u79c0\u7684\u5173\u952e\u65f6\u523b\u3002<\/em> \"\u81ea\u8be5\u54c1\u724c\u4e8e 1985 \u5e74\u521b\u7acb\u4ee5\u6765\uff0c\u5df2\u6709 200 \u591a\u540d\u5e74\u8f7b\u8bbe\u8ba1\u5e08\u83b7\u5956\uff0c\u5176\u4e2d\u4e00\u4e9b\u4eba\u5df2\u5728\u804c\u4e1a\u751f\u6daf\u4e2d\u58f0\u540d\u9e4a\u8d77\u3002<\/p><p>\u81ea 2017 \u5e74\u4ee5\u6765\uff0cIFD \u4e00\u76f4\u5728\u4e3e\u529e EXPLORE | OUTSIDE THE BOX\uff0c\u8fd9\u662f\u4e00\u9879\u9488\u5bf9\u8bbe\u8ba1\u3001\u827a\u672f\u548c\u6444\u5f71\u5b66\u6821\u5b66\u751f\u7684\u6444\u5f71\u6bd4\u8d5b\uff0c\u4e3b\u9898\u662f\u4e00\u4e2a\u91cd\u8981\u7684\u793e\u4f1a\u95ee\u9898\u3002IFD \u4e00\u76f4\u5728\u5bfb\u627e\u601d\u8003\u672a\u6765\u8bbe\u8ba1\u7684\u65b9\u6cd5\uff0c\u5e76\u5e0c\u671b\u6293\u4f4f\u5e74\u8f7b\u4e00\u4ee3\u7684\u60f3\u8c61\u529b\uff0c\u63a2\u7d22\u5173\u952e\u793e\u4f1a\u95ee\u9898\u7684\u53ef\u80fd\u672a\u6765\u3002\u4e3a\u4e86\u9f13\u52b1\u60f3\u8c61\u529b\u3001\u521b\u9020\u529b\u548c\u5bf9\u53ef\u80fd\u6027\u7684\u63a2\u7d22\uff0c\u5927\u8d5b\u901a\u8fc7 \"\u4ea4\u53c9\u878d\u5408 \"\u517c\u6536\u5e76\u84c4\u3001\u82db\u523b\u800c\u4e92\u8865\u7684\u8bc4\u5ba1\u56e2\uff08\u8bbe\u8ba1\u5e08\u3001\u793e\u4f1a\u5b66\u5bb6\u3001\u5fc3\u7406\u5b66\u5bb6\u3001\u54f2\u5b66\u5bb6\u3001\u5386\u53f2\u5b66\u5bb6\u3001\u8bb0\u8005\u3001\u672a\u6765\u5b66\u5bb6\u3001\u6444\u5f71\u5e08\u3001\u5efa\u7b51\u5e08\u7b49\uff09\u7684\u4e13\u4e1a\u77e5\u8bc6\uff0c\u5bf9\u5fae\u5f31\u4fe1\u53f7\u8fdb\u884c\u72ec\u7279\u7684\u7834\u8bd1\u3002<\/p><p>\u6700\u540e\uff0c\u6cd5\u56fd\u8bbe\u8ba1\u5b66\u9662\u79ef\u6781\u53d1\u6325\u5408\u4f5c\u4f19\u4f34\u7684\u4f5c\u7528\uff0c\u5411\u4f01\u4e1a\u63d0\u4f9b\u4e13\u4e1a\u77e5\u8bc6\uff0c\u652f\u6301\u4ed6\u4eec\u5f00\u5c55\u6d3b\u52a8\uff0c\u5305\u62ec\u62db\u6807\u7ba1\u7406\u3001\u5ba1\u8ba1\u6216\u786e\u5b9a\u9879\u76ee\u3002<\/p>\t\t\t\t\t\t<\/div>\n\t\t\t\t<\/div>\n\t\t\t\t<\/div>\n\t\t\t\t<\/div>\n\t\t<div class=\"elementor-element elementor-element-5e7b32bb e-flex e-con-boxed e-con e-parent\" data-id=\"5e7b32bb\" data-element_type=\"container\">\n\t\t\t\t\t<div class=\"e-con-inner\">\n\t\t\t\t\t<\/div>\n\t\t\t\t<\/div>\n\t\t<div class=\"elementor-element elementor-element-31a977d1 e-flex e-con-boxed e-con e-parent\" data-id=\"31a977d1\" data-element_type=\"container\" data-settings=\"{&quot;background_background&quot;:&quot;classic&quot;}\">\n\t\t\t\t\t<div class=\"e-con-inner\">\n\t\t\t\t<div class=\"elementor-element elementor-element-2cfa87e9 elementor-vertical-align-middle elementor-widget__width-initial elementor-widget-tablet__width-inherit elementor-widget elementor-widget-icon-box\" data-id=\"2cfa87e9\" data-element_type=\"widget\" data-widget_type=\"icon-box.default\">\n\t\t\t\t<div class=\"elementor-widget-container\">\n\t\t\t\t\t<div class=\"elementor-icon-box-wrapper\">\n\n\t\t\t\n\t\t\t\t\t\t<div class=\"elementor-icon-box-content\">\n\n\t\t\t\t\t\t\t\t\t<h2 class=\"elementor-icon-box-title\">\n\t\t\t\t\t\t<span  >\n\t\t\t\t\t\t\t\u8ba2\u9605\u6211\u4eec\u7684\u901a\u8baf\t\t\t\t\t\t<\/span>\n\t\t\t\t\t<\/h2>\n\t\t\t\t\n\t\t\t\t\t\t\t\t\t<p class=\"elementor-icon-box-description\">\n\t\t\t\t\t\t\u4e86\u89e3\u6cd5\u56fd\u8bbe\u8ba1\u5b66\u9662\u7684\u6700\u65b0\u6d3b\u52a8\u4fe1\u606f\t\t\t\t\t<\/p>\n\t\t\t\t\n\t\t\t<\/div>\n\t\t\t\n\t\t<\/div>\n\t\t\t\t<\/div>\n\t\t\t\t<\/div>\n\t\t\t\t<div class=\"elementor-element elementor-element-2a8a3cdb elementor-widget elementor-widget-wp-widget-mc4wp_form_widget\" data-id=\"2a8a3cdb\" data-element_type=\"widget\" data-widget_type=\"wp-widget-mc4wp_form_widget.default\">\n\t\t\t\t<div class=\"elementor-widget-container\">\n\t\t\t<script>(function() {\n\twindow.mc4wp = window.mc4wp || {\n\t\tlisteners: [],\n\t\tforms: {\n\t\t\ton: function(evt, cb) {\n\t\t\t\twindow.mc4wp.listeners.push(\n\t\t\t\t\t{\n\t\t\t\t\t\tevent   : evt,\n\t\t\t\t\t\tcallback: cb\n\t\t\t\t\t}\n\t\t\t\t);\n\t\t\t}\n\t\t}\n\t}\n})();\n<\/script><!-- Mailchimp for WordPress v4.9.19 - https:\/\/wordpress.org\/plugins\/mailchimp-for-wp\/ --><form id=\"mc4wp-form-1\" class=\"mc4wp-form mc4wp-form-309\" method=\"post\" data-id=\"309\" data-name=\"inscription NL-IFD\" ><div class=\"mc4wp-form-fields\"><p>\r\n    <label><\/label>\r\n    <input type=\"text\" name=\"FNAME\" placeholder=\"\u59d3\u540d\"\r\n    required=\"\">\r\n\r\n    <label><\/label>\r\n    <input type=\"text\" name=\"LNAME\" placeholder=\"\u540d\u79f0\" required=\"\">\r\n\r\n\t<label><\/label>\r\n\t\t<input type=\"email\" name=\"EMAIL\" placeholder=\"\u60a8\u7684\u7535\u5b50\u90ae\u4ef6\" required \/>\r\n\r\n<\/p>\r\n<p>\r\n\t<input type=\"submit\" value=\"\u8ba2\u9605\" \/>\r\n<\/p><\/div><label style=\"display: none !important;\">\u5982\u679c\u60a8\u662f\u4eba\u7c7b\uff0c\u8bf7\u4e0d\u8981\u586b\u5199\uff1a <input type=\"text\" name=\"_mc4wp_honeypot\" value=\"\" tabindex=\"-1\" autocomplete=\"off\" \/><\/label><input type=\"hidden\" name=\"_mc4wp_timestamp\" value=\"1776277222\" \/><input type=\"hidden\" name=\"_mc4wp_form_id\" value=\"309\" \/><input type=\"hidden\" name=\"_mc4wp_form_element_id\" value=\"mc4wp-form-1\" \/><div class=\"mc4wp-response\"><\/div><input type=\"hidden\" name=\"trp-form-language\" value=\"zh\"\/><\/form><!-- \/ Mailchimp for WordPress Plugin -->\t\t<\/div>\n\t\t\t\t<\/div>\n\t\t\t\t\t<\/div>\n\t\t\t\t<\/div>\n\t\t<div class=\"elementor-element elementor-element-39b921d e-flex e-con-boxed e-con e-parent\" data-id=\"39b921d\" data-element_type=\"container\">\n\t\t\t\t\t<div class=\"e-con-inner\">\n\t\t\t\t\t<\/div>\n\t\t\t\t<\/div>\n\t\t\t\t<\/div>","protected":false},"excerpt":{"rendered":"<p>L&rsquo;Institut R\u00e9inventer le monde par le design L&rsquo;Institut Fran\u00e7ais du Design en premi\u00e8re ligne Depuis plus de soixante-dix ans, l\u2019Institut Fran\u00e7ais du Design s\u2019impose comme un acteur incontournable de l&rsquo;innovation en France. \u00c0 la crois\u00e9e des chemins entre cr\u00e9ativit\u00e9, industrie et \u00e9thique, il accompagne entreprises, designers et jeunes talents dans la conception de solutions audacieuses, durables et centr\u00e9es sur l&rsquo;humain. V\u00e9ritable laboratoire d&rsquo;id\u00e9es, l&rsquo;Institut joue un r\u00f4le cl\u00e9 dans l\u2019\u00e9volution du design en France, tout en valorisant les produits et services de demain. Observatoire des tendances et des signaux faibles de nos soci\u00e9t\u00e9s, il est aussi le Conservatoire d\u2019un h\u00e9ritage<\/p>","protected":false},"author":1,"featured_media":0,"parent":0,"menu_order":0,"comment_status":"closed","ping_status":"closed","template":"","meta":{"footnotes":""},"class_list":["post-3540","page","type-page","status-publish","hentry"],"_links":{"self":[{"href":"https:\/\/janusdesign.org\/zh\/wp-json\/wp\/v2\/pages\/3540","targetHints":{"allow":["GET"]}}],"collection":[{"href":"https:\/\/janusdesign.org\/zh\/wp-json\/wp\/v2\/pages"}],"about":[{"href":"https:\/\/janusdesign.org\/zh\/wp-json\/wp\/v2\/types\/page"}],"author":[{"embeddable":true,"href":"https:\/\/janusdesign.org\/zh\/wp-json\/wp\/v2\/users\/1"}],"replies":[{"embeddable":true,"href":"https:\/\/janusdesign.org\/zh\/wp-json\/wp\/v2\/comments?post=3540"}],"version-history":[{"count":18,"href":"https:\/\/janusdesign.org\/zh\/wp-json\/wp\/v2\/pages\/3540\/revisions"}],"predecessor-version":[{"id":4072,"href":"https:\/\/janusdesign.org\/zh\/wp-json\/wp\/v2\/pages\/3540\/revisions\/4072"}],"wp:attachment":[{"href":"https:\/\/janusdesign.org\/zh\/wp-json\/wp\/v2\/media?parent=3540"}],"curies":[{"name":"wp","href":"https:\/\/api.w.org\/{rel}","templated":true}]}}