{"id":2763,"date":"2024-09-17T01:02:09","date_gmt":"2024-09-16T23:02:09","guid":{"rendered":"https:\/\/janusdesign.org\/ifd-staging\/?page_id=2763"},"modified":"2024-10-03T14:40:26","modified_gmt":"2024-10-03T12:40:26","slug":"les-univers-janus","status":"publish","type":"page","link":"https:\/\/janusdesign.org\/zh\/\u7834\u98ce\u5b87\u5b99\/","title":{"rendered":"\u6770\u7eb3\u65af\u5b87\u5b99"},"content":{"rendered":"<div data-elementor-type=\"wp-page\" data-elementor-id=\"2763\" class=\"elementor elementor-2763\" data-elementor-post-type=\"page\">\n\t\t\t\t<div class=\"elementor-element elementor-element-42d5f9c e-con-full e-flex e-con e-parent\" data-id=\"42d5f9c\" data-element_type=\"container\">\n\t\t\t\t<div class=\"elementor-element elementor-element-2c8483a elementor-widget elementor-widget-spacer\" data-id=\"2c8483a\" data-element_type=\"widget\" data-widget_type=\"spacer.default\">\n\t\t\t\t<div class=\"elementor-widget-container\">\n\t\t\t\t\t<div class=\"elementor-spacer\">\n\t\t\t<div class=\"elementor-spacer-inner\"><\/div>\n\t\t<\/div>\n\t\t\t\t<\/div>\n\t\t\t\t<\/div>\n\t\t\t\t<div class=\"elementor-element elementor-element-317ae7f1 elementor-widget__width-initial elementor-widget-mobile__width-inherit premium-title-icon-row premium-title-color elementor-widget elementor-widget-premium-addon-title\" data-id=\"317ae7f1\" data-element_type=\"widget\" data-widget_type=\"premium-addon-title.default\">\n\t\t\t\t<div class=\"elementor-widget-container\">\n\t\t\t\n\t\t<div class=\"premium-title-container style7\">\n\t\t\t<h4 class=\"premium-title-header premium-title-style7\">\n\t\t\t\t\t\t\t\t\t\t\t\t\t\t\t<span class=\"premium-title-style7-stripe-wrap\">\n\t\t\t\t\t\t\t<span class=\"premium-title-style7-stripe\"><\/span>\n\t\t\t\t\t\t<\/span>\n\t\t\t\t\t\t\t\t\t\t<div class=\"premium-title-style7-inner\">\n\t\t\t\t\n\t\t\t\t\t\t\t\t\t\t\t\t\t\t\t\t\t\t\t\t\t\t<img decoding=\"async\" class=\"premium-title-icon\" src=\"https:\/\/janusdesign.org\/wp-content\/uploads\/2024\/09\/noun-telescope-7185524.png\" alt=\"noun-telescope-7185524\"><\/span>\n\t\t\t\t\t\t\t\t\t\t\t\t\t\t\t\n\t\t\t\t\t\t\t\t\t\t\t\t\t\t\t\t\t\t\t\t\t<span class=\"premium-title-text\" >\n\t\t\t\t\tJANUS \u5b87\u5b99\t\t\t\t<\/span>\n\t\t\t\t\t\n\t\t\t\t\t\t\t\t\t<\/div>\n\t\t\t\t\t\t\t\t\t\t\t<\/h4>\n\t\t<\/div>\n\n\t\t\t\t<\/div>\n\t\t\t\t<\/div>\n\t\t\t\t<\/div>\n\t\t<div class=\"elementor-element elementor-element-7d3ce33f e-con-full elementor-hidden-tablet elementor-hidden-mobile e-flex e-con e-parent\" data-id=\"7d3ce33f\" data-element_type=\"container\">\n\t\t\t\t<div class=\"elementor-element elementor-element-51704ee1 premium-nav-hor premium-nav-none premium-ham-dropdown elementor-widget elementor-widget-premium-nav-menu\" data-id=\"51704ee1\" data-element_type=\"widget\" data-settings=\"{&quot;submenu_icon&quot;:{&quot;value&quot;:&quot;fas fa-angle-down&quot;,&quot;library&quot;:&quot;fa-solid&quot;},&quot;submenu_item_icon&quot;:{&quot;value&quot;:&quot;&quot;,&quot;library&quot;:&quot;&quot;}}\" data-widget_type=\"premium-nav-menu.default\">\n\t\t\t\t<div class=\"elementor-widget-container\">\n\t\t\t\t\t\t<div data-settings=\"{&quot;breakpoint&quot;:1024,&quot;mobileLayout&quot;:&quot;dropdown&quot;,&quot;mainLayout&quot;:&quot;hor&quot;,&quot;stretchDropdown&quot;:false,&quot;hoverEffect&quot;:&quot;&quot;,&quot;submenuEvent&quot;:&quot;hover&quot;,&quot;submenuTrigger&quot;:null,&quot;closeAfterClick&quot;:false}\" class=\"premium-nav-widget-container premium-nav-pointer-none\" style=\"visibility:hidden; opacity:0;\">\r\n\t\t\t\t<div class=\"premium-ver-inner-container\">\r\n\t\t\t\t\t<div class=\"premium-hamburger-toggle premium-mobile-menu-icon\" role=\"button\" aria-label=\"\u5207\u6362\u83dc\u5355\">\r\n\t\t\t\t\t\t<span class=\"premium-toggle-text\">\r\n\t\t\t\t\t\t\t<i aria-hidden=\"true\" class=\"fas fa-bars\"><\/i>\u83dc\u5355\t\t\t\t\t\t<\/span>\r\n\t\t\t\t\t\t<span class=\"premium-toggle-close\">\r\n\t\t\t\t\t\t\t<i aria-hidden=\"true\" class=\"fas fa-times\"><\/i>\u5173\u95ed\t\t\t\t\t\t<\/span>\r\n\t\t\t\t\t<\/div>\r\n\t\t\t\t\t\t\t\t\t\t\t\t<div class=\"premium-nav-menu-container premium-nav-default\">\r\n\t\t\t\t\t\t\t\t<ul id=\"menu-janus\" class=\"premium-nav-menu premium-main-nav-menu\"><li id=\"premium-nav-menu-item-3510\" class=\"menu-item menu-item-type-post_type menu-item-object-page premium-nav-menu-item\"><a href=\"https:\/\/janusdesign.org\/zh\/\u7b80\u7eb3\u65af\u6807\u7b7e\/\" class=\"premium-menu-link premium-menu-link-parent\">\u6807\u7b7e<\/a><\/li>\n<li id=\"premium-nav-menu-item-3509\" class=\"menu-item menu-item-type-post_type menu-item-object-page premium-nav-menu-item\"><a href=\"https:\/\/janusdesign.org\/zh\/\u7834\u5929\u8352\u966a\u5ba1\u56e2\/\" class=\"premium-menu-link premium-menu-link-parent\">\u966a\u5ba1\u56e2<\/a><\/li>\n<li id=\"premium-nav-menu-item-3511\" class=\"menu-item menu-item-type-post_type menu-item-object-page current-menu-item page_item page-item-2763 current_page_item premium-nav-menu-item premium-active-item\"><a href=\"https:\/\/janusdesign.org\/zh\/\u7834\u98ce\u5b87\u5b99\/\" aria-current=\"page\" class=\"premium-menu-link premium-menu-link-parent\">\u5927\u5b66<\/a><\/li>\n<li id=\"premium-nav-menu-item-3508\" class=\"menu-item menu-item-type-post_type menu-item-object-page premium-nav-menu-item\"><a href=\"https:\/\/janusdesign.org\/zh\/\u7834\u51b0\u8239\u6307\u5357\/\" class=\"premium-menu-link premium-menu-link-parent\">\u6307\u5357<\/a><\/li>\n<\/ul>\t\t\t\t\t\t\t<\/div>\r\n\t\t\t\t\t\t\t\t\t\t\t\t\t\t<div class=\"premium-mobile-menu-container\">\r\n\t\t\t\t\t\t\t\t<ul id=\"menu-janus-1\" class=\"premium-mobile-menu premium-main-mobile-menu premium-main-nav-menu\"><li id=\"premium-nav-menu-item-35101\" class=\"menu-item menu-item-type-post_type menu-item-object-page premium-nav-menu-item\"><a href=\"https:\/\/janusdesign.org\/zh\/\u7b80\u7eb3\u65af\u6807\u7b7e\/\" class=\"premium-menu-link premium-menu-link-parent\">\u6807\u7b7e<\/a><\/li>\n<li id=\"premium-nav-menu-item-35092\" class=\"menu-item menu-item-type-post_type menu-item-object-page premium-nav-menu-item\"><a href=\"https:\/\/janusdesign.org\/zh\/\u7834\u5929\u8352\u966a\u5ba1\u56e2\/\" class=\"premium-menu-link premium-menu-link-parent\">\u966a\u5ba1\u56e2<\/a><\/li>\n<li id=\"premium-nav-menu-item-35113\" class=\"menu-item menu-item-type-post_type menu-item-object-page current-menu-item page_item page-item-2763 current_page_item premium-nav-menu-item premium-active-item\"><a href=\"https:\/\/janusdesign.org\/zh\/\u7834\u98ce\u5b87\u5b99\/\" aria-current=\"page\" class=\"premium-menu-link premium-menu-link-parent\">\u5927\u5b66<\/a><\/li>\n<li id=\"premium-nav-menu-item-35084\" class=\"menu-item menu-item-type-post_type menu-item-object-page premium-nav-menu-item\"><a href=\"https:\/\/janusdesign.org\/zh\/\u7834\u51b0\u8239\u6307\u5357\/\" class=\"premium-menu-link premium-menu-link-parent\">\u6307\u5357<\/a><\/li>\n<\/ul>\t\t\t\t\t\t\t<\/div>\r\n\t\t\t\t\t\t\t\t\t\t\t<\/div>\r\n\t\t\t<\/div>\r\n\t\t\t\t<\/div>\n\t\t\t\t<\/div>\n\t\t\t\t<div class=\"elementor-element elementor-element-a90d32b elementor-widget elementor-widget-spacer\" data-id=\"a90d32b\" data-element_type=\"widget\" data-widget_type=\"spacer.default\">\n\t\t\t\t<div class=\"elementor-widget-container\">\n\t\t\t\t\t<div class=\"elementor-spacer\">\n\t\t\t<div class=\"elementor-spacer-inner\"><\/div>\n\t\t<\/div>\n\t\t\t\t<\/div>\n\t\t\t\t<\/div>\n\t\t\t\t<\/div>\n\t\t<div class=\"elementor-element elementor-element-68da8ad e-con-full e-flex e-con e-parent\" data-id=\"68da8ad\" data-element_type=\"container\">\n\t\t<div class=\"elementor-element elementor-element-0a755e2 e-con-full e-flex e-con e-child\" data-id=\"0a755e2\" data-element_type=\"container\" data-settings=\"{&quot;background_background&quot;:&quot;classic&quot;}\">\n\t\t\t\t<div class=\"elementor-element elementor-element-3775a550 elementor-widget__width-initial elementor-widget elementor-widget-image\" data-id=\"3775a550\" data-element_type=\"widget\" data-widget_type=\"image.default\">\n\t\t\t\t<div class=\"elementor-widget-container\">\n\t\t\t\t\t\t\t\t\t\t\t\t\t<img fetchpriority=\"high\" decoding=\"async\" width=\"1000\" height=\"1170\" src=\"https:\/\/janusdesign.org\/wp-content\/uploads\/2024\/09\/JANUS-blanc.png\" class=\"attachment-full size-full wp-image-1440\" alt=\"\" srcset=\"https:\/\/janusdesign.org\/wp-content\/uploads\/2024\/09\/JANUS-blanc.png 1000w, https:\/\/janusdesign.org\/wp-content\/uploads\/2024\/09\/JANUS-blanc-256x300.png 256w, https:\/\/janusdesign.org\/wp-content\/uploads\/2024\/09\/JANUS-blanc-875x1024.png 875w, https:\/\/janusdesign.org\/wp-content\/uploads\/2024\/09\/JANUS-blanc-768x899.png 768w, https:\/\/janusdesign.org\/wp-content\/uploads\/2024\/09\/JANUS-blanc-10x12.png 10w, https:\/\/janusdesign.org\/wp-content\/uploads\/2024\/09\/JANUS-blanc-60x70.png 60w\" sizes=\"(max-width: 1000px) 100vw, 1000px\" \/>\t\t\t\t\t\t\t\t\t\t\t\t\t<\/div>\n\t\t\t\t<\/div>\n\t\t\t\t<\/div>\n\t\t<div class=\"elementor-element elementor-element-0aeac0d e-con-full e-flex e-con e-child\" data-id=\"0aeac0d\" data-element_type=\"container\">\n\t\t\t\t<div class=\"elementor-element elementor-element-8f73723 animated-slow elementor-invisible elementor-widget elementor-widget-heading\" data-id=\"8f73723\" data-element_type=\"widget\" data-settings=\"{&quot;_animation&quot;:&quot;rollIn&quot;}\" data-widget_type=\"heading.default\">\n\t\t\t\t<div class=\"elementor-widget-container\">\n\t\t\t<h2 class=\"elementor-heading-title elementor-size-default\">Au plus pr\u00e8s des \u00e9volutions de la soci\u00e9t\u00e9<\/h2>\t\t<\/div>\n\t\t\t\t<\/div>\n\t\t\t\t<div class=\"elementor-element elementor-element-758e99b4 elementor-widget elementor-widget-text-editor\" data-id=\"758e99b4\" data-element_type=\"widget\" data-widget_type=\"text-editor.default\">\n\t\t\t\t<div class=\"elementor-widget-container\">\n\t\t\t\t\t\t\t<div class=\"itemHeader\"><p class=\"itemTitle\">Soucieux de rester au plus pr\u00e8s des \u00e9volutions soci\u00e9tales et parce que le citoyen est au centre d&#8217;univers multiples, les JANUS sont d\u00e9clin\u00e9s en diff\u00e9rents univers.<\/p><\/div><div class=\"itemToolbar\"><p><strong>JANUS \u5de5\u4e1a<\/strong><br \/>JANUS de l'Industrie\uff08\u5de5\u4e1a JANUS\uff09\u662f\u6cd5\u56fd\u8bbe\u8ba1\u5b66\u9662\u81ea 1953 \u5e74\u8d77\u9881\u53d1\u7684\u4e00\u4e2a\u6807\u7b7e\uff0c\u65e8\u5728\u5956\u52b1\u90a3\u4e9b\u4ece\u8bbe\u8ba1\u4e4b\u521d\u5c31\u4e3a\u7528\u6237\u5e26\u6765\u771f\u6b63\u4ef7\u503c\u7684\u5de5\u4e1a\u4ea7\u54c1\u3002<br \/>\u7531\u4e8e\u516c\u6c11\u6d88\u8d39\u8005\u5904\u4e8e\u591a\u4e2a\u4e16\u754c\u7684\u4e2d\u5fc3\uff0c\u56e0\u6b64 JANUS \u53ef\u63d0\u4f9b .NET \u548c .NET \u7248\u672c\uff1a<\/p><p><strong>JANUS de la Sant\u00e9<\/strong><br \/>JANUS de la Sant\u00e9 \u81f4\u529b\u4e8e\u4e3a\u75c5\u4eba\u3001\u6b8b\u75be\u4eba\u548c\u533b\u62a4\u4eba\u5458\u63d0\u4f9b\u533b\u7597\u8bbe\u5907\u3002<\/p><p><strong>JANUS de la Cit\u00e9<\/strong><br \/>JANUS de la Cit\u00e9 \u81f4\u529b\u4e8e\u6539\u5584\u57ce\u5e02\u5c45\u6c11\u548c\u7528\u6237\u751f\u6d3b\u8d28\u91cf\u7684\u9879\u76ee\u3002<\/p><p><strong>JANUS du Commerce<\/strong><br \/>JANUS du Commerce \u7684\u76ee\u6807\u662f\u8ba9\u96f6\u552e\u5546\u7684\u8d2d\u7269\u884c\u4e3a \"\u4eba\u6027\u5316\"\uff0c\u6539\u5584\u6d88\u8d39\u8005\u4f53\u9a8c\u3002<\/p><p><strong>JANUS de l&#8217;Espace de vie<\/strong><br \/>Le JANUS de l&#8217;Espace de vie est d\u00e9di\u00e9 aux espaces publics et priv\u00e9s con\u00e7us pour am\u00e9liorer les conditions de vie de leurs usagers. Ce JANUS peut r\u00e9compenser des d\u00e9marches de design pour des mus\u00e9es, des \u00e9coles, des h\u00f4pitaux, des h\u00f4tels, des bureaux, etc.<\/p><p><strong>JANUS du Service<\/strong><br \/>\u670d\u52a1 JANUS \u662f\u4e00\u79cd\u65b0\u7684\u754c\u9762\u60c5\u666f\u8bbe\u8ba1\uff0c\u6709\u52a9\u4e8e\u5b9e\u73b0\u4ea7\u54c1\u7684\u975e\u7269\u8d28\u5316\u3002\u670d\u52a1\u8bbe\u8ba1\u8005\u7684\u4f5c\u7528\u662f\u4fc3\u8fdb\u4ea4\u6d41\uff0c\u4e0e\u516c\u53f8\uff08\u9879\u76ee\u6240\u6709\u8005\u6216\u5236\u9020\u5546\uff09\u5171\u540c\u521b\u9020\uff0c\u5e76\u4e3a\u4f7f\u7528\u63d0\u4f9b\u89e3\u51b3\u65b9\u6848\u3002<\/p><p><strong>JANUS de la Prospective<\/strong><br \/>JANUS de la Prospective \u81f4\u529b\u4e8e\u5bf9\u7528\u6237\u884c\u4e3a\u4ea7\u751f\u5f71\u54cd\u7684\u5b9e\u9a8c\u6027\u521b\u65b0\uff0c\u521b\u9020\u65b0\u7684\u624b\u52bf\u3001\u65b0\u7684\u754c\u9762\u548c\u65b0\u7684\u7ecf\u6d4e\u3002<\/p><p>\u00a0<\/p><p>\u00a0<\/p><p><strong>\u65f6\u5c1a\u4e0e\u5065\u5eb7\u7684 JANUS<\/strong><br \/>JANUS de la Mode \u5956\u9879\u5956\u52b1\u90a3\u4e9b\u91c7\u7528\u521b\u65b0\u7f8e\u5b66\u6750\u6599\uff0c\u5c06\u65f6\u5c1a\u4e0e\u5065\u5eb7\u5b8c\u7f8e\u7ed3\u5408\u7684\u4ea7\u54c1\u7cfb\u5217\u3002<\/p><p><strong>JANUS du Mobilier<\/strong><br \/>JANUS \u5bb6\u5177\u5956\u65e8\u5728\u5956\u52b1\u5bb6\u5177\u9886\u57df\u7684\u521b\u65b0\uff0c\u53ea\u8981\u8fd9\u4e9b\u521b\u65b0\u80fd\u5c06\u4f7f\u7528\u8212\u9002\u6027\uff08\u4eba\u4f53\u5de5\u7a0b\u5b66\u3001\u529f\u80fd\u6027\uff09\u4e0e\u98ce\u683c\u76f8\u7ed3\u5408\uff0c\u521b\u9020\u51fa\u5b9e\u7528\u3001\u548c\u8c10\u7684\u4ea7\u54c1\u3002<\/p><p><strong>\u7ec4\u4ef6\u548c\u6750\u6599 JANUS<\/strong><br \/>JANUS \u7ec4\u4ef6\u4e0e\u6750\u6599\u5c55\u5c55\u793a\u4e86\u5de5\u4e1a\u521b\u65b0\u4ea7\u54c1\uff0c\u8fd9\u4e9b\u4ea7\u54c1\u53ef\u63d0\u4f9b\u65b0\u7684\u8212\u9002\u5ea6\uff0c\u65b9\u4fbf\u66f4\u76f4\u89c2\u7684\u624b\u52bf\u64cd\u4f5c\uff0c\u5e76\u80fd\u5e94\u5bf9\u751f\u6001\u6311\u6218\u3002<\/p><p><strong>\u9057\u4ea7\u4e0e\u521b\u65b0 JANUS<\/strong><br \/>JANUS du Patrimoine et de l'Innovation\u672c\u7740\u7acb\u8db3\u672c\u571f\u7684\u7cbe\u795e\uff0c\u4fc3\u8fdb\u4e13\u6709\u6280\u672f\u7684\u53d1\u5c55\uff0c\u9f13\u52b1\u7ef4\u6301\u5c31\u4e1a\uff0c\u4e3a\u4f01\u4e1a\u7684\u6301\u4e45\u53d1\u5c55\u505a\u51fa\u8d21\u732e\u3002<\/p><p><strong>JANUS de la Marque<\/strong><br \/>Le JANUS de la Marque r\u00e9compense une strat\u00e9gie globale et la mise en oeuvre d&#8217;un syst\u00e8me coh\u00e9rent de signes et de points de contacts avec toutes les parties prenantes (clients, salari\u00e9s, fournisseurs, prescripteurs, m\u00e9dias, influenceurs, etc.)<\/p><p><strong>JANUS du Sensoriel<\/strong><br \/>Le JANUS du Sensoriel est destin\u00e9 aux marques et r\u00e9alisations qui redonnent la primaut\u00e9 aux sens dans le parcours d&#8217;exp\u00e9rience. Le &#8220;E&#8221; de l&#8217;Emotion met en exergue le crit\u00e8re d&#8217;irrationnalit\u00e9.<\/p><p><strong>\u77e5\u8bc6\u7684 JANUS<\/strong><br \/>JANUS du Savoir \u81f4\u529b\u4e8e\u5c06\u6280\u672f\u521b\u65b0\u4e0e\u4f20\u64ad\u6587\u5316\u77e5\u8bc6\u76f8\u7ed3\u5408\uff0c\u4f7f\u5c3d\u53ef\u80fd\u591a\u7684\u4eba\u53d7\u76ca\u7684\u9879\u76ee\u3002<\/p><p><strong>\u516c\u6c11\u8bbe\u8ba1 JANUS<\/strong><br \/>JANUS for Civic Design\u300b\u8d85\u8d8a\u4e86 \"\u7f8e\u89c2 \"\u548c \"\u5b9e\u7528 \"\u7684\u8303\u7574\uff0c\u52fe\u52d2\u51fa\u5177\u6709\u793e\u4f1a\u8d23\u4efb\u611f\u7684\u8bbe\u8ba1\u8f6e\u5ed3\u3002<\/p><p><strong>JANUS de l&#8217;Exp\u00e9rience Digitale<\/strong><br \/>\u6570\u5b57\u4f53\u9a8c JANUS \u5956\u5956\u52b1\u90a3\u4e9b\u4ee5\u7528\u6237\u4f53\u9a8c\u4e3a\u4e2d\u5fc3\u8fdb\u884c\u8bbe\u8ba1\u7684\u9879\u76ee\u3002\u8be5\u5956\u9879\u65e8\u5728\u5956\u52b1\u90a3\u4e9b\u4ee5\u7528\u6237\u4f53\u9a8c\u4e3a\u4e2d\u5fc3\u7684\u8bbe\u8ba1\u9879\u76ee\uff0c\u8fd9\u4e9b\u9879\u76ee\u80fd\u591f\u9884\u89c1\u7528\u6237\u7684\u671f\u671b\uff0c\u5e76\u901a\u8fc7\u6570\u5b57\u89e3\u51b3\u65b9\u6848\u6ee1\u8db3\u7528\u6237\u7684\u9700\u6c42\u3002<\/p><\/div>\t\t\t\t\t\t<\/div>\n\t\t\t\t<\/div>\n\t\t\t\t<\/div>\n\t\t<div class=\"elementor-element elementor-element-886a731 e-con-full e-flex e-con e-child\" data-id=\"886a731\" data-element_type=\"container\" data-settings=\"{&quot;background_background&quot;:&quot;classic&quot;}\">\n\t\t\t\t<\/div>\n\t\t<div class=\"elementor-element elementor-element-ed78dcd e-con-full e-flex e-con e-child\" data-id=\"ed78dcd\" data-element_type=\"container\">\n\t\t\t\t<\/div>\n\t\t\t\t<\/div>\n\t\t<div class=\"elementor-element elementor-element-036c8af e-flex e-con-boxed e-con e-parent\" data-id=\"036c8af\" data-element_type=\"container\">\n\t\t\t\t\t<div class=\"e-con-inner\">\n\t\t\t\t\t<\/div>\n\t\t\t\t<\/div>\n\t\t<div class=\"elementor-element elementor-element-4e493da e-flex e-con-boxed e-con e-parent\" data-id=\"4e493da\" data-element_type=\"container\" data-settings=\"{&quot;background_background&quot;:&quot;classic&quot;}\">\n\t\t\t\t\t<div class=\"e-con-inner\">\n\t\t\t\t<div class=\"elementor-element elementor-element-780ab9d7 elementor-vertical-align-middle elementor-widget__width-initial elementor-widget-tablet__width-inherit elementor-widget elementor-widget-icon-box\" data-id=\"780ab9d7\" data-element_type=\"widget\" data-widget_type=\"icon-box.default\">\n\t\t\t\t<div class=\"elementor-widget-container\">\n\t\t\t\t\t<div class=\"elementor-icon-box-wrapper\">\n\n\t\t\t\n\t\t\t\t\t\t<div class=\"elementor-icon-box-content\">\n\n\t\t\t\t\t\t\t\t\t<h2 class=\"elementor-icon-box-title\">\n\t\t\t\t\t\t<span  >\n\t\t\t\t\t\t\t\u8ba2\u9605\u6211\u4eec\u7684\u901a\u8baf\t\t\t\t\t\t<\/span>\n\t\t\t\t\t<\/h2>\n\t\t\t\t\n\t\t\t\t\t\t\t\t\t<p class=\"elementor-icon-box-description\">\n\t\t\t\t\t\t\u4e86\u89e3\u6cd5\u56fd\u8bbe\u8ba1\u5b66\u9662\u7684\u6700\u65b0\u6d3b\u52a8\u4fe1\u606f\t\t\t\t\t<\/p>\n\t\t\t\t\n\t\t\t<\/div>\n\t\t\t\n\t\t<\/div>\n\t\t\t\t<\/div>\n\t\t\t\t<\/div>\n\t\t\t\t<div class=\"elementor-element elementor-element-214f8302 elementor-widget elementor-widget-wp-widget-mc4wp_form_widget\" data-id=\"214f8302\" data-element_type=\"widget\" data-widget_type=\"wp-widget-mc4wp_form_widget.default\">\n\t\t\t\t<div class=\"elementor-widget-container\">\n\t\t\t<script>(function() {\n\twindow.mc4wp = window.mc4wp || {\n\t\tlisteners: [],\n\t\tforms: {\n\t\t\ton: function(evt, cb) {\n\t\t\t\twindow.mc4wp.listeners.push(\n\t\t\t\t\t{\n\t\t\t\t\t\tevent   : evt,\n\t\t\t\t\t\tcallback: cb\n\t\t\t\t\t}\n\t\t\t\t);\n\t\t\t}\n\t\t}\n\t}\n})();\n<\/script><!-- Mailchimp for WordPress v4.9.19 - https:\/\/wordpress.org\/plugins\/mailchimp-for-wp\/ --><form id=\"mc4wp-form-1\" class=\"mc4wp-form mc4wp-form-309\" method=\"post\" data-id=\"309\" data-name=\"inscription NL-IFD\" ><div class=\"mc4wp-form-fields\"><p>\r\n    <label><\/label>\r\n    <input type=\"text\" name=\"FNAME\" placeholder=\"\u59d3\u540d\"\r\n    required=\"\">\r\n\r\n    <label><\/label>\r\n    <input type=\"text\" name=\"LNAME\" placeholder=\"\u540d\u79f0\" required=\"\">\r\n\r\n\t<label><\/label>\r\n\t\t<input type=\"email\" name=\"EMAIL\" placeholder=\"\u60a8\u7684\u7535\u5b50\u90ae\u4ef6\" required \/>\r\n\r\n<\/p>\r\n<p>\r\n\t<input type=\"submit\" value=\"\u8ba2\u9605\" \/>\r\n<\/p><\/div><label style=\"display: none !important;\">\u5982\u679c\u60a8\u662f\u4eba\u7c7b\uff0c\u8bf7\u4e0d\u8981\u586b\u5199\uff1a <input type=\"text\" name=\"_mc4wp_honeypot\" value=\"\" tabindex=\"-1\" autocomplete=\"off\" \/><\/label><input type=\"hidden\" name=\"_mc4wp_timestamp\" value=\"1776222362\" \/><input type=\"hidden\" name=\"_mc4wp_form_id\" value=\"309\" \/><input type=\"hidden\" name=\"_mc4wp_form_element_id\" value=\"mc4wp-form-1\" \/><div class=\"mc4wp-response\"><\/div><input type=\"hidden\" name=\"trp-form-language\" value=\"zh\"\/><\/form><!-- \/ Mailchimp for WordPress Plugin -->\t\t<\/div>\n\t\t\t\t<\/div>\n\t\t\t\t\t<\/div>\n\t\t\t\t<\/div>\n\t\t<div class=\"elementor-element elementor-element-147bf64 e-flex e-con-boxed e-con e-parent\" data-id=\"147bf64\" data-element_type=\"container\">\n\t\t\t\t\t<div class=\"e-con-inner\">\n\t\t\t\t\t<\/div>\n\t\t\t\t<\/div>\n\t\t\t\t<\/div>","protected":false},"excerpt":{"rendered":"<p>Les univers JANUS Menu Fermer LABEL JURY UNIVERS GUIDE LABEL JURY UNIVERS GUIDE Au plus pr\u00e8s des \u00e9volutions de la soci\u00e9t\u00e9 Soucieux de rester au plus pr\u00e8s des \u00e9volutions soci\u00e9tales et parce que le citoyen est au centre d&rsquo;univers multiples, les JANUS sont d\u00e9clin\u00e9s en diff\u00e9rents univers. JANUS de l\u2019IndustrieLe JANUS de l\u2019Industrie, label d\u00e9cern\u00e9 depuis 1953 par l\u2019Institut Fran\u00e7ais du Design, r\u00e9compense les produits industriels pens\u00e9s d\u00e8s leur conception pour apporter une valeur d\u2019usage, donc un b\u00e9n\u00e9fice r\u00e9el pour l\u2019utilisateur.Parce que le consommateur citoyen est au centre d\u2019univers multiples, les JANUS sont d\u00e9clin\u00e9s en : JANUS de la Sant\u00e9Le<\/p>","protected":false},"author":1,"featured_media":0,"parent":0,"menu_order":0,"comment_status":"closed","ping_status":"closed","template":"","meta":{"footnotes":""},"class_list":["post-2763","page","type-page","status-publish","hentry"],"_links":{"self":[{"href":"https:\/\/janusdesign.org\/zh\/wp-json\/wp\/v2\/pages\/2763","targetHints":{"allow":["GET"]}}],"collection":[{"href":"https:\/\/janusdesign.org\/zh\/wp-json\/wp\/v2\/pages"}],"about":[{"href":"https:\/\/janusdesign.org\/zh\/wp-json\/wp\/v2\/types\/page"}],"author":[{"embeddable":true,"href":"https:\/\/janusdesign.org\/zh\/wp-json\/wp\/v2\/users\/1"}],"replies":[{"embeddable":true,"href":"https:\/\/janusdesign.org\/zh\/wp-json\/wp\/v2\/comments?post=2763"}],"version-history":[{"count":28,"href":"https:\/\/janusdesign.org\/zh\/wp-json\/wp\/v2\/pages\/2763\/revisions"}],"predecessor-version":[{"id":4085,"href":"https:\/\/janusdesign.org\/zh\/wp-json\/wp\/v2\/pages\/2763\/revisions\/4085"}],"wp:attachment":[{"href":"https:\/\/janusdesign.org\/zh\/wp-json\/wp\/v2\/media?parent=2763"}],"curies":[{"name":"wp","href":"https:\/\/api.w.org\/{rel}","templated":true}]}}