{"id":3,"date":"2023-11-22T12:53:45","date_gmt":"2023-11-22T11:53:45","guid":{"rendered":"http:\/\/janusdesign.org\/?page_id=3"},"modified":"2024-09-30T15:44:28","modified_gmt":"2024-09-30T13:44:28","slug":"politique-de-confidentialite","status":"publish","type":"page","link":"https:\/\/janusdesign.org\/en\/privacy-policy\/","title":{"rendered":"Privacy policy"},"content":{"rendered":"<div data-elementor-type=\"wp-page\" data-elementor-id=\"3\" class=\"elementor elementor-3\" data-elementor-post-type=\"page\">\n\t\t\t\t<div class=\"elementor-element elementor-element-6b578ba e-flex e-con-boxed e-con e-parent\" data-id=\"6b578ba\" data-element_type=\"container\">\n\t\t\t\t\t<div class=\"e-con-inner\">\n\t\t\t\t<div class=\"elementor-element elementor-element-2e03c68 elementor-widget elementor-widget-spacer\" data-id=\"2e03c68\" data-element_type=\"widget\" data-widget_type=\"spacer.default\">\n\t\t\t\t<div class=\"elementor-widget-container\">\n\t\t\t\t\t<div class=\"elementor-spacer\">\n\t\t\t<div class=\"elementor-spacer-inner\"><\/div>\n\t\t<\/div>\n\t\t\t\t<\/div>\n\t\t\t\t<\/div>\n\t\t\t\t\t<\/div>\n\t\t\t\t<\/div>\n\t\t<div class=\"elementor-element elementor-element-38f09d03 e-con-full e-flex e-con e-parent\" data-id=\"38f09d03\" data-element_type=\"container\" data-settings=\"{&quot;background_background&quot;:&quot;classic&quot;}\">\n\t\t\t\t<div class=\"elementor-element elementor-element-198fa991 elementor-widget__width-initial premium-title-icon-row premium-title-color elementor-widget elementor-widget-premium-addon-title\" data-id=\"198fa991\" data-element_type=\"widget\" data-widget_type=\"premium-addon-title.default\">\n\t\t\t\t<div class=\"elementor-widget-container\">\n\t\t\t\n\t\t<div class=\"premium-title-container style7\">\n\t\t\t<h4 class=\"premium-title-header premium-title-style7\">\n\t\t\t\t\t\t\t\t\t\t\t\t\t\t\t<span class=\"premium-title-style7-stripe-wrap\">\n\t\t\t\t\t\t\t<span class=\"premium-title-style7-stripe\"><\/span>\n\t\t\t\t\t\t<\/span>\n\t\t\t\t\t\t\t\t\t\t<div class=\"premium-title-style7-inner\">\n\t\t\t\t\n\t\t\t\t\t\t\t\t\t\t\t\t\t\t\t\t\t\t\t\t\t\t<img decoding=\"async\" class=\"premium-title-icon\" src=\"https:\/\/janusdesign.org\/wp-content\/uploads\/2024\/09\/cropped-icone-ifd.webp\" alt=\"cropped-icone-ifd.png\"><\/span>\n\t\t\t\t\t\t\t\t\t\t\t\t\t\t\t\n\t\t\t\t\t\t\t\t\t\t\t\t\t\t\t\t\t\t\t\t\t<span class=\"premium-title-text\" >\n\t\t\t\t\tPrivacy policy\t\t\t\t<\/span>\n\t\t\t\t\t\n\t\t\t\t\t\t\t\t\t<\/div>\n\t\t\t\t\t\t\t\t\t\t\t<\/h4>\n\t\t<\/div>\n\n\t\t\t\t<\/div>\n\t\t\t\t<\/div>\n\t\t\t\t<\/div>\n\t\t<div class=\"elementor-element elementor-element-5dd429d e-flex e-con-boxed e-con e-parent\" data-id=\"5dd429d\" data-element_type=\"container\">\n\t\t\t\t\t<div class=\"e-con-inner\">\n\t\t\t\t<div class=\"elementor-element elementor-element-8988ec2 elementor-widget elementor-widget-spacer\" data-id=\"8988ec2\" data-element_type=\"widget\" data-widget_type=\"spacer.default\">\n\t\t\t\t<div class=\"elementor-widget-container\">\n\t\t\t\t\t<div class=\"elementor-spacer\">\n\t\t\t<div class=\"elementor-spacer-inner\"><\/div>\n\t\t<\/div>\n\t\t\t\t<\/div>\n\t\t\t\t<\/div>\n\t\t\t\t<div class=\"elementor-element elementor-element-c571257 elementor-widget__width-initial elementor-widget elementor-widget-text-editor\" data-id=\"c571257\" data-element_type=\"widget\" data-widget_type=\"text-editor.default\">\n\t\t\t\t<div class=\"elementor-widget-container\">\n\t\t\t\t\t\t\t<p><strong>L\u2019INSTITUT FRAN\u00c7AIS DU DESIGN &nbsp;consid\u00e8re qu\u2019il est d\u00e9terminant, pour ses objectifs institutionnels, \u00e9ditoriaux, commerciaux et sa r\u00e9putation, de faire un usage responsable des informations personnelles collect\u00e9es sur son site web. L\u2019adoption de notre Charte de Confidentialit\u00e9 traduit notre engagement envers la confidentialit\u00e9.<\/strong><\/p>\n<p>Dans le cadre de son activit\u00e9, L\u2019INSTITUT FRAN\u00c7AIS DU DESIGN collecte des donn\u00e9es personnelles. Les donn\u00e9es collect\u00e9es par L\u2019INSTITUT FRAN\u00c7AIS DU DESIGN &nbsp;sont enregistr\u00e9es et stock\u00e9es en conformit\u00e9 avec les dispositions de la loi relative \u00e0 l\u2019informatique, aux fichiers et aux libert\u00e9s du 6 janvier 1978 dans sa version en vigueur \u00e0 la date des pr\u00e9sentes, ainsi qu\u2019avec les dispositions du R\u00e8glement G\u00e9n\u00e9ral sur la Protection des Donn\u00e9es (RGPD).&nbsp;L\u2019acc\u00e8s \u00e0 certains contenus de L\u2019INSTITUT FRAN\u00c7AIS DU DESIGN suppose que l\u2019utilisateur nous transmette des donn\u00e9es personnelles le concernant. &nbsp;L\u2019INSTITUT FRAN\u00c7AIS DU DESIGN peut inviter l\u2019utilisateur \u00e0 nous contacter ou \u00e0 nous fournir des informations \u00e0 son sujet. L\u2019INSTITUT FRAN\u00c7AIS DU DESIGN utilise les donn\u00e9es que vous partagez avec nous pour personnaliser votre exp\u00e9rience en ligne et pour mettre \u00e0 votre disposition le contenu le plus adapt\u00e9 \u00e0 vos besoins.&nbsp;<\/p>\n<h2>Cookies<\/h2>\n<p>L\u2019utilisateur est inform\u00e9 que lors de ses visites sur notre site, un cookie peut \u00eatre implant\u00e9 dans son ordinateur. Un cookie ne permet pas d\u2019identifier l\u2019utilisateur. C\u2019est un petit fichier texte enregistr\u00e9 sur votre terminal (ordinateur, tablette, smartphone, etc.), \u00e0 l\u2019occasion de la consultation d\u2019un service en ligne gr\u00e2ce \u00e0 votre logiciel de navigation. Il permet \u00e0 son \u00e9metteur d\u2019identifier le terminal dans lequel il est enregistr\u00e9, pendant la dur\u00e9e de validit\u00e9 ou d\u2019enregistrement du Cookie.&nbsp;Les cookies utilis\u00e9s sur L\u2019INSTITUT FRAN\u00c7AIS DU DESIGN permettent :<\/p>\n<ul>\n<li>d\u2019optimiser la pr\u00e9sentation de notre site aux pr\u00e9f\u00e9rences d\u2019affichage de votre terminal (langue utilis\u00e9e, r\u00e9solution d\u2019affichage, syst\u00e8me d\u2019exploitation utilis\u00e9, etc.) ;<\/li>\n<li>de m\u00e9moriser des informations relatives \u00e0 un formulaire que vous avez rempli sur notre site (inscription, authentification ou acc\u00e8s \u00e0 votre compte) ou \u00e0 des produits, services ou informations que vous avez choisis sur notre site (abonnement souscrit, commande en cours, etc.) ;<\/li>\n<li>d\u2019acc\u00e9der \u00e0 des espaces r\u00e9serv\u00e9s et personnels de notre site, tels que votre compte, gr\u00e2ce \u00e0 des identifiants ou des donn\u00e9es que vous nous avez \u00e9ventuellement ant\u00e9rieurement confi\u00e9s;<\/li>\n<li>d\u2019am\u00e9liorer les mesures de s\u00e9curit\u00e9, via des outils tiers d\u2019analyse&nbsp;;<\/li>\n<li>d\u2019\u00e9tablir des statistiques et volumes de fr\u00e9quentation et d\u2019utilisation de notre site, afin d\u2019en am\u00e9liorer l\u2019usage, les parcours et les fonctionnalit\u00e9s propos\u00e9es.<\/li>\n<\/ul>\n<p><strong>L\u2019INSTITUT FRAN\u00c7AIS DU DESIGN utilise les cookies tiers&nbsp;suivants :<\/strong><\/p>\n<p><strong>Cookies de fonctionnement&nbsp;:<\/strong>&nbsp;ils permettent de g\u00e9rer les abonnements et les autorisations d\u2019acc\u00e8s aux parties payantes du site, via l\u2019utilisation de la plateforme MemberMouse int\u00e9gr\u00e9e \u00e0 L\u2019Institut Fran\u00e7ais du Design, et de la plateforme de paiement s\u00e9curis\u00e9 Stripe.<\/p>\n<p><strong>Cookies d\u2019audience&nbsp;:<\/strong>&nbsp;ils permettent de mesurer l\u2019audience de notre site, via l\u2019utilisation de l\u2019outil Google Analytics, celle de notre newsletter via la plateforme Brevo et de nos campagnes d\u2019autopromotion via la plateforme int\u00e9gr\u00e9e Adning. Ces cookies permettent d\u2019obtenir des statistiques de fr\u00e9quentation anonymes du site afin d\u2019optimiser son ergonomie, sa navigation et ses contenus.<\/p>\n<p><strong>Cookies sociaux&nbsp;:<\/strong>&nbsp;ces cookies permettent d\u2019interagir depuis le site UP\u2019Magazine avec les modules sociaux et de partager les contenus du site de avec d\u2019autres personnes ou de les informer de votre consultation ou opinion sur celui-ci, lorsque vous cliquez sur les modules \u00ab&nbsp;Partager&nbsp;\u00bb, \u00ab&nbsp;Aimer&nbsp;\u00bb de Facebook et de X, par exemple. Ces cookies sont principalement g\u00e9r\u00e9s via l\u2019utilisation de l\u2019outil Elementor (<em>NB : Les boutons de partage, visibles sur les pages des articles, ne sont pas transmis par les r\u00e9seaux sociaux mais sont nativement inclus au site<\/em>).<\/p>\n<p>Par ailleurs, associ\u00e9s aux donn\u00e9es de navigation du site L\u2019Institut Fran\u00e7ais du Design, les cookies sociaux (X, Facebook, Pixel Facebook, Instagram, WhatsApp, Linkedin) nous permettent \u00e0 de cr\u00e9er et diffuser certaines informations personnalis\u00e9es relatives \u00e0 ses publications et \u00e0 ses offres.<\/p>\n<p><strong>Cookies de notifications&nbsp;:<\/strong>&nbsp;permettant de g\u00e9rer les notifications et les alertes d\u2019information, via les outils PushCrew, MemberMouse, Brevo et Zapier.<\/p>\n<h3>Vos choix concernant les cookies<\/h3>\n<p>Vous disposez de diff\u00e9rents moyens pour g\u00e9rer les cookies. Tout param\u00e9trage que vous pouvez entreprendre sera susceptible de modifier votre navigation sur notre site et sur Internet en g\u00e9n\u00e9ral et vos conditions d\u2019acc\u00e8s \u00e0 certains services de notre site n\u00e9cessitant l\u2019utilisation de cookies.&nbsp;<\/p>\n<p>Vous pouvez \u00e0 tout moment exprimer et modifier vos souhaits en mati\u00e8re de cookies, par les moyens d\u00e9crits ci-dessous.&nbsp;<\/p>\n<p><strong>L\u2019accord sur les cookies<\/strong><\/p>\n<p>L\u2019enregistrement d\u2019un cookie dans un terminal est essentiellement subordonn\u00e9 \u00e0 la volont\u00e9 de l\u2019utilisateur du terminal, que celui-ci peut exprimer et modifier \u00e0 tout moment et gratuitement \u00e0 travers les choix qui lui sont offerts par son logiciel de navigation.<\/p>\n<p>Si vous avez accept\u00e9 dans votre logiciel de navigation l\u2019enregistrement de cookies dans votre terminal, les cookies int\u00e9gr\u00e9s dans les pages et contenus que vous avez consult\u00e9s pourront \u00eatre stock\u00e9s temporairement dans un espace d\u00e9di\u00e9 de votre terminal. Ils y seront lisibles uniquement par leur \u00e9metteur.&nbsp;<\/p>\n<p><strong>Le refus des cookies<\/strong><\/p>\n<p>Si vous refusez l\u2019enregistrement de cookies dans votre terminal, ou si vous supprimez ceux qui y sont enregistr\u00e9s, vous ne pourrez plus b\u00e9n\u00e9ficier d\u2019un certain nombre de fonctionnalit\u00e9s qui sont n\u00e9anmoins n\u00e9cessaires pour naviguer dans certains espaces de notre site. Tel serait le cas si vous tentiez d\u2019acc\u00e9der \u00e0 votre compte ou \u00e0 votre abonnement qui n\u00e9cessite de vous identifier. Tel serait \u00e9galement le cas lorsque nous, ou nos prestataires, ne pourrions pas reconna\u00eetre, \u00e0 des fins de compatibilit\u00e9 technique, le type de navigateur utilis\u00e9 par votre terminal, ses param\u00e8tres de langue et d\u2019affichage ou le pays depuis lequel votre terminal semble connect\u00e9 \u00e0 Internet.<\/p>\n<p>Le cas \u00e9ch\u00e9ant, nous d\u00e9clinons toute responsabilit\u00e9 pour les cons\u00e9quences li\u00e9es au fonctionnement d\u00e9grad\u00e9 de nos services r\u00e9sultant de l\u2019impossibilit\u00e9 pour nous d\u2019enregistrer ou de consulter les cookies n\u00e9cessaires \u00e0 leur fonctionnement et que vous auriez refus\u00e9s ou supprim\u00e9s.&nbsp;<\/p>\n<p><strong>Les choix offerts par votre logiciel de navigation<\/strong><\/p>\n<p>Vous pouvez configurer votre logiciel de navigation de mani\u00e8re \u00e0 ce que des cookies soient enregistr\u00e9s dans votre terminal ou, au contraire, qu\u2019ils soient rejet\u00e9s, soit syst\u00e9matiquement, soit selon leur \u00e9metteur.<\/p>\n<p>Vous pouvez \u00e9galement configurer votre logiciel de navigation de mani\u00e8re \u00e0 ce que l\u2019acceptation ou le refus des cookies vous soient propos\u00e9s ponctuellement, avant qu\u2019un cookie soit susceptible d\u2019\u00eatre enregistr\u00e9 dans votre terminal.<\/p>\n<p>Pour la gestion des cookies et de vos choix, la configuration de chaque navigateur est diff\u00e9rente. Elle est d\u00e9crite dans le menu d\u2019aide de votre navigateur, qui vous permettra de savoir de quelle mani\u00e8re modifier vos souhaits en mati\u00e8re de cookies.&nbsp;Selon votre navigateur, consultez le lien ci-dessous pour configurer votre navigateur et refuser les cookies : pour&nbsp;<a href=\"http:\/\/windows.microsoft.com\/fr-fr\/internet-explorer\/delete-manage-cookies#ie=ie-11\">Internet Explorer\u2122<\/a>&nbsp;, pour&nbsp;<a href=\"http:\/\/support.apple.com\/kb\/index?page=search&amp;src=support_site.home.search&amp;locale=fr_FR&amp;q=cookie\">Safari\u2122<\/a>&nbsp;, pour&nbsp;<a href=\"https:\/\/support.google.com\/accounts\/answer\/61416?hl=fr\">Chrome\u2122<\/a>&nbsp;, pour&nbsp;<a href=\"https:\/\/support.mozilla.org\/fr\/kb\/activer-desactiver-cookies\">Firefox\u2122<\/a>&nbsp;, pour&nbsp;<a href=\"http:\/\/help.opera.com\/Windows\/10.20\/fr\/cookies.html\">Opera\u2122<\/a>&nbsp;.Si vous utilisez un autre navigateur que ceux cit\u00e9s ci-dessus, nous vous invitions \u00e0 consulter le menu d\u2019aide de votre navigateur.<\/p>\n<p>Nous vous invitons aussi \u00e0 consulter la rubrique \u00ab Vos traces \u00bb du&nbsp;<a href=\"http:\/\/www.cnil.fr\/vos-droits\/vos-traces\/\">site de la CNIL<\/a>&nbsp;(Commission Nationale de l\u2019Informatique et des Libert\u00e9s).&nbsp;<\/p>\n<h2>Partage des donn\u00e9es<\/h2>\n<p>Les informations personnelles que vous nous fournissez ne seront conserv\u00e9es que le temps n\u00e9cessaire \u00e0 r\u00e9pondre aux objectifs fix\u00e9s lors de leur collecte ou pour se conformer \u00e0 des obligations l\u00e9gales. Nous ne partageons pas les informations personnelles avec des tiers, sauf en cas de besoin pour mener \u00e0 bien notre travail, pour r\u00e9pondre \u00e0 une demande de votre part ou pour se soumettre aux exigences de la loi ou d\u2019un processus juridique. Nous ne vendons jamais vos donn\u00e9es personnelles.&nbsp;<\/p>\n<h3>S\u00e9curit\u00e9 des donn\u00e9es<\/h3>\n<p>L\u2019INSTITUT FRAN\u00c7AIS DU DESIGN met en \u0153uvre des mesures de s\u00e9curit\u00e9 techniques et organisationnelles appropri\u00e9es pour prot\u00e9ger vos donn\u00e9es personnelles stock\u00e9es par nous contre la manipulation, la perte partielle ou totale et contre l\u2019acc\u00e8s non autoris\u00e9 par des tiers. Nos mesures de s\u00e9curit\u00e9 sont continuellement am\u00e9lior\u00e9es en fonction de l\u2019\u00e9volution technologique.&nbsp;<\/p>\n<p>Dur\u00e9e de stockage des donn\u00e9es<\/p>\n<p>Les donn\u00e9es des utilisateurs enregistr\u00e9s (par exemple les abonn\u00e9s) sont stock\u00e9es pendant toute la dur\u00e9e du contrat existant avec L\u2019INSTITUT FRAN\u00c7AIS DU DESIGN. Apr\u00e8s la r\u00e9siliation du contrat, les donn\u00e9es sont effac\u00e9es ou rendues irr\u00e9m\u00e9diablement anonymes dans un d\u00e9lai de trois mois.<\/p>\n<p>Les donn\u00e9es relatives aux transactions financi\u00e8res de l\u2019utilisateur avec L\u2019Institut Fran\u00e7ais du Design &nbsp;ne sont jamais stock\u00e9es sur les serveurs de L\u2019Institut Fran\u00e7ais du Design &nbsp;mais transmises sous forme crypt\u00e9es \u00e0 la plateforme de paiement s\u00e9curis\u00e9 Stripe.&nbsp;<\/p>\n<p>Les donn\u00e9es des visiteurs du site Web (par exemple les statistiques) sont rendues irr\u00e9m\u00e9diablement anonymes apr\u00e8s trois mois. Les donn\u00e9es qui sont soumises \u00e0 des obligations de conservation en vertu du droit fiscal ou commercial (factures, lettres commerciales, etc.) sont stock\u00e9es pendant la p\u00e9riode de conservation l\u00e9gale correspondante. La dur\u00e9e de conservation l\u00e9gale est actuellement de 10 ans \u00e0 des fins fiscales et de 6 ans \u00e0 des fins commerciales.&nbsp;<\/p>\n<h2>Droits des utilisateurs<\/h2>\n<p>Les personnes dont les donn\u00e9es sont stock\u00e9es chez L\u2019INSTITUT FRAN\u00c7AIS DU DESIGN ont les droits suivants :&nbsp;<\/p>\n<p><strong>Droit \u00e0 l\u2019information sur les donn\u00e9es personnelles stock\u00e9es<\/strong><\/p>\n<p>Sur demande, L\u2019INSTITUT FRAN\u00c7AIS DU DESIGN fournira des informations sur le traitement des donn\u00e9es et sa finalit\u00e9 \u00e0 des intervalles appropri\u00e9s.&nbsp;<\/p>\n<p><strong>Droit de rectification des donn\u00e9es inexactes<\/strong><\/p>\n<p>Si les donn\u00e9es sont incorrectes, L\u2019INSTITUT FRAN\u00c7AIS DU DESIGN les corrigera sur demande et apr\u00e8s v\u00e9rification, uniquement si l\u2019utilisateur n\u2019est pas en mesure d\u2019effectuer lui-m\u00eame le changement dans son compte personnel.&nbsp;<\/p>\n<p><strong>Droit d\u2019opposition contre le traitement illicite des donn\u00e9es<\/strong><\/p>\n<p>En cas de doute, il est possible de faire opposition au traitement des donn\u00e9es. Ceci s\u2019applique en particulier si L\u2019INSTITUT FRAN\u00c7AIS DU DESIGN n\u2019a pas d\u2019int\u00e9r\u00eat l\u00e9gitime dans le traitement ou si les donn\u00e9es sont utilis\u00e9es \u00e0 des fins de publicit\u00e9 directe.&nbsp;<\/p>\n<p><strong>Droit \u00e0 la limitation de la transformation<\/strong><\/p>\n<p>Si une objection a \u00e9t\u00e9 d\u00e9pos\u00e9e ou si l\u2019exactitude des donn\u00e9es est v\u00e9rifi\u00e9e, une limitation du traitement des donn\u00e9es peut \u00eatre demand\u00e9e pour la dur\u00e9e de l\u2019examen. Si des donn\u00e9es ont \u00e9t\u00e9 trait\u00e9es ill\u00e9galement ou ne sont plus n\u00e9cessaires, la personne concern\u00e9e peut demander la limitation des donn\u00e9es au lieu de leur suppression.&nbsp;<\/p>\n<p><strong>Droit de r\u00e9tractation<\/strong><\/p>\n<p>Les donn\u00e9es sont effac\u00e9es si elles ne sont plus n\u00e9cessaires et s\u2019il n\u2019existe pas de base l\u00e9gale pour le traitement. Cela s\u2019applique en particulier lorsqu\u2019il n\u2019existe aucun consentement de la personne ou aucun int\u00e9r\u00eat l\u00e9gitime dans le traitement.&nbsp;<\/p>\n<p><strong>Droit \u00e0 la transf\u00e9rabilit\u00e9 des donn\u00e9es<\/strong><\/p>\n<p>L\u2019INSTITUT FRAN\u00c7AIS DU DESIGN met les donn\u00e9es \u00e0 disposition sur demande dans un format lisible par machine ou, dans la mesure du possible, les transmet \u00e0 un autre responsable.<\/p>\n<p><strong>Droit de recours aupr\u00e8s d\u2019une autorit\u00e9 de surveillance.<\/strong><\/p>\n<p>En cas de difficult\u00e9 en lien avec la gestion de ses donn\u00e9es personnelles, la personne concern\u00e9e a le droit d\u2019introduire une r\u00e9clamation aupr\u00e8s de la CNIL ou aupr\u00e8s de toute autorit\u00e9 de contr\u00f4le comp\u00e9tente.&nbsp;<\/p>\n<p><strong>Pour faire valoir ces droits, un message doit \u00eatre envoy\u00e9 \u00e0 L\u2019INSTITUT FRAN\u00c7AIS DU DESIGN &nbsp;via le&nbsp;<\/strong><a href=\"https:\/\/janusdesign.org\/en\/contact\/\"><strong>formulaire de contact<\/strong><\/a><strong>.<\/strong><\/p>\n<p>Afin d\u2019emp\u00eacher les personnes non autoris\u00e9es d\u2019en profiter, L\u2019INSTITUT FRAN\u00c7AIS DU DESIGN peut exiger que la personne qui invoque un droit prouve son identit\u00e9.&nbsp;<\/p>\n<p><em>Mise \u00e0 jour : 30 septembre 2024<\/em><\/p>\t\t\t\t\t\t<\/div>\n\t\t\t\t<\/div>\n\t\t\t\t\t<\/div>\n\t\t\t\t<\/div>\n\t\t\t\t<\/div>","protected":false},"excerpt":{"rendered":"<p>Charte de confidentialit\u00e9 L\u2019INSTITUT FRAN\u00c7AIS DU DESIGN &nbsp;consid\u00e8re qu\u2019il est d\u00e9terminant, pour ses objectifs institutionnels, \u00e9ditoriaux, commerciaux et sa r\u00e9putation, de faire un usage responsable des informations personnelles collect\u00e9es sur son site web. L\u2019adoption de notre Charte de Confidentialit\u00e9 traduit notre engagement envers la confidentialit\u00e9. Dans le cadre de son activit\u00e9, L\u2019INSTITUT FRAN\u00c7AIS DU DESIGN collecte des donn\u00e9es personnelles. Les donn\u00e9es collect\u00e9es par L\u2019INSTITUT FRAN\u00c7AIS DU DESIGN &nbsp;sont enregistr\u00e9es et stock\u00e9es en conformit\u00e9 avec les dispositions de la loi relative \u00e0 l\u2019informatique, aux fichiers et aux libert\u00e9s du 6 janvier 1978 dans sa version en vigueur \u00e0 la date des<\/p>","protected":false},"author":1,"featured_media":0,"parent":0,"menu_order":0,"comment_status":"closed","ping_status":"open","template":"","meta":{"footnotes":""},"class_list":["post-3","page","type-page","status-publish","hentry"],"_links":{"self":[{"href":"https:\/\/janusdesign.org\/en\/wp-json\/wp\/v2\/pages\/3","targetHints":{"allow":["GET"]}}],"collection":[{"href":"https:\/\/janusdesign.org\/en\/wp-json\/wp\/v2\/pages"}],"about":[{"href":"https:\/\/janusdesign.org\/en\/wp-json\/wp\/v2\/types\/page"}],"author":[{"embeddable":true,"href":"https:\/\/janusdesign.org\/en\/wp-json\/wp\/v2\/users\/1"}],"replies":[{"embeddable":true,"href":"https:\/\/janusdesign.org\/en\/wp-json\/wp\/v2\/comments?post=3"}],"version-history":[{"count":7,"href":"https:\/\/janusdesign.org\/en\/wp-json\/wp\/v2\/pages\/3\/revisions"}],"predecessor-version":[{"id":3912,"href":"https:\/\/janusdesign.org\/en\/wp-json\/wp\/v2\/pages\/3\/revisions\/3912"}],"wp:attachment":[{"href":"https:\/\/janusdesign.org\/en\/wp-json\/wp\/v2\/media?parent=3"}],"curies":[{"name":"wp","href":"https:\/\/api.w.org\/{rel}","templated":true}]}}