{"id":3902,"date":"2024-09-30T15:35:51","date_gmt":"2024-09-30T13:35:51","guid":{"rendered":"https:\/\/janusdesign.org\/?page_id=3902"},"modified":"2024-09-30T15:39:32","modified_gmt":"2024-09-30T13:39:32","slug":"mentions-legales","status":"publish","type":"page","link":"https:\/\/janusdesign.org\/ar\/\u0627\u0644\u0645\u0639\u0644\u0648\u0645\u0627\u062a-\u0627\u0644\u0642\u0627\u0646\u0648\u0646\u064a\u0629\/","title":{"rendered":"\u0627\u0644\u0645\u0639\u0644\u0648\u0645\u0627\u062a \u0627\u0644\u0642\u0627\u0646\u0648\u0646\u064a\u0629"},"content":{"rendered":"<div data-elementor-type=\"wp-page\" data-elementor-id=\"3902\" class=\"elementor elementor-3902\" data-elementor-post-type=\"page\">\n\t\t\t\t<div class=\"elementor-element elementor-element-6b578ba e-flex e-con-boxed e-con e-parent\" data-id=\"6b578ba\" data-element_type=\"container\">\n\t\t\t\t\t<div class=\"e-con-inner\">\n\t\t\t\t<div class=\"elementor-element elementor-element-2e03c68 elementor-widget elementor-widget-spacer\" data-id=\"2e03c68\" data-element_type=\"widget\" data-widget_type=\"spacer.default\">\n\t\t\t\t<div class=\"elementor-widget-container\">\n\t\t\t\t\t<div class=\"elementor-spacer\">\n\t\t\t<div class=\"elementor-spacer-inner\"><\/div>\n\t\t<\/div>\n\t\t\t\t<\/div>\n\t\t\t\t<\/div>\n\t\t\t\t\t<\/div>\n\t\t\t\t<\/div>\n\t\t<div class=\"elementor-element elementor-element-38f09d03 e-con-full e-flex e-con e-parent\" data-id=\"38f09d03\" data-element_type=\"container\" data-settings=\"{&quot;background_background&quot;:&quot;classic&quot;}\">\n\t\t\t\t<div class=\"elementor-element elementor-element-198fa991 elementor-widget__width-initial premium-title-icon-row premium-title-color elementor-widget elementor-widget-premium-addon-title\" data-id=\"198fa991\" data-element_type=\"widget\" data-widget_type=\"premium-addon-title.default\">\n\t\t\t\t<div class=\"elementor-widget-container\">\n\t\t\t\n\t\t<div class=\"premium-title-container style7\">\n\t\t\t<h4 class=\"premium-title-header premium-title-style7\">\n\t\t\t\t\t\t\t\t\t\t\t\t\t\t\t<span class=\"premium-title-style7-stripe-wrap\">\n\t\t\t\t\t\t\t<span class=\"premium-title-style7-stripe\"><\/span>\n\t\t\t\t\t\t<\/span>\n\t\t\t\t\t\t\t\t\t\t<div class=\"premium-title-style7-inner\">\n\t\t\t\t\n\t\t\t\t\t\t\t\t\t\t\t\t\t\t\t\t\t\t\t\t\t\t<img decoding=\"async\" class=\"premium-title-icon\" src=\"https:\/\/janusdesign.org\/wp-content\/uploads\/2024\/09\/cropped-icone-ifd.webp\" alt=\"\u0627\u0642\u062a\u0635\u0627\u0635-\u0623\u064a\u0643\u0648\u0646-\u0625\u064a\u0641\u062f.png\"><\/span>\n\t\t\t\t\t\t\t\t\t\t\t\t\t\t\t\n\t\t\t\t\t\t\t\t\t\t\t\t\t\t\t\t\t\t\t\t\t<span class=\"premium-title-text\" >\n\t\t\t\t\t\u0627\u0644\u0645\u0639\u0644\u0648\u0645\u0627\u062a \u0627\u0644\u0642\u0627\u0646\u0648\u0646\u064a\u0629\t\t\t\t<\/span>\n\t\t\t\t\t\n\t\t\t\t\t\t\t\t\t<\/div>\n\t\t\t\t\t\t\t\t\t\t\t<\/h4>\n\t\t<\/div>\n\n\t\t\t\t<\/div>\n\t\t\t\t<\/div>\n\t\t\t\t<\/div>\n\t\t<div class=\"elementor-element elementor-element-5dd429d e-flex e-con-boxed e-con e-parent\" data-id=\"5dd429d\" data-element_type=\"container\">\n\t\t\t\t\t<div class=\"e-con-inner\">\n\t\t\t\t<div class=\"elementor-element elementor-element-8988ec2 elementor-widget elementor-widget-spacer\" data-id=\"8988ec2\" data-element_type=\"widget\" data-widget_type=\"spacer.default\">\n\t\t\t\t<div class=\"elementor-widget-container\">\n\t\t\t\t\t<div class=\"elementor-spacer\">\n\t\t\t<div class=\"elementor-spacer-inner\"><\/div>\n\t\t<\/div>\n\t\t\t\t<\/div>\n\t\t\t\t<\/div>\n\t\t\t\t<div class=\"elementor-element elementor-element-c571257 elementor-widget__width-initial elementor-widget elementor-widget-text-editor\" data-id=\"c571257\" data-element_type=\"widget\" data-widget_type=\"text-editor.default\">\n\t\t\t\t<div class=\"elementor-widget-container\">\n\t\t\t\t\t\t\t<p><b>\u0627\u0644\u0646\u0627\u0634\u0631<\/b> \u062a\u064f\u0646\u0634\u0631 \u0627\u0644\u0645\u0648\u0627\u0642\u0639 \u0627\u0644\u0645\u0631\u062a\u0628\u0637\u0629 institutfran\u00e7aisdudesign.fr \u0648 institutfran\u00e7aisdudesign.com \u0648 janusdesign.org \u062a\u062d\u062a \u0645\u0633\u0624\u0648\u0644\u064a\u0629 L'INSTITUT FRAN\u00c7AIS DU DESIGN\u060c 5 \u0634\u0627\u0631\u0639 \u062f\u064a \u0645\u064a\u0633\u064a\u0646\u060c 75008 \u0628\u0627\u0631\u064a\u0633.<\/p><p><b>\u0627\u0644\u0631\u0626\u0627\u0633\u0629\u00a0<\/b>:: \u0622\u0646 - \u0645\u0627\u0631\u064a \u0633\u0627\u0631\u062c\u064a\u0644<\/p><p><b>\u0627\u062a\u0635\u0644 \u0628\u0646\u0627<\/b> : <a href=\"https:\/\/janusdesign.org\/ar\/contacts\/\">contact@institutfrancaisdudesign.fr<\/a><\/p><p><b>\u0627\u0644\u0627\u0633\u062a\u0636\u0627\u0641\u0629 <\/b>OVH\u060c SAS \u0628\u0631\u0623\u0633 \u0645\u0627\u0644 \u0642\u062f\u0631\u0647 10,059,500 \u064a\u0648\u0631\u0648<br \/><span style=\"text-align: var(--text-align); letter-spacing: 0px;\">RCS Lille Lille M\u00e9tropole 424 761 419 00019 00045<br \/><\/span><span style=\"text-align: var(--text-align); letter-spacing: 0px;\">\u0627\u0644\u0645\u0643\u062a\u0628 \u0627\u0644\u0645\u0633\u062c\u0644: 2 \u0634\u0627\u0631\u0639 \u0643\u064a\u0644\u0631\u0645\u0627\u0646 - 59100 \u0631\u0648\u0628\u064a\u0647 - \u0641\u0631\u0646\u0633\u0627.<\/span><\/p><p>\u0645\u0648\u0642\u0639 \u0645\u0633\u062c\u0644 \u0644\u062f\u0649 \u0627\u0644\u0644\u062c\u0646\u0629 \u0627\u0644\u0648\u0637\u0646\u064a\u0629 \u0644\u062a\u0643\u0646\u0648\u0644\u0648\u062c\u064a\u0627 \u0627\u0644\u0645\u0639\u0644\u0648\u0645\u0627\u062a \u0648\u0627\u0644\u062d\u0631\u064a\u0627\u062a \u0627\u0644\u0645\u062f\u0646\u064a\u0629 (cnil)<\/p>\t\t\t\t\t\t<\/div>\n\t\t\t\t<\/div>\n\t\t\t\t\t<\/div>\n\t\t\t\t<\/div>\n\t\t\t\t<\/div>","protected":false},"excerpt":{"rendered":"<p>Mentions l\u00e9gales \u00c9diteur : Les sites li\u00e9s institutfran\u00e7aisdudesign.fr, institutfran\u00e7aisdudesign.com et janusdesign.org sont publi\u00e9s sous la responsabilit\u00e9 de L\u2019INSTITUT FRAN\u00c7AIS DU DESIGN, 5 rue de Messine, 75008 Paris. Pr\u00e9sidence\u00a0: Anne-Marie SARGUEIL Contact : contact@institutfrancaisdudesign.fr H\u00e9bergement : OVH, SAS au capital de 10 059 500 \u20acRCS Lille M\u00e9tropole 424 761 419 00045Si\u00e8ge social : 2 rue Kellermann \u2013 59100 Roubaix \u2013 France. SITE D\u00c9POS\u00c9 \u00c0 LA COMMISSION NATIONALE DE L\u2019INFORMATIQUE ET DES LIBERT\u00c9S (CNIL)<\/p>","protected":false},"author":5,"featured_media":0,"parent":0,"menu_order":0,"comment_status":"closed","ping_status":"open","template":"","meta":{"footnotes":""},"class_list":["post-3902","page","type-page","status-publish","hentry"],"_links":{"self":[{"href":"https:\/\/janusdesign.org\/ar\/wp-json\/wp\/v2\/pages\/3902","targetHints":{"allow":["GET"]}}],"collection":[{"href":"https:\/\/janusdesign.org\/ar\/wp-json\/wp\/v2\/pages"}],"about":[{"href":"https:\/\/janusdesign.org\/ar\/wp-json\/wp\/v2\/types\/page"}],"author":[{"embeddable":true,"href":"https:\/\/janusdesign.org\/ar\/wp-json\/wp\/v2\/users\/5"}],"replies":[{"embeddable":true,"href":"https:\/\/janusdesign.org\/ar\/wp-json\/wp\/v2\/comments?post=3902"}],"version-history":[{"count":4,"href":"https:\/\/janusdesign.org\/ar\/wp-json\/wp\/v2\/pages\/3902\/revisions"}],"predecessor-version":[{"id":3906,"href":"https:\/\/janusdesign.org\/ar\/wp-json\/wp\/v2\/pages\/3902\/revisions\/3906"}],"wp:attachment":[{"href":"https:\/\/janusdesign.org\/ar\/wp-json\/wp\/v2\/media?parent=3902"}],"curies":[{"name":"wp","href":"https:\/\/api.w.org\/{rel}","templated":true}]}}