{"id":3540,"date":"2024-09-24T16:29:43","date_gmt":"2024-09-24T14:29:43","guid":{"rendered":"https:\/\/janusdesign.org\/ifd-staging\/?page_id=3540"},"modified":"2024-10-03T14:23:59","modified_gmt":"2024-10-03T12:23:59","slug":"linstitut","status":"publish","type":"page","link":"https:\/\/janusdesign.org\/ar\/\u0627\u0644\u0645\u0639\u0647\u062f\/","title":{"rendered":"L&rsquo;Institut"},"content":{"rendered":"<div data-elementor-type=\"wp-page\" data-elementor-id=\"3540\" class=\"elementor elementor-3540\" data-elementor-post-type=\"page\">\n\t\t\t\t<div class=\"elementor-element elementor-element-42d5f9c e-con-full e-flex e-con e-parent\" data-id=\"42d5f9c\" data-element_type=\"container\">\n\t\t\t\t<div class=\"elementor-element elementor-element-2c8483a elementor-widget elementor-widget-spacer\" data-id=\"2c8483a\" data-element_type=\"widget\" data-widget_type=\"spacer.default\">\n\t\t\t\t<div class=\"elementor-widget-container\">\n\t\t\t\t\t<div class=\"elementor-spacer\">\n\t\t\t<div class=\"elementor-spacer-inner\"><\/div>\n\t\t<\/div>\n\t\t\t\t<\/div>\n\t\t\t\t<\/div>\n\t\t\t\t<div class=\"elementor-element elementor-element-317ae7f1 elementor-widget__width-initial elementor-widget-mobile__width-inherit premium-title-icon-row premium-title-color elementor-widget elementor-widget-premium-addon-title\" data-id=\"317ae7f1\" data-element_type=\"widget\" data-widget_type=\"premium-addon-title.default\">\n\t\t\t\t<div class=\"elementor-widget-container\">\n\t\t\t\n\t\t<div class=\"premium-title-container style7\">\n\t\t\t<h4 class=\"premium-title-header premium-title-style7\">\n\t\t\t\t\t\t\t\t\t\t\t\t\t\t\t<span class=\"premium-title-style7-stripe-wrap\">\n\t\t\t\t\t\t\t<span class=\"premium-title-style7-stripe\"><\/span>\n\t\t\t\t\t\t<\/span>\n\t\t\t\t\t\t\t\t\t\t<div class=\"premium-title-style7-inner\">\n\t\t\t\t\n\t\t\t\t\t\t\t\t\t\t\t\t\t\t\t\t\t\t\t\t\t\t<img decoding=\"async\" class=\"premium-title-icon\" src=\"https:\/\/janusdesign.org\/wp-content\/uploads\/2024\/09\/icone-ifd.png\" alt=\"\u0623\u064a\u0642\u0648\u0646\u0629-\u0625\u064a\u0641\u062f\"><\/span>\n\t\t\t\t\t\t\t\t\t\t\t\t\t\t\t\n\t\t\t\t\t\t\t\t\t\t\t\t\t\t\t\t\t\t\t\t\t<span class=\"premium-title-text\" >\n\t\t\t\t\t\u0627\u0644\u0645\u0639\u0647\u062f\t\t\t\t<\/span>\n\t\t\t\t\t\n\t\t\t\t\t\t\t\t\t<\/div>\n\t\t\t\t\t\t\t\t\t\t\t<\/h4>\n\t\t<\/div>\n\n\t\t\t\t<\/div>\n\t\t\t\t<\/div>\n\t\t\t\t<\/div>\n\t\t<div class=\"elementor-element elementor-element-68da8ad e-con-full e-flex e-con e-parent\" data-id=\"68da8ad\" data-element_type=\"container\">\n\t\t<div class=\"elementor-element elementor-element-0aeac0d e-con-full e-flex e-con e-child\" data-id=\"0aeac0d\" data-element_type=\"container\">\n\t\t\t\t<div class=\"elementor-element elementor-element-4c4cbaa elementor-widget elementor-widget-heading\" data-id=\"4c4cbaa\" data-element_type=\"widget\" data-widget_type=\"heading.default\">\n\t\t\t\t<div class=\"elementor-widget-container\">\n\t\t\t<h2 class=\"elementor-heading-title elementor-size-default\">\u0625\u0639\u0627\u062f\u0629 \u0627\u0628\u062a\u0643\u0627\u0631 \u0627\u0644\u0639\u0627\u0644\u0645 \u0645\u0646 \u062e\u0644\u0627\u0644 \u0627\u0644\u062a\u0635\u0645\u064a\u0645<br>  \n<i>\u0627\u0644\u0645\u0639\u0647\u062f \u0627\u0644\u0641\u0631\u0646\u0633\u064a \u0644\u0644\u062a\u0635\u0645\u064a\u0645 \u0639\u0644\u0649 \u0627\u0644\u062e\u0637 \u0627\u0644\u0623\u0645\u0627\u0645\u064a<\/i><\/h2>\t\t<\/div>\n\t\t\t\t<\/div>\n\t\t\t\t<div class=\"elementor-element elementor-element-758e99b4 elementor-widget__width-initial elementor-widget elementor-widget-text-editor\" data-id=\"758e99b4\" data-element_type=\"widget\" data-widget_type=\"text-editor.default\">\n\t\t\t\t<div class=\"elementor-widget-container\">\n\t\t\t\t\t\t\t<p><strong>\u0639\u0644\u0649 \u0645\u062f\u0627\u0631 \u0623\u0643\u062b\u0631 \u0645\u0646 \u0633\u0628\u0639\u064a\u0646 \u0639\u0627\u0645\u0627\u064b\u060c \u0643\u0627\u0646 \u0627\u0644\u0645\u0639\u0647\u062f \u0627\u0644\u0641\u0631\u0646\u0633\u064a \u0644\u0644\u062a\u0635\u0645\u064a\u0645 \u0644\u0627\u0639\u0628\u0627\u064b \u0631\u0626\u064a\u0633\u064a\u0627\u064b \u0641\u064a \u0645\u062c\u0627\u0644 \u0627\u0644\u0627\u0628\u062a\u0643\u0627\u0631 \u0641\u064a \u0641\u0631\u0646\u0633\u0627. \u064a\u0642\u0639 \u0627\u0644\u0645\u0639\u0647\u062f \u0639\u0644\u0649 \u0645\u0641\u062a\u0631\u0642 \u0627\u0644\u0637\u0631\u0642 \u0628\u064a\u0646 \u0627\u0644\u0625\u0628\u062f\u0627\u0639 \u0648\u0627\u0644\u0635\u0646\u0627\u0639\u0629 \u0648\u0627\u0644\u0623\u062e\u0644\u0627\u0642\u060c \u0648\u064a\u062f\u0639\u0645 \u0627\u0644\u0634\u0631\u0643\u0627\u062a \u0648\u0627\u0644\u0645\u0635\u0645\u0645\u064a\u0646 \u0648\u0627\u0644\u0645\u0648\u0627\u0647\u0628 \u0627\u0644\u0634\u0627\u0628\u0629 \u0641\u064a \u0627\u0628\u062a\u0643\u0627\u0631 \u062d\u0644\u0648\u0644 \u062c\u0631\u064a\u0626\u0629 \u0648\u0645\u0633\u062a\u062f\u0627\u0645\u0629 \u062a\u0631\u0643\u0632 \u0639\u0644\u0649 \u0627\u0644\u0646\u0627\u0633. \u064a\u0644\u0639\u0628 \u0627\u0644\u0645\u0639\u0647\u062f\u060c \u0627\u0644\u0630\u064a \u064a\u0639\u062a\u0628\u0631 \u0645\u062e\u062a\u0628\u0631\u0627\u064b \u062d\u0642\u064a\u0642\u064a\u0627\u064b \u0644\u0644\u0623\u0641\u0643\u0627\u0631\u060c \u062f\u0648\u0631\u0627\u064b \u0631\u0626\u064a\u0633\u064a\u0627\u064b \u0641\u064a \u062a\u0637\u0648\u064a\u0631 \u0627\u0644\u062a\u0635\u0645\u064a\u0645 \u0641\u064a \u0641\u0631\u0646\u0633\u0627\u060c \u0645\u0639 \u0627\u0644\u062a\u0631\u0648\u064a\u062c \u0644\u0645\u0646\u062a\u062c\u0627\u062a \u0648\u062e\u062f\u0645\u0627\u062a \u0627\u0644\u063a\u062f. \u0643\u0645\u0627 \u0623\u0646\u0647 \u0645\u0631\u0635\u062f \u0644\u0644\u0627\u062a\u062c\u0627\u0647\u0627\u062a \u0648\u0627\u0644\u0625\u0634\u0627\u0631\u0627\u062a \u0627\u0644\u0636\u0639\u064a\u0641\u0629 \u0641\u064a \u0645\u062c\u062a\u0645\u0639\u0627\u062a\u0646\u0627\u060c \u0648\u0647\u0648 \u0623\u064a\u0636\u0627\u064b \u0645\u0633\u062a\u0648\u062f\u0639 \u0644\u062a\u0631\u0627\u062b \u0630\u064a \u0631\u0624\u064a\u0629 \u0644\u0627 \u064a\u0632\u0627\u0644 \u064a\u0634\u0639\u0651 \u0648\u064a\u0624\u062b\u0631 \u0641\u064a \u0627\u0644\u0639\u0627\u0644\u0645.<\/strong><\/p><p>\u0627\u0644\u062a\u0635\u0645\u064a\u0645 \u0641\u064a \u0641\u0631\u0646\u0633\u0627 \u0644\u064a\u0633 \u0628\u0627\u0644\u0623\u0645\u0631 \u0627\u0644\u062c\u062f\u064a\u062f. \u0648\u0628\u0627\u0644\u0641\u0639\u0644\u060c \u062a\u0639\u0648\u062f \u0623\u0635\u0648\u0644 \u0627\u0644\u0645\u0639\u0647\u062f \u0627\u0644\u0641\u0631\u0646\u0633\u064a \u0644\u0644\u062a\u0635\u0645\u064a\u0645 \u0625\u0644\u0649 \u0645\u0639\u0647\u062f \u0627\u0644\u062a\u0635\u0645\u064a\u0645 \u0627\u0644\u0635\u0646\u0627\u0639\u064a \u0627\u0644\u0630\u064a \u0623\u0633\u0633\u0647 \u062c\u0627\u0643 \u0641\u064a\u064a\u0646\u0648 \u0639\u0627\u0645 1951\u060c \u0648\u0647\u0648 \u0623\u062d\u062f \u0631\u0648\u0627\u062f \u0645\u0647\u0646\u0629 \u0627\u0644\u062a\u0635\u0645\u064a\u0645. \u0648\u0639\u0644\u0649 \u0627\u0644\u0631\u063a\u0645 \u0645\u0646 \u0630\u0644\u0643\u060c \u0644\u0627 \u062a\u0632\u0627\u0644 \u062c\u0648\u0627\u0646\u0628 \u0645\u0647\u0646\u0629 \u0627\u0644\u062a\u0635\u0645\u064a\u0645 \u0627\u0644\u0635\u0646\u0627\u0639\u064a \u063a\u064a\u0631 \u0645\u0641\u0647\u0648\u0645\u0629 \u0628\u0634\u0643\u0644 \u062c\u064a\u062f \u0641\u064a \u0643\u062b\u064a\u0631 \u0645\u0646 \u0627\u0644\u0623\u062d\u064a\u0627\u0646. \u063a\u0627\u0644\u0628\u064b\u0627 \u0645\u0627 \u064a\u0631\u062a\u0628\u0637 \u0627\u0644\u062a\u0635\u0645\u064a\u0645 \u0641\u064a \u0627\u0644\u0645\u062e\u064a\u0644\u0629 \u0627\u0644\u062c\u0645\u0627\u0639\u064a\u0629 \u0628\u0627\u0644\u0641\u0646\u0648\u0646 \u0627\u0644\u062c\u0645\u064a\u0644\u0629\u060c \u0648\u0645\u0639 \u0630\u0644\u0643 \u064a\u0644\u0639\u0628 \u0627\u0644\u062a\u0635\u0645\u064a\u0645 \u062f\u0648\u0631\u064b\u0627 \u0623\u0633\u0627\u0633\u064a\u064b\u0627 \u0641\u064a \u0641\u062a\u062d \u0633\u0628\u0644 \u0627\u0644\u0627\u0628\u062a\u0643\u0627\u0631 \u0644\u0644\u0634\u0631\u0643\u0627\u062a. \u0648\u0641\u0642\u064b\u0627 \u0644\u0622\u0646 \u0645\u0627\u0631\u064a \u0633\u0627\u0631\u063a\u064a\u0644\u060c \u0631\u0626\u064a\u0633\u0629 \u0627\u0644\u0645\u0639\u0647\u062f: \" <em>\u064a\u0628\u0646\u064a \u0627\u0644\u062a\u0635\u0645\u064a\u0645 \u0627\u0644\u0635\u0646\u0627\u0639\u064a \u062c\u0633\u0648\u0631\u0627\u064b \u0628\u064a\u0646 \u0627\u0644\u0648\u0638\u0627\u0626\u0641 \u0627\u0644\u0645\u0646\u0641\u0635\u0644\u0629 \u062a\u0642\u0644\u064a\u062f\u064a\u0627\u064b\u060c \u0645\u062b\u0644 \u0627\u0644\u0628\u062d\u062b \u0648\u0627\u0644\u062a\u0637\u0648\u064a\u0631 \u0648\u0627\u0644\u062a\u0633\u0648\u064a\u0642 \u0648\u0627\u0644\u0625\u0646\u062a\u0627\u062c. \u0648\u0645\u0646 \u062e\u0644\u0627\u0644 \u0627\u0644\u062c\u0645\u0639 \u0628\u064a\u0646 \u0645\u0646\u0627\u0647\u062c \u0645\u062e\u062a\u0644\u0641\u0629\u060c \u064a\u0633\u062a\u0637\u064a\u0639 \u0627\u0644\u0645\u0635\u0645\u0645\u0648\u0646 \u0627\u0644\u062a\u0648\u0641\u064a\u0642 \u0628\u064a\u0646 \u0627\u0644\u062a\u0641\u0643\u064a\u0631 \u0627\u0644\u062a\u062d\u0644\u064a\u0644\u064a \u0648\u0627\u0644\u0625\u0628\u062f\u0627\u0639\u064a.<\/em> \"<\/p><p>\u0641\u064a \u0627\u0644\u0648\u0642\u062a \u0627\u0644\u0630\u064a \u064a\u0634\u0647\u062f \u0641\u064a\u0647 \u0627\u0644\u0627\u0628\u062a\u0643\u0627\u0631 \u0631\u0643\u0648\u062f\u0627\u064b \u0648\u062a\u0634\u0639\u0631 \u0641\u064a\u0647 \u0627\u0644\u0634\u0631\u0643\u0627\u062a \u0648\u0627\u0644\u0645\u0633\u062a\u0647\u0644\u0643\u0648\u0646 \u0628\u0627\u0644\u0627\u0631\u062a\u0628\u0627\u0643\u060c \u064a\u0645\u062b\u0644 \u0627\u0644\u062a\u0635\u0645\u064a\u0645 \u062d\u0644\u0627\u064b \u0623\u0643\u062b\u0631 \u0645\u0646 \u0623\u064a \u0648\u0642\u062a \u0645\u0636\u0649. \u0641\u0647\u0648 \u064a\u0645\u0643\u0651\u0646\u0646\u0627 \u0645\u0646 \u0627\u0628\u062a\u0643\u0627\u0631 \u0645\u0646\u062a\u062c\u0627\u062a \u0645\u0628\u062a\u0643\u0631\u0629 \u0648\u062d\u0633\u0627\u0633\u0629 \u0648\u0623\u062e\u0644\u0627\u0642\u064a\u0629 \u062a\u0644\u0628\u064a \u062a\u0648\u0642\u0639\u0627\u062a \u0627\u0644\u0645\u0633\u062a\u0647\u0644\u0643\u064a\u0646 \u0648\u0627\u0644\u0645\u0648\u0627\u0637\u0646\u064a\u0646. \u0645\u0646\u0630 \u0623\u0643\u062b\u0631 \u0645\u0646 \u0633\u0628\u0639\u064a\u0646 \u0639\u0627\u0645\u0627\u064b\u060c \u064a\u0639\u0645\u0644 \u0627\u0644\u0645\u0639\u0647\u062f \u0627\u0644\u0641\u0631\u0646\u0633\u064a \u0644\u0644\u062a\u0635\u0645\u064a\u0645 \u0639\u0644\u0649 \u062a\u0639\u0632\u064a\u0632 \u0647\u0630\u0627 \u0627\u0644\u0646\u0647\u062c. \u0648\u0643\u0645\u0627 \u062a\u0634\u064a\u0631 \u0622\u0646 \u0645\u0627\u0631\u064a \u0633\u0627\u0631\u062c\u0648\u064a\u0644: \" <em>\u0645\u0647\u0645\u062a\u0646\u0627 \u0645\u0624\u0633\u0633\u064a\u0629 \u0641\u064a \u0627\u0644\u0645\u0642\u0627\u0645 \u0627\u0644\u0623\u0648\u0644. \u0646\u062d\u0646 \u0646\u062f\u0627\u0641\u0639 \u0639\u0646 \u0641\u0643\u0631\u0629 \u0623\u0646 \u0627\u0644\u0634\u0631\u0643\u0627\u062a \u064a\u0645\u0643\u0646 \u0623\u0646 \u062a\u062a\u062e\u064a\u0644 \u0639\u0627\u0644\u0645\u0627\u064b \u062c\u062f\u064a\u062f\u0627\u064b \u064a\u062a\u0645\u062d\u0648\u0631 \u062d\u0648\u0644 \u0627\u0644\u0646\u0627\u0633 \u0648\u0628\u064a\u0626\u062a\u0647\u0645.<\/em> \"<\/p><p>\u0648\u0644\u062a\u062d\u0642\u064a\u0642 \u0647\u0630\u0647 \u0627\u0644\u0645\u0647\u0645\u0629\u060c \u064a\u0642\u0648\u0645 \u0627\u0644\u0627\u062a\u062d\u0627\u062f \u0627\u0644\u062f\u0648\u0644\u064a \u0644\u0644\u062a\u0635\u0645\u064a\u0645 \u0648\u0627\u0644\u062a\u0646\u0645\u064a\u0629 \u0628\u0627\u0639\u062a\u0645\u0627\u062f \u0627\u0644\u0645\u0645\u0627\u0631\u0633\u0627\u062a \u0627\u0644\u062c\u064a\u062f\u0629 \u0645\u0646 \u062e\u0644\u0627\u0644 \u0644\u062c\u0646\u0629 \u062a\u062d\u0643\u064a\u0645 \u0645\u062a\u0639\u062f\u062f\u0629 \u0627\u0644\u062a\u062e\u0635\u0635\u0627\u062a \u0645\u0643\u0648\u0646\u0629 \u0645\u0646 \u062e\u0628\u0631\u0627\u0621 \u0645\u0646 \u0639\u0627\u0644\u0645 \u0627\u0644\u0623\u0639\u0645\u0627\u0644 \u0648\u0627\u0644\u062a\u0635\u0645\u064a\u0645 \u0648\u0627\u0644\u0639\u0644\u0648\u0645 \u0627\u0644\u0625\u0646\u0633\u0627\u0646\u064a\u0629. \u062a\u0645\u0646\u062d \u0644\u062c\u0646\u0629 \u0627\u0644\u062a\u062d\u0643\u064a\u0645 \u0647\u0630\u0647 \u0627\u0644\u062c\u0627\u0626\u0632\u0629 <em>\u0645\u0644\u0635\u0642 \u064a\u0627\u0646\u0648\u0633<\/em>\u0648\u0642\u062f \u062a\u0645 \u0625\u0636\u0641\u0627\u0621 \u0627\u0644\u0637\u0627\u0628\u0639 \u0627\u0644\u0631\u0633\u0645\u064a \u0639\u0644\u0649 \u0630\u0644\u0643 \u0641\u064a \u0639\u0627\u0645 1953 \u0628\u0645\u0648\u062c\u0628 \u0642\u0631\u0627\u0631 \u0648\u0632\u0627\u0631\u064a \u0648\u0628\u062f\u0639\u0645 \u0645\u0646 \u0648\u0632\u0627\u0631\u0629 \u0627\u0644\u0635\u0646\u0627\u0639\u0629 \u0648\u0627\u0644\u062a\u062c\u0627\u0631\u0629 \u0627\u0644\u062e\u0627\u0631\u062c\u064a\u0629. \" <em>\u0625\u0646 \u0646\u064a\u0629 \u0627\u0644\u0645\u0635\u0645\u0645\u060c \u0648\u0627\u0644\u0642\u064a\u0645\u0629 \u0627\u0644\u0623\u062e\u0644\u0627\u0642\u064a\u0629 \u0644\u0644\u0642\u0637\u0639\u0629 \u0648\u062a\u0635\u0645\u064a\u0645\u0647\u0627 \u0648\u0627\u0644\u0645\u0648\u0627\u062f \u0627\u0644\u0645\u0633\u062a\u062e\u062f\u0645\u0629 \u0648\u0641\u0627\u0626\u062f\u062a\u0647\u0627 \u0644\u0644\u0645\u0633\u062a\u062e\u062f\u0645 \u0643\u0644\u0647\u0627 \u0645\u0639\u0627\u064a\u064a\u0631 \u0623\u0633\u0627\u0633\u064a\u0629 \u0644\u0644\u062c\u0646\u0629 \u0627\u0644\u062a\u062d\u0643\u064a\u0645.<\/em> \"\u062a\u0634\u0631\u062d \u0622\u0646 \u0645\u0627\u0631\u064a \u0633\u0627\u0631\u062c\u0648\u064a\u0644. \u062a\u062a\u0646\u0648\u0639 \u0627\u0644\u0645\u062c\u0627\u0644\u0627\u062a \u0627\u0644\u062a\u064a \u062a\u063a\u0637\u064a\u0647\u0627 \u0647\u0630\u0647 \u0627\u0644\u0639\u0644\u0627\u0645\u0629 \u0627\u0644\u062a\u062c\u0627\u0631\u064a\u0629\u060c \u0628\u062f\u0621\u0627\u064b \u0645\u0646 \u0627\u0644\u0635\u0646\u0627\u0639\u0629 \u0648\u0627\u0644\u0635\u062d\u0629 \u0625\u0644\u0649 \u0627\u0644\u0628\u064a\u0639 \u0628\u0627\u0644\u062a\u062c\u0632\u0626\u0629 \u0648\u0627\u0644\u0623\u0645\u0627\u0643\u0646 \u0627\u0644\u0639\u0627\u0645\u0629.<\/p><p>\u064a\u062a\u0645\u062b\u0644 \u062c\u0627\u0646\u0628 \u0622\u062e\u0631 \u0645\u0646 \u062c\u0648\u0627\u0646\u0628 \u0639\u0645\u0644 \u0627\u0644\u0645\u0639\u0647\u062f \u0641\u064a \u062a\u0639\u0632\u064a\u0632 \u0627\u0644\u062a\u0645\u064a\u0632\u060c \u0644\u0627 \u0633\u064a\u0645\u0627 \u0645\u0646 \u062e\u0644\u0627\u0644 \u0645\u0633\u0627\u0628\u0642\u0629 \"\u062c\u0627\u0646\u0648\u0633 \u0627\u0644\u0637\u0627\u0644\u0628\". \u0647\u0630\u0647 \u0627\u0644\u0645\u0633\u0627\u0628\u0642\u0629 \u0645\u0641\u062a\u0648\u062d\u0629 \u0644\u0644\u062e\u0631\u064a\u062c\u064a\u0646 \u0627\u0644\u0634\u0628\u0627\u0628 \u0627\u0644\u0630\u064a\u0646 \u064a\u0642\u062f\u0645\u0648\u0646 \u0645\u0634\u0631\u0648\u0639 \u0646\u0647\u0627\u064a\u0629 \u062f\u0631\u0627\u0633\u062a\u0647\u0645. \" <em>\u0627\u062e\u062a\u064a\u0627\u0631 \u062c\u0627\u0646\u0648\u0633 \u062f\u064a \u0625\u064a\u062a\u0648\u062f\u064a\u0627\u0646\u062a \u0647\u0648 \u0627\u062e\u062a\u064a\u0627\u0631 \u0623\u0648\u0631\u0648\u0628\u064a. \u064a\u0639\u062f \u0647\u0630\u0627 \u0627\u0644\u062d\u062f\u062b\u060c \u0627\u0644\u0630\u064a \u064a\u062f\u0639\u0645\u0647 \u0627\u0644\u0645\u062d\u062a\u0631\u0641\u0648\u0646 \u0648\u0627\u0644\u0645\u062f\u0627\u0631\u0633\u060c \u0644\u062d\u0638\u0629 \u0631\u0626\u064a\u0633\u064a\u0629 \u0644\u0627\u0643\u062a\u0634\u0627\u0641 \u0627\u0644\u0645\u0648\u0627\u0647\u0628 \u0627\u0644\u062c\u062f\u064a\u062f\u0629.<\/em> \"\u0645\u0646\u0630 \u0625\u0646\u0634\u0627\u0621 \u0627\u0644\u0639\u0644\u0627\u0645\u0629 \u0641\u064a \u0639\u0627\u0645 1985\u060c \u0641\u0627\u0632 \u0623\u0643\u062b\u0631 \u0645\u0646 200 \u0645\u0635\u0645\u0645 \u0634\u0627\u0628 \u0628\u062c\u0648\u0627\u0626\u0632\u060c \u0648\u0642\u062f \u0627\u0646\u062a\u0642\u0644 \u0628\u0639\u0636\u0647\u0645 \u0625\u0644\u0649 \u0648\u0638\u0627\u0626\u0641 \u0645\u0631\u0645\u0648\u0642\u0629.<\/p><p>\u0645\u0646\u0630 \u0639\u0627\u0645 2017\u060c \u064a\u0646\u0638\u0645 \u0627\u0644\u0627\u062a\u062d\u0627\u062f \u0627\u0644\u062f\u0648\u0644\u064a \u0644\u0644\u062a\u0635\u0645\u064a\u0645 \u0648\u0627\u0644\u062a\u0646\u0645\u064a\u0629 \u0645\u0633\u0627\u0628\u0642\u0629 \"\u0627\u0633\u062a\u0643\u0634\u0641 |\u062e\u0627\u0631\u062c \u0627\u0644\u0635\u0646\u062f\u0648\u0642\"\u060c \u0648\u0647\u064a \u0645\u0633\u0627\u0628\u0642\u0629 \u062a\u0635\u0648\u064a\u0631 \u0641\u0648\u062a\u0648\u063a\u0631\u0627\u0641\u064a \u062d\u0648\u0644 \u0642\u0636\u064a\u0629 \u0627\u062c\u062a\u0645\u0627\u0639\u064a\u0629 \u0631\u0626\u064a\u0633\u064a\u0629 \u0644\u0637\u0644\u0627\u0628 \u0645\u062f\u0627\u0631\u0633 \u0627\u0644\u062a\u0635\u0645\u064a\u0645 \u0648\u0627\u0644\u0641\u0646\u0648\u0646 \u0648\u0627\u0644\u062a\u0635\u0648\u064a\u0631 \u0627\u0644\u0641\u0648\u062a\u0648\u063a\u0631\u0627\u0641\u064a. \u064a\u0628\u062d\u062b \u0627\u0644\u0627\u062a\u062d\u0627\u062f \u0627\u0644\u062f\u0648\u0644\u064a \u0644\u0644\u062a\u0635\u0645\u064a\u0645 \u0648\u0627\u0644\u062a\u0646\u0645\u064a\u0629 \u062f\u0627\u0626\u0645\u0627\u064b \u0639\u0646 \u0637\u0631\u0642 \u0644\u0644\u062a\u0641\u0643\u064a\u0631 \u0641\u064a \u062a\u0635\u0645\u064a\u0645 \u0627\u0644\u0645\u0633\u062a\u0642\u0628\u0644\u060c \u0648\u064a\u0631\u064a\u062f \u062c\u0630\u0628 \u062e\u064a\u0627\u0644 \u062c\u064a\u0644 \u0627\u0644\u0634\u0628\u0627\u0628 \u0648\u0627\u0633\u062a\u0643\u0634\u0627\u0641 \u0627\u0644\u0645\u0633\u062a\u0642\u0628\u0644 \u0627\u0644\u0645\u062d\u062a\u0645\u0644 \u062d\u0648\u0644 \u0642\u0636\u064a\u0629 \u0627\u062c\u062a\u0645\u0627\u0639\u064a\u0629 \u0631\u0626\u064a\u0633\u064a\u0629. \u0648\u0644\u062a\u0634\u062c\u064a\u0639 \u0627\u0644\u062e\u064a\u0627\u0644 \u0648\u0627\u0644\u0625\u0628\u062f\u0627\u0639 \u0648\u0627\u0633\u062a\u0643\u0634\u0627\u0641 \u0627\u0644\u0627\u062d\u062a\u0645\u0627\u0644\u0627\u062a\u060c \u062a\u0633\u062a\u0641\u064a\u062f \u0627\u0644\u0645\u0633\u0627\u0628\u0642\u0629 \u0645\u0646 \u0641\u0643 \u0631\u0645\u0648\u0632 \u0627\u0644\u0625\u0634\u0627\u0631\u0627\u062a \u0627\u0644\u0636\u0639\u064a\u0641\u0629 \u0645\u0646 \u062e\u0644\u0627\u0644 \"\u0627\u0644\u062a\u0644\u0627\u0642\u062d\" \u0628\u064a\u0646 \u062e\u0628\u0631\u0627\u062a \u0644\u062c\u0646\u0629 \u062a\u062d\u0643\u064a\u0645 \u0627\u0646\u062a\u0642\u0627\u0626\u064a\u0629 \u0648\u0645\u062a\u0637\u0644\u0628\u0629 \u0648\u0645\u062a\u0643\u0627\u0645\u0644\u0629 (\u0645\u0635\u0645\u0645\u0648\u0646\u060c \u0639\u0644\u0645\u0627\u0621 \u0627\u062c\u062a\u0645\u0627\u0639\u060c \u0639\u0644\u0645\u0627\u0621 \u0646\u0641\u0633\u060c \u0641\u0644\u0627\u0633\u0641\u0629\u060c \u0641\u0644\u0627\u0633\u0641\u0629\u060c \u0645\u0624\u0631\u062e\u0648\u0646\u060c \u0635\u062d\u0641\u064a\u0648\u0646\u060c \u0645\u0635\u0645\u0645\u0648\u0646 \u0645\u0633\u062a\u0642\u0628\u0644\u064a\u0648\u0646\u060c \u0645\u0635\u0648\u0631\u0648\u0646\u060c \u0645\u0647\u0646\u062f\u0633\u0648\u0646 \u0645\u0639\u0645\u0627\u0631\u064a\u0648\u0646\u060c \u0625\u0644\u062e).<\/p><p>\u0623\u062e\u064a\u0631\u064b\u0627\u060c \u064a\u0644\u0639\u0628 \u0627\u0644\u0645\u0639\u0647\u062f \u0627\u0644\u0641\u0631\u0646\u0633\u064a \u0644\u0644\u062a\u0635\u0645\u064a\u0645 \u062f\u0648\u0631\u064b\u0627 \u0646\u0634\u0637\u064b\u0627 \u0641\u064a \u0627\u0644\u0634\u0631\u0627\u0643\u0629\u060c \u062d\u064a\u062b \u064a\u062a\u064a\u062d \u062e\u0628\u0631\u0627\u062a\u0647 \u0644\u0644\u0634\u0631\u0643\u0627\u062a \u0644\u062f\u0639\u0645\u0647\u0627 \u0641\u064a \u0645\u0634\u0627\u0631\u064a\u0639\u0647\u0627\u060c \u0633\u0648\u0627\u0621 \u0643\u0627\u0646 \u0630\u0644\u0643 \u064a\u0634\u0645\u0644 \u0625\u062f\u0627\u0631\u0629 \u062f\u0639\u0648\u0627\u062a \u062a\u0642\u062f\u064a\u0645 \u0627\u0644\u0639\u0637\u0627\u0621\u0627\u062a \u0623\u0648 \u0639\u0645\u0644\u064a\u0627\u062a \u0627\u0644\u062a\u062f\u0642\u064a\u0642 \u0623\u0648 \u062a\u062d\u062f\u064a\u062f \u0627\u0644\u0645\u0634\u0627\u0631\u064a\u0639.<\/p>\t\t\t\t\t\t<\/div>\n\t\t\t\t<\/div>\n\t\t\t\t<\/div>\n\t\t\t\t<\/div>\n\t\t<div class=\"elementor-element elementor-element-5e7b32bb e-flex e-con-boxed e-con e-parent\" data-id=\"5e7b32bb\" data-element_type=\"container\">\n\t\t\t\t\t<div class=\"e-con-inner\">\n\t\t\t\t\t<\/div>\n\t\t\t\t<\/div>\n\t\t<div class=\"elementor-element elementor-element-31a977d1 e-flex e-con-boxed e-con e-parent\" data-id=\"31a977d1\" data-element_type=\"container\" data-settings=\"{&quot;background_background&quot;:&quot;classic&quot;}\">\n\t\t\t\t\t<div class=\"e-con-inner\">\n\t\t\t\t<div class=\"elementor-element elementor-element-2cfa87e9 elementor-vertical-align-middle elementor-widget__width-initial elementor-widget-tablet__width-inherit elementor-widget elementor-widget-icon-box\" data-id=\"2cfa87e9\" data-element_type=\"widget\" data-widget_type=\"icon-box.default\">\n\t\t\t\t<div class=\"elementor-widget-container\">\n\t\t\t\t\t<div class=\"elementor-icon-box-wrapper\">\n\n\t\t\t\n\t\t\t\t\t\t<div class=\"elementor-icon-box-content\">\n\n\t\t\t\t\t\t\t\t\t<h2 class=\"elementor-icon-box-title\">\n\t\t\t\t\t\t<span  >\n\t\t\t\t\t\t\t\u0627\u0634\u062a\u0631\u0643 \u0641\u064a \u0646\u0634\u0631\u062a\u0646\u0627 \u0627\u0644\u0625\u062e\u0628\u0627\u0631\u064a\u0629\t\t\t\t\t\t<\/span>\n\t\t\t\t\t<\/h2>\n\t\t\t\t\n\t\t\t\t\t\t\t\t\t<p class=\"elementor-icon-box-description\">\n\t\t\t\t\t\t\u0644\u0645\u0648\u0627\u0643\u0628\u0629 \u062c\u0645\u064a\u0639 \u0623\u0646\u0634\u0637\u0629 \u0627\u0644\u0645\u0639\u0647\u062f \u0627\u0644\u0641\u0631\u0646\u0633\u064a \u0644\u0644\u062a\u0635\u0645\u064a\u0645\t\t\t\t\t<\/p>\n\t\t\t\t\n\t\t\t<\/div>\n\t\t\t\n\t\t<\/div>\n\t\t\t\t<\/div>\n\t\t\t\t<\/div>\n\t\t\t\t<div class=\"elementor-element elementor-element-2a8a3cdb elementor-widget elementor-widget-wp-widget-mc4wp_form_widget\" data-id=\"2a8a3cdb\" data-element_type=\"widget\" data-widget_type=\"wp-widget-mc4wp_form_widget.default\">\n\t\t\t\t<div class=\"elementor-widget-container\">\n\t\t\t<script>(function() {\n\twindow.mc4wp = window.mc4wp || {\n\t\tlisteners: [],\n\t\tforms: {\n\t\t\ton: function(evt, cb) {\n\t\t\t\twindow.mc4wp.listeners.push(\n\t\t\t\t\t{\n\t\t\t\t\t\tevent   : evt,\n\t\t\t\t\t\tcallback: cb\n\t\t\t\t\t}\n\t\t\t\t);\n\t\t\t}\n\t\t}\n\t}\n})();\n<\/script><!-- Mailchimp for WordPress v4.9.19 - https:\/\/wordpress.org\/plugins\/mailchimp-for-wp\/ --><form id=\"mc4wp-form-1\" class=\"mc4wp-form mc4wp-form-309\" method=\"post\" data-id=\"309\" data-name=\"inscription NL-IFD\" ><div class=\"mc4wp-form-fields\"><p>\r\n    <label><\/label>\r\n    <input type=\"text\" name=\"FNAME\" placeholder=\"\u0627\u0644\u0627\u0633\u0645 \u0627\u0644\u0623\u0648\u0644\"\r\n    required=\"\">\r\n\r\n    <label><\/label>\r\n    <input type=\"text\" name=\"LNAME\" placeholder=\"\u0627\u0644\u0627\u0633\u0645\" required=\"\">\r\n\r\n\t<label><\/label>\r\n\t\t<input type=\"email\" name=\"EMAIL\" placeholder=\"\u0628\u0631\u064a\u062f\u0643 \u0627\u0644\u0625\u0644\u0643\u062a\u0631\u0648\u0646\u064a\" required \/>\r\n\r\n<\/p>\r\n<p>\r\n\t<input type=\"submit\" value=\"\u0627\u0634\u062a\u0631\u0627\u0643\" \/>\r\n<\/p><\/div><label style=\"display: none !important;\">Leave this field empty if you're human: <input type=\"text\" name=\"_mc4wp_honeypot\" value=\"\" tabindex=\"-1\" autocomplete=\"off\" \/><\/label><input type=\"hidden\" name=\"_mc4wp_timestamp\" value=\"1776763618\" \/><input type=\"hidden\" name=\"_mc4wp_form_id\" value=\"309\" \/><input type=\"hidden\" name=\"_mc4wp_form_element_id\" value=\"mc4wp-form-1\" \/><div class=\"mc4wp-response\"><\/div><input type=\"hidden\" name=\"trp-form-language\" value=\"ar\"\/><\/form><!-- \/ Mailchimp for WordPress Plugin -->\t\t<\/div>\n\t\t\t\t<\/div>\n\t\t\t\t\t<\/div>\n\t\t\t\t<\/div>\n\t\t<div class=\"elementor-element elementor-element-39b921d e-flex e-con-boxed e-con e-parent\" data-id=\"39b921d\" data-element_type=\"container\">\n\t\t\t\t\t<div class=\"e-con-inner\">\n\t\t\t\t\t<\/div>\n\t\t\t\t<\/div>\n\t\t\t\t<\/div>","protected":false},"excerpt":{"rendered":"<p>L&rsquo;Institut R\u00e9inventer le monde par le design L&rsquo;Institut Fran\u00e7ais du Design en premi\u00e8re ligne Depuis plus de soixante-dix ans, l\u2019Institut Fran\u00e7ais du Design s\u2019impose comme un acteur incontournable de l&rsquo;innovation en France. \u00c0 la crois\u00e9e des chemins entre cr\u00e9ativit\u00e9, industrie et \u00e9thique, il accompagne entreprises, designers et jeunes talents dans la conception de solutions audacieuses, durables et centr\u00e9es sur l&rsquo;humain. V\u00e9ritable laboratoire d&rsquo;id\u00e9es, l&rsquo;Institut joue un r\u00f4le cl\u00e9 dans l\u2019\u00e9volution du design en France, tout en valorisant les produits et services de demain. Observatoire des tendances et des signaux faibles de nos soci\u00e9t\u00e9s, il est aussi le Conservatoire d\u2019un h\u00e9ritage<\/p>","protected":false},"author":1,"featured_media":0,"parent":0,"menu_order":0,"comment_status":"closed","ping_status":"closed","template":"","meta":{"footnotes":""},"class_list":["post-3540","page","type-page","status-publish","hentry"],"_links":{"self":[{"href":"https:\/\/janusdesign.org\/ar\/wp-json\/wp\/v2\/pages\/3540","targetHints":{"allow":["GET"]}}],"collection":[{"href":"https:\/\/janusdesign.org\/ar\/wp-json\/wp\/v2\/pages"}],"about":[{"href":"https:\/\/janusdesign.org\/ar\/wp-json\/wp\/v2\/types\/page"}],"author":[{"embeddable":true,"href":"https:\/\/janusdesign.org\/ar\/wp-json\/wp\/v2\/users\/1"}],"replies":[{"embeddable":true,"href":"https:\/\/janusdesign.org\/ar\/wp-json\/wp\/v2\/comments?post=3540"}],"version-history":[{"count":18,"href":"https:\/\/janusdesign.org\/ar\/wp-json\/wp\/v2\/pages\/3540\/revisions"}],"predecessor-version":[{"id":4072,"href":"https:\/\/janusdesign.org\/ar\/wp-json\/wp\/v2\/pages\/3540\/revisions\/4072"}],"wp:attachment":[{"href":"https:\/\/janusdesign.org\/ar\/wp-json\/wp\/v2\/media?parent=3540"}],"curies":[{"name":"wp","href":"https:\/\/api.w.org\/{rel}","templated":true}]}}