{"id":2763,"date":"2024-09-17T01:02:09","date_gmt":"2024-09-16T23:02:09","guid":{"rendered":"https:\/\/janusdesign.org\/ifd-staging\/?page_id=2763"},"modified":"2024-10-03T14:40:26","modified_gmt":"2024-10-03T12:40:26","slug":"les-univers-janus","status":"publish","type":"page","link":"https:\/\/janusdesign.org\/ar\/les-univers-janus\/","title":{"rendered":"Les univers Janus"},"content":{"rendered":"<div data-elementor-type=\"wp-page\" data-elementor-id=\"2763\" class=\"elementor elementor-2763\" data-elementor-post-type=\"page\">\n\t\t\t\t<div class=\"elementor-element elementor-element-42d5f9c e-con-full e-flex e-con e-parent\" data-id=\"42d5f9c\" data-element_type=\"container\">\n\t\t\t\t<div class=\"elementor-element elementor-element-2c8483a elementor-widget elementor-widget-spacer\" data-id=\"2c8483a\" data-element_type=\"widget\" data-widget_type=\"spacer.default\">\n\t\t\t\t<div class=\"elementor-widget-container\">\n\t\t\t\t\t<div class=\"elementor-spacer\">\n\t\t\t<div class=\"elementor-spacer-inner\"><\/div>\n\t\t<\/div>\n\t\t\t\t<\/div>\n\t\t\t\t<\/div>\n\t\t\t\t<div class=\"elementor-element elementor-element-317ae7f1 elementor-widget__width-initial elementor-widget-mobile__width-inherit premium-title-icon-row premium-title-color elementor-widget elementor-widget-premium-addon-title\" data-id=\"317ae7f1\" data-element_type=\"widget\" data-widget_type=\"premium-addon-title.default\">\n\t\t\t\t<div class=\"elementor-widget-container\">\n\t\t\t\n\t\t<div class=\"premium-title-container style7\">\n\t\t\t<h4 class=\"premium-title-header premium-title-style7\">\n\t\t\t\t\t\t\t\t\t\t\t\t\t\t\t<span class=\"premium-title-style7-stripe-wrap\">\n\t\t\t\t\t\t\t<span class=\"premium-title-style7-stripe\"><\/span>\n\t\t\t\t\t\t<\/span>\n\t\t\t\t\t\t\t\t\t\t<div class=\"premium-title-style7-inner\">\n\t\t\t\t\n\t\t\t\t\t\t\t\t\t\t\t\t\t\t\t\t\t\t\t\t\t\t<img decoding=\"async\" class=\"premium-title-icon\" src=\"https:\/\/janusdesign.org\/wp-content\/uploads\/2024\/09\/noun-telescope-7185524.png\" alt=\"noun-telescope-7185524\"><\/span>\n\t\t\t\t\t\t\t\t\t\t\t\t\t\t\t\n\t\t\t\t\t\t\t\t\t\t\t\t\t\t\t\t\t\t\t\t\t<span class=\"premium-title-text\" >\n\t\t\t\t\tLes univers JANUS\t\t\t\t<\/span>\n\t\t\t\t\t\n\t\t\t\t\t\t\t\t\t<\/div>\n\t\t\t\t\t\t\t\t\t\t\t<\/h4>\n\t\t<\/div>\n\n\t\t\t\t<\/div>\n\t\t\t\t<\/div>\n\t\t\t\t<\/div>\n\t\t<div class=\"elementor-element elementor-element-7d3ce33f e-con-full elementor-hidden-tablet elementor-hidden-mobile e-flex e-con e-parent\" data-id=\"7d3ce33f\" data-element_type=\"container\">\n\t\t\t\t<div class=\"elementor-element elementor-element-51704ee1 premium-nav-hor premium-nav-none premium-ham-dropdown elementor-widget elementor-widget-premium-nav-menu\" data-id=\"51704ee1\" data-element_type=\"widget\" data-settings=\"{&quot;submenu_icon&quot;:{&quot;value&quot;:&quot;fas fa-angle-down&quot;,&quot;library&quot;:&quot;fa-solid&quot;},&quot;submenu_item_icon&quot;:{&quot;value&quot;:&quot;&quot;,&quot;library&quot;:&quot;&quot;}}\" data-widget_type=\"premium-nav-menu.default\">\n\t\t\t\t<div class=\"elementor-widget-container\">\n\t\t\t\t\t\t<div data-settings=\"{&quot;breakpoint&quot;:1024,&quot;mobileLayout&quot;:&quot;dropdown&quot;,&quot;mainLayout&quot;:&quot;hor&quot;,&quot;stretchDropdown&quot;:false,&quot;hoverEffect&quot;:&quot;&quot;,&quot;submenuEvent&quot;:&quot;hover&quot;,&quot;submenuTrigger&quot;:null,&quot;closeAfterClick&quot;:false}\" class=\"premium-nav-widget-container premium-nav-pointer-none\" style=\"visibility:hidden; opacity:0;\">\r\n\t\t\t\t<div class=\"premium-ver-inner-container\">\r\n\t\t\t\t\t<div class=\"premium-hamburger-toggle premium-mobile-menu-icon\" role=\"button\" aria-label=\"\u062a\u0628\u062f\u064a\u0644 \u0627\u0644\u0642\u0627\u0626\u0645\u0629\">\r\n\t\t\t\t\t\t<span class=\"premium-toggle-text\">\r\n\t\t\t\t\t\t\t<i aria-hidden=\"true\" class=\"fas fa-bars\"><\/i>\u0642\u0627\u0626\u0645\u0629 \u0627\u0644\u0637\u0639\u0627\u0645\t\t\t\t\t\t<\/span>\r\n\t\t\t\t\t\t<span class=\"premium-toggle-close\">\r\n\t\t\t\t\t\t\t<i aria-hidden=\"true\" class=\"fas fa-times\"><\/i>\u0625\u063a\u0644\u0627\u0642\t\t\t\t\t\t<\/span>\r\n\t\t\t\t\t<\/div>\r\n\t\t\t\t\t\t\t\t\t\t\t\t<div class=\"premium-nav-menu-container premium-nav-default\">\r\n\t\t\t\t\t\t\t\t<ul id=\"menu-janus\" class=\"premium-nav-menu premium-main-nav-menu\"><li id=\"premium-nav-menu-item-3510\" class=\"menu-item menu-item-type-post_type menu-item-object-page premium-nav-menu-item\"><a href=\"https:\/\/janusdesign.org\/ar\/\u0639\u0644\u0627\u0645\u0629-\u062c\u0627\u0646\u0648\u0633\/\" class=\"premium-menu-link premium-menu-link-parent\">\u0627\u0644\u062a\u0633\u0645\u064a\u0629<\/a><\/li>\n<li id=\"premium-nav-menu-item-3509\" class=\"menu-item menu-item-type-post_type menu-item-object-page premium-nav-menu-item\"><a href=\"https:\/\/janusdesign.org\/ar\/le-jury-des-janus\/\" class=\"premium-menu-link premium-menu-link-parent\">\u0647\u064a\u0626\u0629 \u0627\u0644\u0645\u062d\u0644\u0641\u064a\u0646<\/a><\/li>\n<li id=\"premium-nav-menu-item-3511\" class=\"menu-item menu-item-type-post_type menu-item-object-page premium-nav-menu-item\"><a href=\"https:\/\/janusdesign.org\/ar\/les-univers-janus\/\" class=\"premium-menu-link premium-menu-link-parent\">\u0627\u0644\u062c\u0627\u0645\u0639\u0629<\/a><\/li>\n<li id=\"premium-nav-menu-item-3508\" class=\"menu-item menu-item-type-post_type menu-item-object-page premium-nav-menu-item\"><a href=\"https:\/\/janusdesign.org\/ar\/le-guide-du-janus\/\" class=\"premium-menu-link premium-menu-link-parent\">\u0627\u0644\u062f\u0644\u064a\u0644<\/a><\/li>\n<\/ul>\t\t\t\t\t\t\t<\/div>\r\n\t\t\t\t\t\t\t\t\t\t\t\t\t\t<div class=\"premium-mobile-menu-container\">\r\n\t\t\t\t\t\t\t\t<ul id=\"menu-janus-1\" class=\"premium-mobile-menu premium-main-mobile-menu premium-main-nav-menu\"><li id=\"premium-nav-menu-item-35101\" class=\"menu-item menu-item-type-post_type menu-item-object-page premium-nav-menu-item\"><a href=\"https:\/\/janusdesign.org\/ar\/\u0639\u0644\u0627\u0645\u0629-\u062c\u0627\u0646\u0648\u0633\/\" class=\"premium-menu-link premium-menu-link-parent\">\u0627\u0644\u062a\u0633\u0645\u064a\u0629<\/a><\/li>\n<li id=\"premium-nav-menu-item-35092\" class=\"menu-item menu-item-type-post_type menu-item-object-page premium-nav-menu-item\"><a href=\"https:\/\/janusdesign.org\/ar\/le-jury-des-janus\/\" class=\"premium-menu-link premium-menu-link-parent\">\u0647\u064a\u0626\u0629 \u0627\u0644\u0645\u062d\u0644\u0641\u064a\u0646<\/a><\/li>\n<li id=\"premium-nav-menu-item-35113\" class=\"menu-item menu-item-type-post_type menu-item-object-page premium-nav-menu-item\"><a href=\"https:\/\/janusdesign.org\/ar\/les-univers-janus\/\" class=\"premium-menu-link premium-menu-link-parent\">\u0627\u0644\u062c\u0627\u0645\u0639\u0629<\/a><\/li>\n<li id=\"premium-nav-menu-item-35084\" class=\"menu-item menu-item-type-post_type menu-item-object-page premium-nav-menu-item\"><a href=\"https:\/\/janusdesign.org\/ar\/le-guide-du-janus\/\" class=\"premium-menu-link premium-menu-link-parent\">\u0627\u0644\u062f\u0644\u064a\u0644<\/a><\/li>\n<\/ul>\t\t\t\t\t\t\t<\/div>\r\n\t\t\t\t\t\t\t\t\t\t\t<\/div>\r\n\t\t\t<\/div>\r\n\t\t\t\t<\/div>\n\t\t\t\t<\/div>\n\t\t\t\t<div class=\"elementor-element elementor-element-a90d32b elementor-widget elementor-widget-spacer\" data-id=\"a90d32b\" data-element_type=\"widget\" data-widget_type=\"spacer.default\">\n\t\t\t\t<div class=\"elementor-widget-container\">\n\t\t\t\t\t<div class=\"elementor-spacer\">\n\t\t\t<div class=\"elementor-spacer-inner\"><\/div>\n\t\t<\/div>\n\t\t\t\t<\/div>\n\t\t\t\t<\/div>\n\t\t\t\t<\/div>\n\t\t<div class=\"elementor-element elementor-element-68da8ad e-con-full e-flex e-con e-parent\" data-id=\"68da8ad\" data-element_type=\"container\">\n\t\t<div class=\"elementor-element elementor-element-0a755e2 e-con-full e-flex e-con e-child\" data-id=\"0a755e2\" data-element_type=\"container\" data-settings=\"{&quot;background_background&quot;:&quot;classic&quot;}\">\n\t\t\t\t<div class=\"elementor-element elementor-element-3775a550 elementor-widget__width-initial elementor-widget elementor-widget-image\" data-id=\"3775a550\" data-element_type=\"widget\" data-widget_type=\"image.default\">\n\t\t\t\t<div class=\"elementor-widget-container\">\n\t\t\t\t\t\t\t\t\t\t\t\t\t<img fetchpriority=\"high\" decoding=\"async\" width=\"1000\" height=\"1170\" src=\"https:\/\/janusdesign.org\/wp-content\/uploads\/2024\/09\/JANUS-blanc.png\" class=\"attachment-full size-full wp-image-1440\" alt=\"\" srcset=\"https:\/\/janusdesign.org\/wp-content\/uploads\/2024\/09\/JANUS-blanc.png 1000w, https:\/\/janusdesign.org\/wp-content\/uploads\/2024\/09\/JANUS-blanc-256x300.png 256w, https:\/\/janusdesign.org\/wp-content\/uploads\/2024\/09\/JANUS-blanc-875x1024.png 875w, https:\/\/janusdesign.org\/wp-content\/uploads\/2024\/09\/JANUS-blanc-768x899.png 768w, https:\/\/janusdesign.org\/wp-content\/uploads\/2024\/09\/JANUS-blanc-10x12.png 10w, https:\/\/janusdesign.org\/wp-content\/uploads\/2024\/09\/JANUS-blanc-60x70.png 60w\" sizes=\"(max-width: 1000px) 100vw, 1000px\" \/>\t\t\t\t\t\t\t\t\t\t\t\t\t<\/div>\n\t\t\t\t<\/div>\n\t\t\t\t<\/div>\n\t\t<div class=\"elementor-element elementor-element-0aeac0d e-con-full e-flex e-con e-child\" data-id=\"0aeac0d\" data-element_type=\"container\">\n\t\t\t\t<div class=\"elementor-element elementor-element-8f73723 animated-slow elementor-invisible elementor-widget elementor-widget-heading\" data-id=\"8f73723\" data-element_type=\"widget\" data-settings=\"{&quot;_animation&quot;:&quot;rollIn&quot;}\" data-widget_type=\"heading.default\">\n\t\t\t\t<div class=\"elementor-widget-container\">\n\t\t\t<h2 class=\"elementor-heading-title elementor-size-default\">Au plus pr\u00e8s des \u00e9volutions de la soci\u00e9t\u00e9<\/h2>\t\t<\/div>\n\t\t\t\t<\/div>\n\t\t\t\t<div class=\"elementor-element elementor-element-758e99b4 elementor-widget elementor-widget-text-editor\" data-id=\"758e99b4\" data-element_type=\"widget\" data-widget_type=\"text-editor.default\">\n\t\t\t\t<div class=\"elementor-widget-container\">\n\t\t\t\t\t\t\t<div class=\"itemHeader\"><p class=\"itemTitle\">Soucieux de rester au plus pr\u00e8s des \u00e9volutions soci\u00e9tales et parce que le citoyen est au centre d&rsquo;univers multiples, les JANUS sont d\u00e9clin\u00e9s en diff\u00e9rents univers.<\/p><\/div><div class=\"itemToolbar\"><p><strong>JANUS de l\u2019Industrie<\/strong><br \/>Le JANUS de l\u2019Industrie, label d\u00e9cern\u00e9 depuis 1953 par l\u2019Institut Fran\u00e7ais du Design, r\u00e9compense les produits industriels pens\u00e9s d\u00e8s leur conception pour apporter une valeur d\u2019usage, donc un b\u00e9n\u00e9fice r\u00e9el pour l\u2019utilisateur.<br \/>Parce que le consommateur citoyen est au centre d\u2019univers multiples, les JANUS sont d\u00e9clin\u00e9s en :<\/p><p><strong>JANUS de la Sant\u00e9<\/strong><br \/>Le JANUS de la Sant\u00e9 est d\u00e9di\u00e9 aux dispositifs m\u00e9dicaux rendant service au patient, \u00e0 la personne avec un handicap et au personnel soignant.<\/p><p><strong>JANUS de la Cit\u00e9<\/strong><br \/>Le JANUS de la Cit\u00e9 est d\u00e9di\u00e9 aux r\u00e9alisations qui am\u00e9liorent le cadre de vie des habitants et des usagers de la ville.<\/p><p><strong>JANUS du Commerce<\/strong><br \/>Le JANUS du Commerce est destin\u00e9 aux enseignes qui cherchent \u00e0 \u00ab humaniser \u00bb l\u2019acte de commerce et \u00e0 am\u00e9liorer le parcours du consommateur.<\/p><p><strong>JANUS de l&rsquo;Espace de vie<\/strong><br \/>Le JANUS de l&rsquo;Espace de vie est d\u00e9di\u00e9 aux espaces publics et priv\u00e9s con\u00e7us pour am\u00e9liorer les conditions de vie de leurs usagers. Ce JANUS peut r\u00e9compenser des d\u00e9marches de design pour des mus\u00e9es, des \u00e9coles, des h\u00f4pitaux, des h\u00f4tels, des bureaux, etc.<\/p><p><strong>JANUS du Service<\/strong><br \/>Le JANUS du Service r\u00e9compense une nouvelle sc\u00e9narisation de l\u2019interface, contribuant \u00e0 une d\u00e9mat\u00e9rialisation de l\u2019offre. Le r\u00f4le du designer de services est de faciliter les \u00e9changes, co-cr\u00e9er avec l\u2019entreprise (ma\u00eetre d\u2019ouvrage ou industriel) et mettre en forme les solutions d\u2019appropriation.<\/p><p><strong>JANUS de la Prospective<\/strong><br \/>Le JANUS de la Prospective est d\u00e9di\u00e9 aux innovations exp\u00e9rimentales qui impactent le comportement des utilisateurs, cr\u00e9e de nouveaux gestes, une nouvelle interface et une nouvelle \u00e9conomie.<\/p><p>\u00a0<\/p><p>\u00a0<\/p><p><strong>JANUS de la Mode et du Bien-\u00eatre<\/strong><br \/>Le JANUS de la Mode r\u00e9compense les collections dont les mati\u00e8res innovantes et esth\u00e9tiques marient le style au bien-\u00eatre.<\/p><p><strong>JANUS du Mobilier<\/strong><br \/>Le JANUS du Mobilier r\u00e9compense l\u2019innovation dans le secteur de l\u2019ameublement, \u00e0 condition que soient associ\u00e9s le confort d\u2019usage (ergonomie, fonctionnalit\u00e9s) et le style, pour des produits utiles et harmonieux.<\/p><p><strong>JANUS des Composants et des Mat\u00e9riaux<\/strong><br \/>Le JANUS des Composants et des Mat\u00e9riaux valorise les innovations industrielles qui offrent de nouveaux conforts, facilitent des gestes plus intuitifs et rel\u00e8vent des d\u00e9fis \u00e9cologiques.<\/p><p><strong>JANUS du Patrimoine et de l\u2019Innovation<\/strong><br \/>Le JANUS du Patrimoine et de l\u2019Innovation valorise l\u2019\u00e9volution des savoir-faire dans un esprit d\u2019ancrage territorial, favorisant le maintien de l\u2019emploi et contribuant \u00e0 la p\u00e9rennit\u00e9 de l\u2019entreprise.<\/p><p><strong>JANUS de la Marque<\/strong><br \/>Le JANUS de la Marque r\u00e9compense une strat\u00e9gie globale et la mise en oeuvre d&rsquo;un syst\u00e8me coh\u00e9rent de signes et de points de contacts avec toutes les parties prenantes (clients, salari\u00e9s, fournisseurs, prescripteurs, m\u00e9dias, influenceurs, etc.)<\/p><p><strong>JANUS du Sensoriel<\/strong><br \/>Le JANUS du Sensoriel est destin\u00e9 aux marques et r\u00e9alisations qui redonnent la primaut\u00e9 aux sens dans le parcours d&rsquo;exp\u00e9rience. Le \u00ab\u00a0E\u00a0\u00bb de l&rsquo;Emotion met en exergue le crit\u00e8re d&rsquo;irrationnalit\u00e9.<\/p><p><strong>JANUS du Savoir<\/strong><br \/>Le JANUS du Savoir est d\u00e9di\u00e9 aux r\u00e9alisations alliant, pour le plus grand nombre, innovation technologique et diffusion d\u2019un apprentissage culturel.<\/p><p><strong>JANUS du Design Civique<\/strong><br \/>Le JANUS du Design Civique va au del\u00e0 du \u00abbeau\u00bb et de \u00abl\u2019utile\u00bb, et dessine les contours d\u2019un design socialement engag\u00e9.<\/p><p><strong>JANUS de l&rsquo;Exp\u00e9rience Digitale<\/strong><br \/>Le JANUS de l\u2019Exp\u00e9rience Digitale r\u00e9compense les r\u00e9alisations dont la conception est centr\u00e9e sur l\u2019exp\u00e9rience des utilisateurs. Il anticipe leurs attentes et r\u00e9pond \u00e0 leurs besoins par une solution num\u00e9rique.<\/p><\/div>\t\t\t\t\t\t<\/div>\n\t\t\t\t<\/div>\n\t\t\t\t<\/div>\n\t\t<div class=\"elementor-element elementor-element-886a731 e-con-full e-flex e-con e-child\" data-id=\"886a731\" data-element_type=\"container\" data-settings=\"{&quot;background_background&quot;:&quot;classic&quot;}\">\n\t\t\t\t<\/div>\n\t\t<div class=\"elementor-element elementor-element-ed78dcd e-con-full e-flex e-con e-child\" data-id=\"ed78dcd\" data-element_type=\"container\">\n\t\t\t\t<\/div>\n\t\t\t\t<\/div>\n\t\t<div class=\"elementor-element elementor-element-036c8af e-flex e-con-boxed e-con e-parent\" data-id=\"036c8af\" data-element_type=\"container\">\n\t\t\t\t\t<div class=\"e-con-inner\">\n\t\t\t\t\t<\/div>\n\t\t\t\t<\/div>\n\t\t<div class=\"elementor-element elementor-element-4e493da e-flex e-con-boxed e-con e-parent\" data-id=\"4e493da\" data-element_type=\"container\" data-settings=\"{&quot;background_background&quot;:&quot;classic&quot;}\">\n\t\t\t\t\t<div class=\"e-con-inner\">\n\t\t\t\t<div class=\"elementor-element elementor-element-780ab9d7 elementor-vertical-align-middle elementor-widget__width-initial elementor-widget-tablet__width-inherit elementor-widget elementor-widget-icon-box\" data-id=\"780ab9d7\" data-element_type=\"widget\" data-widget_type=\"icon-box.default\">\n\t\t\t\t<div class=\"elementor-widget-container\">\n\t\t\t\t\t<div class=\"elementor-icon-box-wrapper\">\n\n\t\t\t\n\t\t\t\t\t\t<div class=\"elementor-icon-box-content\">\n\n\t\t\t\t\t\t\t\t\t<h2 class=\"elementor-icon-box-title\">\n\t\t\t\t\t\t<span  >\n\t\t\t\t\t\t\t\u0627\u0634\u062a\u0631\u0643 \u0641\u064a \u0646\u0634\u0631\u062a\u0646\u0627 \u0627\u0644\u0625\u062e\u0628\u0627\u0631\u064a\u0629\t\t\t\t\t\t<\/span>\n\t\t\t\t\t<\/h2>\n\t\t\t\t\n\t\t\t\t\t\t\t\t\t<p class=\"elementor-icon-box-description\">\n\t\t\t\t\t\t\u0644\u0645\u0648\u0627\u0643\u0628\u0629 \u062c\u0645\u064a\u0639 \u0623\u0646\u0634\u0637\u0629 \u0627\u0644\u0645\u0639\u0647\u062f \u0627\u0644\u0641\u0631\u0646\u0633\u064a \u0644\u0644\u062a\u0635\u0645\u064a\u0645\t\t\t\t\t<\/p>\n\t\t\t\t\n\t\t\t<\/div>\n\t\t\t\n\t\t<\/div>\n\t\t\t\t<\/div>\n\t\t\t\t<\/div>\n\t\t\t\t<div class=\"elementor-element elementor-element-214f8302 elementor-widget elementor-widget-wp-widget-mc4wp_form_widget\" data-id=\"214f8302\" data-element_type=\"widget\" data-widget_type=\"wp-widget-mc4wp_form_widget.default\">\n\t\t\t\t<div class=\"elementor-widget-container\">\n\t\t\t<script>(function() {\n\twindow.mc4wp = window.mc4wp || {\n\t\tlisteners: [],\n\t\tforms: {\n\t\t\ton: function(evt, cb) {\n\t\t\t\twindow.mc4wp.listeners.push(\n\t\t\t\t\t{\n\t\t\t\t\t\tevent   : evt,\n\t\t\t\t\t\tcallback: cb\n\t\t\t\t\t}\n\t\t\t\t);\n\t\t\t}\n\t\t}\n\t}\n})();\n<\/script><!-- Mailchimp for WordPress v4.9.19 - https:\/\/wordpress.org\/plugins\/mailchimp-for-wp\/ --><form id=\"mc4wp-form-1\" class=\"mc4wp-form mc4wp-form-309\" method=\"post\" data-id=\"309\" data-name=\"inscription NL-IFD\" ><div class=\"mc4wp-form-fields\"><p>\r\n    <label><\/label>\r\n    <input type=\"text\" name=\"FNAME\" placeholder=\"\u0627\u0644\u0627\u0633\u0645 \u0627\u0644\u0623\u0648\u0644\"\r\n    required=\"\">\r\n\r\n    <label><\/label>\r\n    <input type=\"text\" name=\"LNAME\" placeholder=\"\u0627\u0644\u0627\u0633\u0645\" required=\"\">\r\n\r\n\t<label><\/label>\r\n\t\t<input type=\"email\" name=\"EMAIL\" placeholder=\"\u0628\u0631\u064a\u062f\u0643 \u0627\u0644\u0625\u0644\u0643\u062a\u0631\u0648\u0646\u064a\" required \/>\r\n\r\n<\/p>\r\n<p>\r\n\t<input type=\"submit\" value=\"\u0627\u0634\u062a\u0631\u0627\u0643\" \/>\r\n<\/p><\/div><label style=\"display: none !important;\">Leave this field empty if you're human: <input type=\"text\" name=\"_mc4wp_honeypot\" value=\"\" tabindex=\"-1\" autocomplete=\"off\" \/><\/label><input type=\"hidden\" name=\"_mc4wp_timestamp\" value=\"1777509546\" \/><input type=\"hidden\" name=\"_mc4wp_form_id\" value=\"309\" \/><input type=\"hidden\" name=\"_mc4wp_form_element_id\" value=\"mc4wp-form-1\" \/><div class=\"mc4wp-response\"><\/div><input type=\"hidden\" name=\"trp-form-language\" value=\"ar\"\/><\/form><!-- \/ Mailchimp for WordPress Plugin -->\t\t<\/div>\n\t\t\t\t<\/div>\n\t\t\t\t\t<\/div>\n\t\t\t\t<\/div>\n\t\t<div class=\"elementor-element elementor-element-147bf64 e-flex e-con-boxed e-con e-parent\" data-id=\"147bf64\" data-element_type=\"container\">\n\t\t\t\t\t<div class=\"e-con-inner\">\n\t\t\t\t\t<\/div>\n\t\t\t\t<\/div>\n\t\t\t\t<\/div>","protected":false},"excerpt":{"rendered":"<p>Les univers JANUS Menu Fermer LABEL JURY UNIVERS GUIDE LABEL JURY UNIVERS GUIDE Au plus pr\u00e8s des \u00e9volutions de la soci\u00e9t\u00e9 Soucieux de rester au plus pr\u00e8s des \u00e9volutions soci\u00e9tales et parce que le citoyen est au centre d&rsquo;univers multiples, les JANUS sont d\u00e9clin\u00e9s en diff\u00e9rents univers. JANUS de l\u2019IndustrieLe JANUS de l\u2019Industrie, label d\u00e9cern\u00e9 depuis 1953 par l\u2019Institut Fran\u00e7ais du Design, r\u00e9compense les produits industriels pens\u00e9s d\u00e8s leur conception pour apporter une valeur d\u2019usage, donc un b\u00e9n\u00e9fice r\u00e9el pour l\u2019utilisateur.Parce que le consommateur citoyen est au centre d\u2019univers multiples, les JANUS sont d\u00e9clin\u00e9s en : JANUS de la Sant\u00e9Le<\/p>","protected":false},"author":1,"featured_media":0,"parent":0,"menu_order":0,"comment_status":"closed","ping_status":"closed","template":"","meta":{"footnotes":""},"class_list":["post-2763","page","type-page","status-publish","hentry"],"_links":{"self":[{"href":"https:\/\/janusdesign.org\/ar\/wp-json\/wp\/v2\/pages\/2763","targetHints":{"allow":["GET"]}}],"collection":[{"href":"https:\/\/janusdesign.org\/ar\/wp-json\/wp\/v2\/pages"}],"about":[{"href":"https:\/\/janusdesign.org\/ar\/wp-json\/wp\/v2\/types\/page"}],"author":[{"embeddable":true,"href":"https:\/\/janusdesign.org\/ar\/wp-json\/wp\/v2\/users\/1"}],"replies":[{"embeddable":true,"href":"https:\/\/janusdesign.org\/ar\/wp-json\/wp\/v2\/comments?post=2763"}],"version-history":[{"count":28,"href":"https:\/\/janusdesign.org\/ar\/wp-json\/wp\/v2\/pages\/2763\/revisions"}],"predecessor-version":[{"id":4085,"href":"https:\/\/janusdesign.org\/ar\/wp-json\/wp\/v2\/pages\/2763\/revisions\/4085"}],"wp:attachment":[{"href":"https:\/\/janusdesign.org\/ar\/wp-json\/wp\/v2\/media?parent=2763"}],"curies":[{"name":"wp","href":"https:\/\/api.w.org\/{rel}","templated":true}]}}